{"id":9539,"date":"2023-01-22T16:07:03","date_gmt":"2023-01-22T15:07:03","guid":{"rendered":"http:\/\/www.lespolissonsdelachanson.fr\/outil\/?page_id=9539"},"modified":"2023-10-10T09:13:05","modified_gmt":"2023-10-10T07:13:05","slug":"2022-cabaret-annees-60","status":"publish","type":"page","link":"http:\/\/www.lespolissonsdelachanson.fr\/outil\/?page_id=9539","title":{"rendered":"2022-23 Cabaret ann\u00e9es 60"},"content":{"rendered":"<p>NOVEMBRE 2022 : Salle Kercadarec &#8211; Saint-Gildas-de-Rhuys<\/p>\n<p><img loading=\"lazy\" decoding=\"async\" class=\"aligncenter wp-image-9378\" src=\"http:\/\/www.lespolissonsdelachanson.fr\/outil\/wp-content\/uploads\/2022\/03\/Affiche-1960-Novembre-22-B.jpg\" alt=\"\" width=\"585\" height=\"808\" srcset=\"http:\/\/www.lespolissonsdelachanson.fr\/outil\/wp-content\/uploads\/2022\/03\/Affiche-1960-Novembre-22-B.jpg 794w, http:\/\/www.lespolissonsdelachanson.fr\/outil\/wp-content\/uploads\/2022\/03\/Affiche-1960-Novembre-22-B-217x300.jpg 217w, http:\/\/www.lespolissonsdelachanson.fr\/outil\/wp-content\/uploads\/2022\/03\/Affiche-1960-Novembre-22-B-742x1024.jpg 742w, http:\/\/www.lespolissonsdelachanson.fr\/outil\/wp-content\/uploads\/2022\/03\/Affiche-1960-Novembre-22-B-109x150.jpg 109w, http:\/\/www.lespolissonsdelachanson.fr\/outil\/wp-content\/uploads\/2022\/03\/Affiche-1960-Novembre-22-B-768x1060.jpg 768w\" sizes=\"auto, (max-width: 585px) 100vw, 585px\" \/><\/p>\n<p><img loading=\"lazy\" decoding=\"async\" class=\"wp-image-9498 aligncenter\" src=\"http:\/\/www.lespolissonsdelachanson.fr\/outil\/wp-content\/uploads\/2022\/07\/Texte-Modif.jpg\" alt=\"\" width=\"585\" height=\"290\" srcset=\"http:\/\/www.lespolissonsdelachanson.fr\/outil\/wp-content\/uploads\/2022\/07\/Texte-Modif.jpg 1404w, http:\/\/www.lespolissonsdelachanson.fr\/outil\/wp-content\/uploads\/2022\/07\/Texte-Modif-300x149.jpg 300w, http:\/\/www.lespolissonsdelachanson.fr\/outil\/wp-content\/uploads\/2022\/07\/Texte-Modif-1024x508.jpg 1024w, http:\/\/www.lespolissonsdelachanson.fr\/outil\/wp-content\/uploads\/2022\/07\/Texte-Modif-150x74.jpg 150w, http:\/\/www.lespolissonsdelachanson.fr\/outil\/wp-content\/uploads\/2022\/07\/Texte-Modif-768x381.jpg 768w\" sizes=\"auto, (max-width: 585px) 100vw, 585px\" \/><\/p>\n<p><img loading=\"lazy\" decoding=\"async\" class=\"aligncenter wp-image-9561\" src=\"http:\/\/www.lespolissonsdelachanson.fr\/outil\/wp-content\/uploads\/2023\/01\/DSC01445-scaled.jpg\" alt=\"\" width=\"585\" height=\"390\" srcset=\"http:\/\/www.lespolissonsdelachanson.fr\/outil\/wp-content\/uploads\/2023\/01\/DSC01445-scaled.jpg 2560w, http:\/\/www.lespolissonsdelachanson.fr\/outil\/wp-content\/uploads\/2023\/01\/DSC01445-300x200.jpg 300w, http:\/\/www.lespolissonsdelachanson.fr\/outil\/wp-content\/uploads\/2023\/01\/DSC01445-1024x683.jpg 1024w, http:\/\/www.lespolissonsdelachanson.fr\/outil\/wp-content\/uploads\/2023\/01\/DSC01445-150x100.jpg 150w, http:\/\/www.lespolissonsdelachanson.fr\/outil\/wp-content\/uploads\/2023\/01\/DSC01445-768x512.jpg 768w, http:\/\/www.lespolissonsdelachanson.fr\/outil\/wp-content\/uploads\/2023\/01\/DSC01445-1536x1024.jpg 1536w, http:\/\/www.lespolissonsdelachanson.fr\/outil\/wp-content\/uploads\/2023\/01\/DSC01445-2048x1365.jpg 2048w\" sizes=\"auto, (max-width: 585px) 100vw, 585px\" \/> <img loading=\"lazy\" decoding=\"async\" class=\"aligncenter wp-image-9562\" src=\"http:\/\/www.lespolissonsdelachanson.fr\/outil\/wp-content\/uploads\/2023\/01\/DSC01459-scaled.jpg\" alt=\"\" width=\"585\" height=\"390\" srcset=\"http:\/\/www.lespolissonsdelachanson.fr\/outil\/wp-content\/uploads\/2023\/01\/DSC01459-scaled.jpg 2560w, http:\/\/www.lespolissonsdelachanson.fr\/outil\/wp-content\/uploads\/2023\/01\/DSC01459-300x200.jpg 300w, http:\/\/www.lespolissonsdelachanson.fr\/outil\/wp-content\/uploads\/2023\/01\/DSC01459-1024x683.jpg 1024w, http:\/\/www.lespolissonsdelachanson.fr\/outil\/wp-content\/uploads\/2023\/01\/DSC01459-150x100.jpg 150w, http:\/\/www.lespolissonsdelachanson.fr\/outil\/wp-content\/uploads\/2023\/01\/DSC01459-768x512.jpg 768w, http:\/\/www.lespolissonsdelachanson.fr\/outil\/wp-content\/uploads\/2023\/01\/DSC01459-1536x1024.jpg 1536w, http:\/\/www.lespolissonsdelachanson.fr\/outil\/wp-content\/uploads\/2023\/01\/DSC01459-2048x1365.jpg 2048w\" sizes=\"auto, (max-width: 585px) 100vw, 585px\" \/> <img loading=\"lazy\" decoding=\"async\" class=\"aligncenter wp-image-9568\" src=\"http:\/\/www.lespolissonsdelachanson.fr\/outil\/wp-content\/uploads\/2023\/01\/DSC01493-scaled.jpg\" alt=\"\" width=\"585\" height=\"390\" srcset=\"http:\/\/www.lespolissonsdelachanson.fr\/outil\/wp-content\/uploads\/2023\/01\/DSC01493-scaled.jpg 2560w, http:\/\/www.lespolissonsdelachanson.fr\/outil\/wp-content\/uploads\/2023\/01\/DSC01493-300x200.jpg 300w, http:\/\/www.lespolissonsdelachanson.fr\/outil\/wp-content\/uploads\/2023\/01\/DSC01493-1024x683.jpg 1024w, http:\/\/www.lespolissonsdelachanson.fr\/outil\/wp-content\/uploads\/2023\/01\/DSC01493-150x100.jpg 150w, http:\/\/www.lespolissonsdelachanson.fr\/outil\/wp-content\/uploads\/2023\/01\/DSC01493-768x512.jpg 768w, http:\/\/www.lespolissonsdelachanson.fr\/outil\/wp-content\/uploads\/2023\/01\/DSC01493-1536x1024.jpg 1536w, http:\/\/www.lespolissonsdelachanson.fr\/outil\/wp-content\/uploads\/2023\/01\/DSC01493-2048x1365.jpg 2048w\" sizes=\"auto, (max-width: 585px) 100vw, 585px\" \/> <img loading=\"lazy\" decoding=\"async\" class=\"aligncenter wp-image-9567\" src=\"http:\/\/www.lespolissonsdelachanson.fr\/outil\/wp-content\/uploads\/2023\/01\/DSC01485-scaled.jpg\" alt=\"\" width=\"585\" height=\"390\" srcset=\"http:\/\/www.lespolissonsdelachanson.fr\/outil\/wp-content\/uploads\/2023\/01\/DSC01485-scaled.jpg 2560w, http:\/\/www.lespolissonsdelachanson.fr\/outil\/wp-content\/uploads\/2023\/01\/DSC01485-300x200.jpg 300w, http:\/\/www.lespolissonsdelachanson.fr\/outil\/wp-content\/uploads\/2023\/01\/DSC01485-1024x683.jpg 1024w, http:\/\/www.lespolissonsdelachanson.fr\/outil\/wp-content\/uploads\/2023\/01\/DSC01485-150x100.jpg 150w, http:\/\/www.lespolissonsdelachanson.fr\/outil\/wp-content\/uploads\/2023\/01\/DSC01485-768x512.jpg 768w, http:\/\/www.lespolissonsdelachanson.fr\/outil\/wp-content\/uploads\/2023\/01\/DSC01485-1536x1024.jpg 1536w, http:\/\/www.lespolissonsdelachanson.fr\/outil\/wp-content\/uploads\/2023\/01\/DSC01485-2048x1365.jpg 2048w\" sizes=\"auto, (max-width: 585px) 100vw, 585px\" \/> <img loading=\"lazy\" decoding=\"async\" class=\"aligncenter wp-image-9566\" src=\"http:\/\/www.lespolissonsdelachanson.fr\/outil\/wp-content\/uploads\/2023\/01\/DSC01482-scaled.jpg\" alt=\"\" width=\"585\" height=\"390\" srcset=\"http:\/\/www.lespolissonsdelachanson.fr\/outil\/wp-content\/uploads\/2023\/01\/DSC01482-scaled.jpg 2560w, http:\/\/www.lespolissonsdelachanson.fr\/outil\/wp-content\/uploads\/2023\/01\/DSC01482-300x200.jpg 300w, http:\/\/www.lespolissonsdelachanson.fr\/outil\/wp-content\/uploads\/2023\/01\/DSC01482-1024x683.jpg 1024w, http:\/\/www.lespolissonsdelachanson.fr\/outil\/wp-content\/uploads\/2023\/01\/DSC01482-150x100.jpg 150w, http:\/\/www.lespolissonsdelachanson.fr\/outil\/wp-content\/uploads\/2023\/01\/DSC01482-768x512.jpg 768w, http:\/\/www.lespolissonsdelachanson.fr\/outil\/wp-content\/uploads\/2023\/01\/DSC01482-1536x1024.jpg 1536w, http:\/\/www.lespolissonsdelachanson.fr\/outil\/wp-content\/uploads\/2023\/01\/DSC01482-2048x1365.jpg 2048w\" sizes=\"auto, (max-width: 585px) 100vw, 585px\" \/> <img loading=\"lazy\" decoding=\"async\" class=\"aligncenter wp-image-9565\" src=\"http:\/\/www.lespolissonsdelachanson.fr\/outil\/wp-content\/uploads\/2023\/01\/DSC01480-scaled.jpg\" alt=\"\" width=\"585\" height=\"390\" srcset=\"http:\/\/www.lespolissonsdelachanson.fr\/outil\/wp-content\/uploads\/2023\/01\/DSC01480-scaled.jpg 2560w, http:\/\/www.lespolissonsdelachanson.fr\/outil\/wp-content\/uploads\/2023\/01\/DSC01480-300x200.jpg 300w, http:\/\/www.lespolissonsdelachanson.fr\/outil\/wp-content\/uploads\/2023\/01\/DSC01480-1024x683.jpg 1024w, http:\/\/www.lespolissonsdelachanson.fr\/outil\/wp-content\/uploads\/2023\/01\/DSC01480-150x100.jpg 150w, http:\/\/www.lespolissonsdelachanson.fr\/outil\/wp-content\/uploads\/2023\/01\/DSC01480-768x512.jpg 768w, http:\/\/www.lespolissonsdelachanson.fr\/outil\/wp-content\/uploads\/2023\/01\/DSC01480-1536x1024.jpg 1536w, http:\/\/www.lespolissonsdelachanson.fr\/outil\/wp-content\/uploads\/2023\/01\/DSC01480-2048x1365.jpg 2048w\" sizes=\"auto, (max-width: 585px) 100vw, 585px\" \/> <img loading=\"lazy\" decoding=\"async\" class=\"aligncenter wp-image-9564\" src=\"http:\/\/www.lespolissonsdelachanson.fr\/outil\/wp-content\/uploads\/2023\/01\/DSC01477-scaled.jpg\" alt=\"\" width=\"585\" height=\"390\" srcset=\"http:\/\/www.lespolissonsdelachanson.fr\/outil\/wp-content\/uploads\/2023\/01\/DSC01477-scaled.jpg 2560w, http:\/\/www.lespolissonsdelachanson.fr\/outil\/wp-content\/uploads\/2023\/01\/DSC01477-300x200.jpg 300w, http:\/\/www.lespolissonsdelachanson.fr\/outil\/wp-content\/uploads\/2023\/01\/DSC01477-1024x683.jpg 1024w, http:\/\/www.lespolissonsdelachanson.fr\/outil\/wp-content\/uploads\/2023\/01\/DSC01477-150x100.jpg 150w, http:\/\/www.lespolissonsdelachanson.fr\/outil\/wp-content\/uploads\/2023\/01\/DSC01477-768x512.jpg 768w, http:\/\/www.lespolissonsdelachanson.fr\/outil\/wp-content\/uploads\/2023\/01\/DSC01477-1536x1024.jpg 1536w, http:\/\/www.lespolissonsdelachanson.fr\/outil\/wp-content\/uploads\/2023\/01\/DSC01477-2048x1365.jpg 2048w\" sizes=\"auto, (max-width: 585px) 100vw, 585px\" \/> <img loading=\"lazy\" decoding=\"async\" class=\"aligncenter wp-image-9563\" src=\"http:\/\/www.lespolissonsdelachanson.fr\/outil\/wp-content\/uploads\/2023\/01\/DSC01466-scaled.jpg\" alt=\"\" width=\"585\" height=\"390\" srcset=\"http:\/\/www.lespolissonsdelachanson.fr\/outil\/wp-content\/uploads\/2023\/01\/DSC01466-scaled.jpg 2560w, http:\/\/www.lespolissonsdelachanson.fr\/outil\/wp-content\/uploads\/2023\/01\/DSC01466-300x200.jpg 300w, http:\/\/www.lespolissonsdelachanson.fr\/outil\/wp-content\/uploads\/2023\/01\/DSC01466-1024x683.jpg 1024w, http:\/\/www.lespolissonsdelachanson.fr\/outil\/wp-content\/uploads\/2023\/01\/DSC01466-150x100.jpg 150w, http:\/\/www.lespolissonsdelachanson.fr\/outil\/wp-content\/uploads\/2023\/01\/DSC01466-768x512.jpg 768w, http:\/\/www.lespolissonsdelachanson.fr\/outil\/wp-content\/uploads\/2023\/01\/DSC01466-1536x1024.jpg 1536w, http:\/\/www.lespolissonsdelachanson.fr\/outil\/wp-content\/uploads\/2023\/01\/DSC01466-2048x1365.jpg 2048w\" sizes=\"auto, (max-width: 585px) 100vw, 585px\" \/> <img loading=\"lazy\" decoding=\"async\" class=\"aligncenter wp-image-9557\" src=\"http:\/\/www.lespolissonsdelachanson.fr\/outil\/wp-content\/uploads\/2023\/01\/DSC013141-scaled.jpg\" alt=\"\" width=\"585\" height=\"390\" srcset=\"http:\/\/www.lespolissonsdelachanson.fr\/outil\/wp-content\/uploads\/2023\/01\/DSC013141-scaled.jpg 2560w, http:\/\/www.lespolissonsdelachanson.fr\/outil\/wp-content\/uploads\/2023\/01\/DSC013141-300x200.jpg 300w, http:\/\/www.lespolissonsdelachanson.fr\/outil\/wp-content\/uploads\/2023\/01\/DSC013141-1024x683.jpg 1024w, http:\/\/www.lespolissonsdelachanson.fr\/outil\/wp-content\/uploads\/2023\/01\/DSC013141-150x100.jpg 150w, http:\/\/www.lespolissonsdelachanson.fr\/outil\/wp-content\/uploads\/2023\/01\/DSC013141-768x512.jpg 768w, http:\/\/www.lespolissonsdelachanson.fr\/outil\/wp-content\/uploads\/2023\/01\/DSC013141-1536x1024.jpg 1536w, http:\/\/www.lespolissonsdelachanson.fr\/outil\/wp-content\/uploads\/2023\/01\/DSC013141-2048x1365.jpg 2048w\" sizes=\"auto, (max-width: 585px) 100vw, 585px\" \/> <img loading=\"lazy\" decoding=\"async\" class=\"aligncenter wp-image-9558\" src=\"http:\/\/www.lespolissonsdelachanson.fr\/outil\/wp-content\/uploads\/2023\/01\/DSC01331-scaled.jpg\" alt=\"\" width=\"585\" height=\"390\"> <img loading=\"lazy\" decoding=\"async\" class=\"aligncenter wp-image-9559\" src=\"http:\/\/www.lespolissonsdelachanson.fr\/outil\/wp-content\/uploads\/2023\/01\/DSC013481-scaled.jpg\" alt=\"\" width=\"585\" height=\"390\" srcset=\"http:\/\/www.lespolissonsdelachanson.fr\/outil\/wp-content\/uploads\/2023\/01\/DSC013481-scaled.jpg 2560w, http:\/\/www.lespolissonsdelachanson.fr\/outil\/wp-content\/uploads\/2023\/01\/DSC013481-300x200.jpg 300w, http:\/\/www.lespolissonsdelachanson.fr\/outil\/wp-content\/uploads\/2023\/01\/DSC013481-1024x683.jpg 1024w, http:\/\/www.lespolissonsdelachanson.fr\/outil\/wp-content\/uploads\/2023\/01\/DSC013481-150x100.jpg 150w, http:\/\/www.lespolissonsdelachanson.fr\/outil\/wp-content\/uploads\/2023\/01\/DSC013481-768x512.jpg 768w, http:\/\/www.lespolissonsdelachanson.fr\/outil\/wp-content\/uploads\/2023\/01\/DSC013481-1536x1024.jpg 1536w, http:\/\/www.lespolissonsdelachanson.fr\/outil\/wp-content\/uploads\/2023\/01\/DSC013481-2048x1365.jpg 2048w\" sizes=\"auto, (max-width: 585px) 100vw, 585px\" \/> <img loading=\"lazy\" decoding=\"async\" class=\"aligncenter wp-image-9560\" src=\"http:\/\/www.lespolissonsdelachanson.fr\/outil\/wp-content\/uploads\/2023\/01\/DSC01425-scaled.jpg\" alt=\"\" width=\"585\" height=\"390\" srcset=\"http:\/\/www.lespolissonsdelachanson.fr\/outil\/wp-content\/uploads\/2023\/01\/DSC01425-scaled.jpg 2560w, http:\/\/www.lespolissonsdelachanson.fr\/outil\/wp-content\/uploads\/2023\/01\/DSC01425-300x200.jpg 300w, http:\/\/www.lespolissonsdelachanson.fr\/outil\/wp-content\/uploads\/2023\/01\/DSC01425-1024x683.jpg 1024w, http:\/\/www.lespolissonsdelachanson.fr\/outil\/wp-content\/uploads\/2023\/01\/DSC01425-150x100.jpg 150w, http:\/\/www.lespolissonsdelachanson.fr\/outil\/wp-content\/uploads\/2023\/01\/DSC01425-768x512.jpg 768w, http:\/\/www.lespolissonsdelachanson.fr\/outil\/wp-content\/uploads\/2023\/01\/DSC01425-1536x1024.jpg 1536w, http:\/\/www.lespolissonsdelachanson.fr\/outil\/wp-content\/uploads\/2023\/01\/DSC01425-2048x1365.jpg 2048w\" sizes=\"auto, (max-width: 585px) 100vw, 585px\" \/><\/p>\n<p>Cliquez sur les vid\u00e9os :<\/p>\n<span class=\"vvqbox vvqyoutube\" style=\"width:425px;height:344px;\"><span id=\"vvq-9539-youtube-1\"><a href=\"http:\/\/www.youtube.com\/watch?v=iYfusPMe-XE\"><img decoding=\"async\" src=\"http:\/\/img.youtube.com\/vi\/iYfusPMe-XE\/0.jpg\" alt=\"Image de pr\u00e9visualisation YouTube\" \/><\/a><\/span><\/span>\n<span class=\"vvqbox vvqyoutube\" style=\"width:425px;height:344px;\"><span id=\"vvq-9539-youtube-2\"><a href=\"http:\/\/www.youtube.com\/watch?v=fWl-qnaXkZg\"><img decoding=\"async\" src=\"http:\/\/img.youtube.com\/vi\/fWl-qnaXkZg\/0.jpg\" alt=\"Image de pr\u00e9visualisation YouTube\" \/><\/a><\/span><\/span>\n<h2 style=\"text-align: center;\"><em>LE COIN PRESSE<\/em><\/h2>\n<p>Le T\u00e9l\u00e9gramme, le 29 novembre 2022<\/p>\n<h1 class=\"article__header__title\">\u00c0 Saint-Gildas-de-Rhuys, 420 spectateurs sont venus pour le spectacle des Poly\u2019sons de Rhuys<\/h1>\n<p><img loading=\"lazy\" decoding=\"async\" class=\"aligncenter wp-image-9548\" src=\"http:\/\/www.lespolissonsdelachanson.fr\/outil\/wp-content\/uploads\/2023\/01\/Capture-decran-2023-01-22-a-16.19.59.png\" alt=\"\" width=\"585\" height=\"402\" srcset=\"http:\/\/www.lespolissonsdelachanson.fr\/outil\/wp-content\/uploads\/2023\/01\/Capture-decran-2023-01-22-a-16.19.59.png 2000w, http:\/\/www.lespolissonsdelachanson.fr\/outil\/wp-content\/uploads\/2023\/01\/Capture-decran-2023-01-22-a-16.19.59-300x206.png 300w, http:\/\/www.lespolissonsdelachanson.fr\/outil\/wp-content\/uploads\/2023\/01\/Capture-decran-2023-01-22-a-16.19.59-1024x703.png 1024w, http:\/\/www.lespolissonsdelachanson.fr\/outil\/wp-content\/uploads\/2023\/01\/Capture-decran-2023-01-22-a-16.19.59-150x103.png 150w, http:\/\/www.lespolissonsdelachanson.fr\/outil\/wp-content\/uploads\/2023\/01\/Capture-decran-2023-01-22-a-16.19.59-768x528.png 768w, http:\/\/www.lespolissonsdelachanson.fr\/outil\/wp-content\/uploads\/2023\/01\/Capture-decran-2023-01-22-a-16.19.59-1536x1055.png 1536w\" sizes=\"auto, (max-width: 585px) 100vw, 585px\" \/><\/p>\n<p>La section Cabaret des Poly\u2019sons de Rhuys a remport\u00e9 un v\u00e9ritable triomphe pour ses trois repr\u00e9sentations du vendredi 25, samedi 26 et dimanche 27 novembre. Plus de 400 personnes dans la salle Kercaradec de Saint-Gildas-de-Rhuys ont pu d\u00e9couvrir ou red\u00e9couvrir les standards des ann\u00e9es 60 interpr\u00e9t\u00e9s par les choristes de l\u2019association sous la direction musicale de Mich\u00e8le, Malou et Mireille, les coachs du groupe.<\/p>\n<p>Le prochain spectacle se d\u00e9roulera les 11 et 12 mars, salle Pierre-Derennes au Tour du Parc.<\/p>\n<p style=\"text-align: center;\">&#8212;&#8212;&#8212;&#8212;&#8212;&#8212;&#8212;&#8211;<\/p>\n<p>Ouest-France, le 17 novembre 2022<\/p>\n<h1 class=\"titre \">Saint-Gildas-de-Rhuys. Les Poly\u2019sons de Rhuys font revivre les ann\u00e9es 1960<\/h1>\n<p><img loading=\"lazy\" decoding=\"async\" class=\"aligncenter wp-image-9546\" src=\"http:\/\/www.lespolissonsdelachanson.fr\/outil\/wp-content\/uploads\/2023\/01\/Capture-decran-2023-01-22-a-16.14.15.png\" alt=\"\" width=\"585\" height=\"282\" srcset=\"http:\/\/www.lespolissonsdelachanson.fr\/outil\/wp-content\/uploads\/2023\/01\/Capture-decran-2023-01-22-a-16.14.15.png 2550w, http:\/\/www.lespolissonsdelachanson.fr\/outil\/wp-content\/uploads\/2023\/01\/Capture-decran-2023-01-22-a-16.14.15-300x144.png 300w, http:\/\/www.lespolissonsdelachanson.fr\/outil\/wp-content\/uploads\/2023\/01\/Capture-decran-2023-01-22-a-16.14.15-1024x493.png 1024w, http:\/\/www.lespolissonsdelachanson.fr\/outil\/wp-content\/uploads\/2023\/01\/Capture-decran-2023-01-22-a-16.14.15-150x72.png 150w, http:\/\/www.lespolissonsdelachanson.fr\/outil\/wp-content\/uploads\/2023\/01\/Capture-decran-2023-01-22-a-16.14.15-768x370.png 768w, http:\/\/www.lespolissonsdelachanson.fr\/outil\/wp-content\/uploads\/2023\/01\/Capture-decran-2023-01-22-a-16.14.15-1536x740.png 1536w, http:\/\/www.lespolissonsdelachanson.fr\/outil\/wp-content\/uploads\/2023\/01\/Capture-decran-2023-01-22-a-16.14.15-2048x986.png 2048w\" sizes=\"auto, (max-width: 585px) 100vw, 585px\" \/><\/p>\n<p>Le prochain spectacle de la troupe du cabaret des Poly\u2019sons de Rhuys revisitera le r\u00e9pertoire des ann\u00e9es 1960. Au programme, pr\u00e8s de 30 chansons interpr\u00e9t\u00e9es en chorale, en trios, en duos et en solos. On y retrouvera les standards de l\u2019\u00e9poque, comme <em>Paris s\u2019\u00e9veille<\/em> de Jacques Dutronc, <em>A bicyclette<\/em> d\u2019Yves Montand, <em>Je reviens te chercher<\/em> de Gilbert B\u00e9caud ou encore <em>Les \u00e9lucubrations<\/em> d\u2019Antoine, <em>Wight is Wight<\/em> de Michel Delpech, <em>Le Jazz et le Java<\/em> de Claude Nougaro\u2026<\/p>\n<p>Dirig\u00e9e par Mireille Verbigui\u00e9, la troupe est compos\u00e9e de sept chanteuses, de trois chanteurs et de Florent Hellard, musicien multi-instrumentiste, qui g\u00e8re \u00e9galement les ambiances sonores du r\u00e9cital. Mis en sc\u00e8ne par Malou, Mireille et Mich\u00e8le, la coach musicale, ce spectacle fait l\u2019objet de nombreuses r\u00e9p\u00e9titions qui ont lieu le mardi apr\u00e8s-midi, tous les quinze jours, et qui se poursuivront jusqu\u2019\u00e0 la premi\u00e8re date.<\/p>\n<p>Vendredi&nbsp;25 et samedi 26&nbsp;novembre, \u00e0 20&nbsp;h&nbsp;30&nbsp;; <strong class=\"date\">dimanche&nbsp;27,<\/strong> \u00e0 15&nbsp;h, salle Kercaradec. Tarifs&nbsp;: 10&nbsp;\u20ac ou 5&nbsp;\u20ac. Vente des billets dans les offices de tourisme et sur place. R\u00e9servations&nbsp;: lespolysonsderhuys@free.fr ou 06&nbsp;51&nbsp;40&nbsp;36&nbsp;40.<\/p>\n<p>MARS 2023 : Espace Pierre Derennes &#8211; LE TOUR DU PARC<\/p>\n<p><img loading=\"lazy\" decoding=\"async\" class=\"aligncenter size-full wp-image-10617\" src=\"http:\/\/www.lespolissonsdelachanson.fr\/outil\/wp-content\/uploads\/2023\/02\/Capture-decran-2023-02-19-a-21.02.34.png\" alt=\"\" width=\"856\" height=\"1182\" srcset=\"http:\/\/www.lespolissonsdelachanson.fr\/outil\/wp-content\/uploads\/2023\/02\/Capture-decran-2023-02-19-a-21.02.34.png 856w, http:\/\/www.lespolissonsdelachanson.fr\/outil\/wp-content\/uploads\/2023\/02\/Capture-decran-2023-02-19-a-21.02.34-217x300.png 217w, http:\/\/www.lespolissonsdelachanson.fr\/outil\/wp-content\/uploads\/2023\/02\/Capture-decran-2023-02-19-a-21.02.34-742x1024.png 742w, http:\/\/www.lespolissonsdelachanson.fr\/outil\/wp-content\/uploads\/2023\/02\/Capture-decran-2023-02-19-a-21.02.34-109x150.png 109w, http:\/\/www.lespolissonsdelachanson.fr\/outil\/wp-content\/uploads\/2023\/02\/Capture-decran-2023-02-19-a-21.02.34-768x1060.png 768w\" sizes=\"auto, (max-width: 767px) 89vw, (max-width: 1000px) 54vw, (max-width: 1071px) 543px, 580px\" \/><\/p>\n","protected":false},"excerpt":{"rendered":"<p>NOVEMBRE 2022 : Salle Kercadarec &#8211; Saint-Gildas-de-Rhuys Cliquez sur les vid\u00e9os : LE COIN PRESSE Le T\u00e9l\u00e9gramme, le 29 novembre 2022 \u00c0 Saint-Gildas-de-Rhuys, 420 spectateurs sont venus pour le spectacle des Poly\u2019sons de Rhuys La section Cabaret des Poly\u2019sons de Rhuys a remport\u00e9 un v\u00e9ritable triomphe pour ses trois repr\u00e9sentations du vendredi 25, samedi 26 &hellip; <\/p>\n<p class=\"link-more\"><a href=\"http:\/\/www.lespolissonsdelachanson.fr\/outil\/?page_id=9539\" class=\"more-link\">Continuer la lecture<span class=\"screen-reader-text\"> de &laquo;&nbsp;2022-23 Cabaret ann\u00e9es 60&nbsp;&raquo;<\/span><\/a><\/p>\n","protected":false},"author":3,"featured_media":0,"parent":9937,"menu_order":5,"comment_status":"closed","ping_status":"closed","template":"","meta":{"ngg_post_thumbnail":0,"footnotes":""},"class_list":["post-9539","page","type-page","status-publish","hentry"],"_links":{"self":[{"href":"http:\/\/www.lespolissonsdelachanson.fr\/outil\/index.php?rest_route=\/wp\/v2\/pages\/9539","targetHints":{"allow":["GET"]}}],"collection":[{"href":"http:\/\/www.lespolissonsdelachanson.fr\/outil\/index.php?rest_route=\/wp\/v2\/pages"}],"about":[{"href":"http:\/\/www.lespolissonsdelachanson.fr\/outil\/index.php?rest_route=\/wp\/v2\/types\/page"}],"author":[{"embeddable":true,"href":"http:\/\/www.lespolissonsdelachanson.fr\/outil\/index.php?rest_route=\/wp\/v2\/users\/3"}],"replies":[{"embeddable":true,"href":"http:\/\/www.lespolissonsdelachanson.fr\/outil\/index.php?rest_route=%2Fwp%2Fv2%2Fcomments&post=9539"}],"version-history":[{"count":15,"href":"http:\/\/www.lespolissonsdelachanson.fr\/outil\/index.php?rest_route=\/wp\/v2\/pages\/9539\/revisions"}],"predecessor-version":[{"id":10764,"href":"http:\/\/www.lespolissonsdelachanson.fr\/outil\/index.php?rest_route=\/wp\/v2\/pages\/9539\/revisions\/10764"}],"up":[{"embeddable":true,"href":"http:\/\/www.lespolissonsdelachanson.fr\/outil\/index.php?rest_route=\/wp\/v2\/pages\/9937"}],"wp:attachment":[{"href":"http:\/\/www.lespolissonsdelachanson.fr\/outil\/index.php?rest_route=%2Fwp%2Fv2%2Fmedia&parent=9539"}],"curies":[{"name":"wp","href":"https:\/\/api.w.org\/{rel}","templated":true}]}}