{"id":9337,"date":"2021-11-30T16:52:24","date_gmt":"2021-11-30T15:52:24","guid":{"rendered":"http:\/\/www.lespolissonsdelachanson.fr\/outil\/?page_id=9337"},"modified":"2023-01-30T17:54:05","modified_gmt":"2023-01-30T16:54:05","slug":"2021-chantons-travaillant","status":"publish","type":"page","link":"http:\/\/www.lespolissonsdelachanson.fr\/outil\/?page_id=9337","title":{"rendered":"2021 Cabaret Chantons en travaillant"},"content":{"rendered":"<p><img loading=\"lazy\" decoding=\"async\" class=\"aligncenter wp-image-9277\" src=\"http:\/\/www.lespolissonsdelachanson.fr\/outil\/wp-content\/uploads\/2021\/06\/Affiche-Metiers-ORANGE-Novembre-21.jpg\" alt=\"\" width=\"585\" height=\"808\" srcset=\"http:\/\/www.lespolissonsdelachanson.fr\/outil\/wp-content\/uploads\/2021\/06\/Affiche-Metiers-ORANGE-Novembre-21.jpg 794w, http:\/\/www.lespolissonsdelachanson.fr\/outil\/wp-content\/uploads\/2021\/06\/Affiche-Metiers-ORANGE-Novembre-21-217x300.jpg 217w, http:\/\/www.lespolissonsdelachanson.fr\/outil\/wp-content\/uploads\/2021\/06\/Affiche-Metiers-ORANGE-Novembre-21-742x1024.jpg 742w, http:\/\/www.lespolissonsdelachanson.fr\/outil\/wp-content\/uploads\/2021\/06\/Affiche-Metiers-ORANGE-Novembre-21-109x150.jpg 109w, http:\/\/www.lespolissonsdelachanson.fr\/outil\/wp-content\/uploads\/2021\/06\/Affiche-Metiers-ORANGE-Novembre-21-768x1060.jpg 768w\" sizes=\"auto, (max-width: 585px) 100vw, 585px\" \/><\/p>\n<p><img loading=\"lazy\" decoding=\"async\" class=\"aligncenter wp-image-9343\" src=\"http:\/\/www.lespolissonsdelachanson.fr\/outil\/wp-content\/uploads\/2021\/11\/Programme-cabaret-Novembre-2021-St-Gildas.jpg\" alt=\"\" width=\"587\" height=\"415\" srcset=\"http:\/\/www.lespolissonsdelachanson.fr\/outil\/wp-content\/uploads\/2021\/11\/Programme-cabaret-Novembre-2021-St-Gildas.jpg 1123w, http:\/\/www.lespolissonsdelachanson.fr\/outil\/wp-content\/uploads\/2021\/11\/Programme-cabaret-Novembre-2021-St-Gildas-300x212.jpg 300w, http:\/\/www.lespolissonsdelachanson.fr\/outil\/wp-content\/uploads\/2021\/11\/Programme-cabaret-Novembre-2021-St-Gildas-1024x724.jpg 1024w, http:\/\/www.lespolissonsdelachanson.fr\/outil\/wp-content\/uploads\/2021\/11\/Programme-cabaret-Novembre-2021-St-Gildas-150x106.jpg 150w, http:\/\/www.lespolissonsdelachanson.fr\/outil\/wp-content\/uploads\/2021\/11\/Programme-cabaret-Novembre-2021-St-Gildas-768x543.jpg 768w\" sizes=\"auto, (max-width: 587px) 100vw, 587px\" \/><\/p>\n<p>&nbsp;<\/p>\n<p><img loading=\"lazy\" decoding=\"async\" class=\"wp-image-9362 aligncenter\" src=\"http:\/\/www.lespolissonsdelachanson.fr\/outil\/wp-content\/uploads\/2021\/11\/2021-11-20-Chantons-en-travaillant-11111095b-.jpg\" alt=\"\" width=\"585\" height=\"390\" srcset=\"http:\/\/www.lespolissonsdelachanson.fr\/outil\/wp-content\/uploads\/2021\/11\/2021-11-20-Chantons-en-travaillant-11111095b-.jpg 1024w, http:\/\/www.lespolissonsdelachanson.fr\/outil\/wp-content\/uploads\/2021\/11\/2021-11-20-Chantons-en-travaillant-11111095b--300x200.jpg 300w, http:\/\/www.lespolissonsdelachanson.fr\/outil\/wp-content\/uploads\/2021\/11\/2021-11-20-Chantons-en-travaillant-11111095b--150x100.jpg 150w, http:\/\/www.lespolissonsdelachanson.fr\/outil\/wp-content\/uploads\/2021\/11\/2021-11-20-Chantons-en-travaillant-11111095b--768x512.jpg 768w\" sizes=\"auto, (max-width: 585px) 100vw, 585px\" \/><\/p>\n<p>&nbsp;<\/p>\n<p><img loading=\"lazy\" decoding=\"async\" class=\"wp-image-9356 aligncenter\" src=\"http:\/\/www.lespolissonsdelachanson.fr\/outil\/wp-content\/uploads\/2021\/11\/2021-11-20-Chantons-en-travaillant-11111056b-.jpg\" alt=\"\" width=\"586\" height=\"366\" srcset=\"http:\/\/www.lespolissonsdelachanson.fr\/outil\/wp-content\/uploads\/2021\/11\/2021-11-20-Chantons-en-travaillant-11111056b-.jpg 1024w, http:\/\/www.lespolissonsdelachanson.fr\/outil\/wp-content\/uploads\/2021\/11\/2021-11-20-Chantons-en-travaillant-11111056b--300x188.jpg 300w, http:\/\/www.lespolissonsdelachanson.fr\/outil\/wp-content\/uploads\/2021\/11\/2021-11-20-Chantons-en-travaillant-11111056b--150x94.jpg 150w, http:\/\/www.lespolissonsdelachanson.fr\/outil\/wp-content\/uploads\/2021\/11\/2021-11-20-Chantons-en-travaillant-11111056b--768x480.jpg 768w\" sizes=\"auto, (max-width: 586px) 100vw, 586px\" \/><\/p>\n<p><img loading=\"lazy\" decoding=\"async\" class=\"aligncenter wp-image-9358\" src=\"http:\/\/www.lespolissonsdelachanson.fr\/outil\/wp-content\/uploads\/2021\/11\/IMG_3810.jpg\" alt=\"\" width=\"585\" height=\"390\" srcset=\"http:\/\/www.lespolissonsdelachanson.fr\/outil\/wp-content\/uploads\/2021\/11\/IMG_3810.jpg 1024w, http:\/\/www.lespolissonsdelachanson.fr\/outil\/wp-content\/uploads\/2021\/11\/IMG_3810-300x200.jpg 300w, http:\/\/www.lespolissonsdelachanson.fr\/outil\/wp-content\/uploads\/2021\/11\/IMG_3810-150x100.jpg 150w, http:\/\/www.lespolissonsdelachanson.fr\/outil\/wp-content\/uploads\/2021\/11\/IMG_3810-768x512.jpg 768w\" sizes=\"auto, (max-width: 585px) 100vw, 585px\" \/><\/p>\n<h3 style=\"text-align: center;\"><em><strong>LE COIN PRESSE<\/strong><\/em><\/h3>\n<header class=\"article__header non-paywall\">\n<h1 class=\"article__header__title\">\u00c0 Saint-Gildas de Rhuys, \u00ab&nbsp;Chantons en travaillant&nbsp;\u00bb jou\u00e9 les 19, 20 et 21&nbsp;novembre salle Kercaradec<\/h1>\n<p><span class=\"article__header__date\">Le T\u00e9l\u00e9gramme, Publi\u00e9 le 14 novembre 2021 \u00e0 11h46<\/span><\/header>\n<p><main class=\"article__main\"><\/p>\n<figure class=\"article__main__figure non-paywall\"><img decoding=\"async\" class=\"article__main__img\" title=\"\" src=\"https:\/\/www.letelegramme.fr\/images\/2021\/11\/14\/les-chanteurs-et-musiciens-de-la-section-cabaret-des-poly_6001792_676x449p.jpg\" alt=\"Les chanteurs et musiciens de la section cabaret des Poly 'sons de Rhuys en r\u00e9p\u00e9tition, salle Kercaradec.\"><figcaption class=\"article__main__figcaption\">Les chanteurs et musiciens de la section cabaret des Poly &lsquo;sons de Rhuys en r\u00e9p\u00e9tition, salle Kercaradec.<\/figcaption><\/figure>\n<div class=\"article__main__wrapper\">\n<div class=\"article__wrapper__content\">\n<div class=\"article__content noscript paywall\" data-poool=\"55\" data-poool-mode=\"hide\">\n<p>Les Poly\u2019sons de Rhuys, section cabaret, pr\u00e9parent pour vendredi&nbsp;19, samedi&nbsp;20, \u00e0 20&nbsp;h&nbsp;30, et dimanche 21&nbsp;novembre, \u00e0 15&nbsp;h, salle Kercaradec, \u00e0 Saint-Gildas-de-Rhuys&nbsp;: \u00ab&nbsp;Chantons en travaillant&nbsp;\u00bb.<\/p>\n<p>C\u2019est en nettoyant le vestiaire d\u2019un th\u00e9\u00e2tre que les chanteurs vont avoir la surprise de r\u00e9veiller des fant\u00f4mes qui vont \u00e9voquer diff\u00e9rents m\u00e9tiers pass\u00e9s ou actuels. Vous pourrez les reconna\u00eetre \u00e0 travers des chansons rendues c\u00e9l\u00e8bres par Edith Piaf, Marie-Paule Bell, Fabienne Thibault, Jean Ferrat, Henri Salvador, Pierre Perret&nbsp;etc.<\/p>\n<hr>\n<h2 class=\"titre-note\"><span style=\"font-size: 1.5rem;\">Saint-Gildas-de-Rhuys. Les Poly\u2019sons chantent en travaillant au cabaret<\/span><\/h2>\n<\/div>\n<\/div>\n<\/div>\n<p><\/main>Ouest-France, Publi\u00e9 le <time class=\"meta-time\" datetime=\"2021-11-15T05:08:59+01:00\">15\/11\/2021 <span class=\"heure\">\u00e0 05h08<\/span><\/time><\/p>\n<p><img loading=\"lazy\" decoding=\"async\" class=\"aligncenter wp-image-10345 size-large\" src=\"http:\/\/www.lespolissonsdelachanson.fr\/outil\/wp-content\/uploads\/2023\/01\/Capture-decran-2023-01-30-a-17.50.46-1024x649.png\" alt=\"\" width=\"525\" height=\"333\" srcset=\"http:\/\/www.lespolissonsdelachanson.fr\/outil\/wp-content\/uploads\/2023\/01\/Capture-decran-2023-01-30-a-17.50.46-1024x649.png 1024w, http:\/\/www.lespolissonsdelachanson.fr\/outil\/wp-content\/uploads\/2023\/01\/Capture-decran-2023-01-30-a-17.50.46-300x190.png 300w, http:\/\/www.lespolissonsdelachanson.fr\/outil\/wp-content\/uploads\/2023\/01\/Capture-decran-2023-01-30-a-17.50.46-150x95.png 150w, http:\/\/www.lespolissonsdelachanson.fr\/outil\/wp-content\/uploads\/2023\/01\/Capture-decran-2023-01-30-a-17.50.46-768x487.png 768w, http:\/\/www.lespolissonsdelachanson.fr\/outil\/wp-content\/uploads\/2023\/01\/Capture-decran-2023-01-30-a-17.50.46-1536x974.png 1536w, http:\/\/www.lespolissonsdelachanson.fr\/outil\/wp-content\/uploads\/2023\/01\/Capture-decran-2023-01-30-a-17.50.46.png 1892w\" sizes=\"auto, (max-width: 525px) 100vw, 525px\" \/><\/p>\n<p>Apr\u00e8s la com\u00e9die musicale en hommage \u00e0 Alain Barri\u00e8re, c\u2019est l\u2019atelier cabaret de l\u2019association Poly\u2019sons qui monte sur sc\u00e8ne. Des chansons en solo, duo ou ch\u0153urs sont mises en sc\u00e8ne autour d\u2019une th\u00e9matique choisie de concert. <strong>\u00ab&nbsp;On propose un spectacle gai et on y travaille&nbsp;!<\/strong> se r\u00e9jouissent Marie-Claude Borges et Mireille Verbigui\u00e9, les metteuses en sc\u00e8ne. <strong>A partir du th\u00e8me, chacun choisit une chanson qui lui pla\u00eet en tenant compte des autres, puis nous montons le spectacle \u00e0 partir de cette mati\u00e8re.&nbsp;\u00bb<\/strong><\/p>\n<p>Cette ann\u00e9e, les m\u00e9tiers sont \u00e0 l\u2019honneur. En nettoyant un vestiaire de th\u00e9\u00e2tre, les chanteurs vont avoir la surprise de r\u00e9veiller des fant\u00f4mes\u2026 Ce spectacle, intitul\u00e9 <em>Chantons en travaillant<\/em>, aborde plusieurs styles musicaux&nbsp;: de <em>Blanche-Neige<\/em> \u00e0 <em>Starmania<\/em>, en passant par l\u2019op\u00e9rette&nbsp;! La troupe amateure est compos\u00e9e de neuf chanteurs, deux musiciens et deux techniciens <q>&nbsp;qui sont tr\u00e8s importants. Ils s\u2019occupent des lumi\u00e8res, du son et de la projection des vid\u00e9os&nbsp;<\/q>.<\/p>\n<p>Vendredi&nbsp;19 et samedi 20&nbsp;novembre, \u00e0 20&nbsp;h&nbsp;30&nbsp;; <strong class=\"date\">dimanche&nbsp;21,<\/strong> \u00e0 15&nbsp;h, salle Kercaradec. Billets&nbsp;: office de tourisme et entr\u00e9e du spectacle. R\u00e9servations&nbsp;: lespolysonsderhuys@free.fr ou 06&nbsp;51&nbsp;40&nbsp;36&nbsp;40.<\/p>\n<hr>\n<p><img loading=\"lazy\" decoding=\"async\" class=\"wp-image-9351 aligncenter\" src=\"http:\/\/www.lespolissonsdelachanson.fr\/outil\/wp-content\/uploads\/2021\/11\/Le-Telegramme-01.jpg\" alt=\"\" width=\"584\" height=\"635\" srcset=\"http:\/\/www.lespolissonsdelachanson.fr\/outil\/wp-content\/uploads\/2021\/11\/Le-Telegramme-01.jpg 2329w, http:\/\/www.lespolissonsdelachanson.fr\/outil\/wp-content\/uploads\/2021\/11\/Le-Telegramme-01-276x300.jpg 276w, http:\/\/www.lespolissonsdelachanson.fr\/outil\/wp-content\/uploads\/2021\/11\/Le-Telegramme-01-942x1024.jpg 942w, http:\/\/www.lespolissonsdelachanson.fr\/outil\/wp-content\/uploads\/2021\/11\/Le-Telegramme-01-138x150.jpg 138w, http:\/\/www.lespolissonsdelachanson.fr\/outil\/wp-content\/uploads\/2021\/11\/Le-Telegramme-01-768x835.jpg 768w, http:\/\/www.lespolissonsdelachanson.fr\/outil\/wp-content\/uploads\/2021\/11\/Le-Telegramme-01-1412x1536.jpg 1412w, http:\/\/www.lespolissonsdelachanson.fr\/outil\/wp-content\/uploads\/2021\/11\/Le-Telegramme-01-1883x2048.jpg 1883w\" sizes=\"auto, (max-width: 584px) 100vw, 584px\" \/><\/p>\n<p><img loading=\"lazy\" decoding=\"async\" class=\" wp-image-9353\" src=\"http:\/\/www.lespolissonsdelachanson.fr\/outil\/wp-content\/uploads\/2021\/11\/Ouest-France-01.jpg\" alt=\"\" width=\"585\" height=\"602\" srcset=\"http:\/\/www.lespolissonsdelachanson.fr\/outil\/wp-content\/uploads\/2021\/11\/Ouest-France-01.jpg 2130w, http:\/\/www.lespolissonsdelachanson.fr\/outil\/wp-content\/uploads\/2021\/11\/Ouest-France-01-292x300.jpg 292w, http:\/\/www.lespolissonsdelachanson.fr\/outil\/wp-content\/uploads\/2021\/11\/Ouest-France-01-995x1024.jpg 995w, http:\/\/www.lespolissonsdelachanson.fr\/outil\/wp-content\/uploads\/2021\/11\/Ouest-France-01-146x150.jpg 146w, http:\/\/www.lespolissonsdelachanson.fr\/outil\/wp-content\/uploads\/2021\/11\/Ouest-France-01-768x790.jpg 768w, http:\/\/www.lespolissonsdelachanson.fr\/outil\/wp-content\/uploads\/2021\/11\/Ouest-France-01-1493x1536.jpg 1493w, http:\/\/www.lespolissonsdelachanson.fr\/outil\/wp-content\/uploads\/2021\/11\/Ouest-France-01-1990x2048.jpg 1990w\" sizes=\"auto, (max-width: 585px) 100vw, 585px\" \/><\/p>\n","protected":false},"excerpt":{"rendered":"<p>&nbsp; &nbsp; LE COIN PRESSE \u00c0 Saint-Gildas de Rhuys, \u00ab&nbsp;Chantons en travaillant&nbsp;\u00bb jou\u00e9 les 19, 20 et 21&nbsp;novembre salle Kercaradec Le T\u00e9l\u00e9gramme, Publi\u00e9 le 14 novembre 2021 \u00e0 11h46 Les chanteurs et musiciens de la section cabaret des Poly &lsquo;sons de Rhuys en r\u00e9p\u00e9tition, salle Kercaradec. Les Poly\u2019sons de Rhuys, section cabaret, pr\u00e9parent pour vendredi&nbsp;19, &hellip; <\/p>\n<p class=\"link-more\"><a href=\"http:\/\/www.lespolissonsdelachanson.fr\/outil\/?page_id=9337\" class=\"more-link\">Continuer la lecture<span class=\"screen-reader-text\"> de &laquo;&nbsp;2021 Cabaret Chantons en travaillant&nbsp;&raquo;<\/span><\/a><\/p>\n","protected":false},"author":3,"featured_media":0,"parent":9937,"menu_order":2,"comment_status":"closed","ping_status":"closed","template":"","meta":{"ngg_post_thumbnail":0,"footnotes":""},"class_list":["post-9337","page","type-page","status-publish","hentry"],"_links":{"self":[{"href":"http:\/\/www.lespolissonsdelachanson.fr\/outil\/index.php?rest_route=\/wp\/v2\/pages\/9337","targetHints":{"allow":["GET"]}}],"collection":[{"href":"http:\/\/www.lespolissonsdelachanson.fr\/outil\/index.php?rest_route=\/wp\/v2\/pages"}],"about":[{"href":"http:\/\/www.lespolissonsdelachanson.fr\/outil\/index.php?rest_route=\/wp\/v2\/types\/page"}],"author":[{"embeddable":true,"href":"http:\/\/www.lespolissonsdelachanson.fr\/outil\/index.php?rest_route=\/wp\/v2\/users\/3"}],"replies":[{"embeddable":true,"href":"http:\/\/www.lespolissonsdelachanson.fr\/outil\/index.php?rest_route=%2Fwp%2Fv2%2Fcomments&post=9337"}],"version-history":[{"count":8,"href":"http:\/\/www.lespolissonsdelachanson.fr\/outil\/index.php?rest_route=\/wp\/v2\/pages\/9337\/revisions"}],"predecessor-version":[{"id":10347,"href":"http:\/\/www.lespolissonsdelachanson.fr\/outil\/index.php?rest_route=\/wp\/v2\/pages\/9337\/revisions\/10347"}],"up":[{"embeddable":true,"href":"http:\/\/www.lespolissonsdelachanson.fr\/outil\/index.php?rest_route=\/wp\/v2\/pages\/9937"}],"wp:attachment":[{"href":"http:\/\/www.lespolissonsdelachanson.fr\/outil\/index.php?rest_route=%2Fwp%2Fv2%2Fmedia&parent=9337"}],"curies":[{"name":"wp","href":"https:\/\/api.w.org\/{rel}","templated":true}]}}