{"id":8890,"date":"2019-04-16T21:18:57","date_gmt":"2019-04-16T19:18:57","guid":{"rendered":"http:\/\/www.lespolissonsdelachanson.fr\/outil\/?page_id=8890"},"modified":"2023-01-31T00:04:54","modified_gmt":"2023-01-30T23:04:54","slug":"2019-bourvil","status":"publish","type":"page","link":"http:\/\/www.lespolissonsdelachanson.fr\/outil\/?page_id=8890","title":{"rendered":"2019 Bourvil"},"content":{"rendered":"<h1>AVRIL 2019 \u00e0 L&rsquo;Hermine de Sarzeau<\/h1>\n<p><img loading=\"lazy\" decoding=\"async\" class=\"aligncenter wp-image-8891\" src=\"http:\/\/www.lespolissonsdelachanson.fr\/outil\/wp-content\/uploads\/2019\/04\/Affiche-Bourvil-N-2019.jpg\" alt=\"\" width=\"590\" height=\"835\" srcset=\"http:\/\/www.lespolissonsdelachanson.fr\/outil\/wp-content\/uploads\/2019\/04\/Affiche-Bourvil-N-2019.jpg 794w, http:\/\/www.lespolissonsdelachanson.fr\/outil\/wp-content\/uploads\/2019\/04\/Affiche-Bourvil-N-2019-106x150.jpg 106w, http:\/\/www.lespolissonsdelachanson.fr\/outil\/wp-content\/uploads\/2019\/04\/Affiche-Bourvil-N-2019-212x300.jpg 212w, http:\/\/www.lespolissonsdelachanson.fr\/outil\/wp-content\/uploads\/2019\/04\/Affiche-Bourvil-N-2019-768x1086.jpg 768w, http:\/\/www.lespolissonsdelachanson.fr\/outil\/wp-content\/uploads\/2019\/04\/Affiche-Bourvil-N-2019-724x1024.jpg 724w\" sizes=\"auto, (max-width: 590px) 100vw, 590px\" \/><\/p>\n<p><img loading=\"lazy\" decoding=\"async\" class=\"aligncenter wp-image-8895\" src=\"http:\/\/www.lespolissonsdelachanson.fr\/outil\/wp-content\/uploads\/2019\/04\/Programme-Bourvil.jpg\" alt=\"\" width=\"590\" height=\"752\" srcset=\"http:\/\/www.lespolissonsdelachanson.fr\/outil\/wp-content\/uploads\/2019\/04\/Programme-Bourvil.jpg 1610w, http:\/\/www.lespolissonsdelachanson.fr\/outil\/wp-content\/uploads\/2019\/04\/Programme-Bourvil-118x150.jpg 118w, http:\/\/www.lespolissonsdelachanson.fr\/outil\/wp-content\/uploads\/2019\/04\/Programme-Bourvil-235x300.jpg 235w, http:\/\/www.lespolissonsdelachanson.fr\/outil\/wp-content\/uploads\/2019\/04\/Programme-Bourvil-768x978.jpg 768w, http:\/\/www.lespolissonsdelachanson.fr\/outil\/wp-content\/uploads\/2019\/04\/Programme-Bourvil-804x1024.jpg 804w\" sizes=\"auto, (max-width: 590px) 100vw, 590px\" \/><\/p>\n<p><img loading=\"lazy\" decoding=\"async\" class=\"aligncenter wp-image-8902\" src=\"http:\/\/www.lespolissonsdelachanson.fr\/outil\/wp-content\/uploads\/2019\/04\/IMG_2154.jpg\" alt=\"\" width=\"591\" height=\"394\" srcset=\"http:\/\/www.lespolissonsdelachanson.fr\/outil\/wp-content\/uploads\/2019\/04\/IMG_2154.jpg 1024w, http:\/\/www.lespolissonsdelachanson.fr\/outil\/wp-content\/uploads\/2019\/04\/IMG_2154-150x100.jpg 150w, http:\/\/www.lespolissonsdelachanson.fr\/outil\/wp-content\/uploads\/2019\/04\/IMG_2154-300x200.jpg 300w, http:\/\/www.lespolissonsdelachanson.fr\/outil\/wp-content\/uploads\/2019\/04\/IMG_2154-768x512.jpg 768w\" sizes=\"auto, (max-width: 591px) 100vw, 591px\" \/><\/p>\n<p>&nbsp;<\/p>\n<p><img loading=\"lazy\" decoding=\"async\" class=\"aligncenter wp-image-8903\" src=\"http:\/\/www.lespolissonsdelachanson.fr\/outil\/wp-content\/uploads\/2019\/04\/IMG_2085.jpg\" alt=\"\" width=\"591\" height=\"394\" srcset=\"http:\/\/www.lespolissonsdelachanson.fr\/outil\/wp-content\/uploads\/2019\/04\/IMG_2085.jpg 1024w, http:\/\/www.lespolissonsdelachanson.fr\/outil\/wp-content\/uploads\/2019\/04\/IMG_2085-150x100.jpg 150w, http:\/\/www.lespolissonsdelachanson.fr\/outil\/wp-content\/uploads\/2019\/04\/IMG_2085-300x200.jpg 300w, http:\/\/www.lespolissonsdelachanson.fr\/outil\/wp-content\/uploads\/2019\/04\/IMG_2085-768x512.jpg 768w\" sizes=\"auto, (max-width: 591px) 100vw, 591px\" \/><\/p>\n<p><img loading=\"lazy\" decoding=\"async\" class=\"aligncenter wp-image-8916\" src=\"http:\/\/www.lespolissonsdelachanson.fr\/outil\/wp-content\/uploads\/2019\/04\/IMG_2286-1.jpg\" alt=\"\" width=\"594\" height=\"396\" srcset=\"http:\/\/www.lespolissonsdelachanson.fr\/outil\/wp-content\/uploads\/2019\/04\/IMG_2286-1.jpg 1024w, http:\/\/www.lespolissonsdelachanson.fr\/outil\/wp-content\/uploads\/2019\/04\/IMG_2286-1-150x100.jpg 150w, http:\/\/www.lespolissonsdelachanson.fr\/outil\/wp-content\/uploads\/2019\/04\/IMG_2286-1-300x200.jpg 300w, http:\/\/www.lespolissonsdelachanson.fr\/outil\/wp-content\/uploads\/2019\/04\/IMG_2286-1-768x512.jpg 768w\" sizes=\"auto, (max-width: 594px) 100vw, 594px\" \/><\/p>\n<p><img loading=\"lazy\" decoding=\"async\" class=\"aligncenter wp-image-10485 size-full\" src=\"http:\/\/www.lespolissonsdelachanson.fr\/outil\/wp-content\/uploads\/2023\/01\/57355570_3150632834950697_6559974971639070720_n.jpg\" alt=\"\" width=\"2048\" height=\"1366\" srcset=\"http:\/\/www.lespolissonsdelachanson.fr\/outil\/wp-content\/uploads\/2023\/01\/57355570_3150632834950697_6559974971639070720_n.jpg 2048w, http:\/\/www.lespolissonsdelachanson.fr\/outil\/wp-content\/uploads\/2023\/01\/57355570_3150632834950697_6559974971639070720_n-300x200.jpg 300w, http:\/\/www.lespolissonsdelachanson.fr\/outil\/wp-content\/uploads\/2023\/01\/57355570_3150632834950697_6559974971639070720_n-1024x683.jpg 1024w, http:\/\/www.lespolissonsdelachanson.fr\/outil\/wp-content\/uploads\/2023\/01\/57355570_3150632834950697_6559974971639070720_n-150x100.jpg 150w, http:\/\/www.lespolissonsdelachanson.fr\/outil\/wp-content\/uploads\/2023\/01\/57355570_3150632834950697_6559974971639070720_n-768x512.jpg 768w, http:\/\/www.lespolissonsdelachanson.fr\/outil\/wp-content\/uploads\/2023\/01\/57355570_3150632834950697_6559974971639070720_n-1536x1025.jpg 1536w\" sizes=\"auto, (max-width: 767px) 89vw, (max-width: 1000px) 54vw, (max-width: 1071px) 543px, 580px\" \/><\/p>\n<p><img loading=\"lazy\" decoding=\"async\" class=\"aligncenter size-full wp-image-10486\" src=\"http:\/\/www.lespolissonsdelachanson.fr\/outil\/wp-content\/uploads\/2023\/01\/59332326_3150624071618240_7705126188917719040_n.jpg\" alt=\"\" width=\"2048\" height=\"1365\" srcset=\"http:\/\/www.lespolissonsdelachanson.fr\/outil\/wp-content\/uploads\/2023\/01\/59332326_3150624071618240_7705126188917719040_n.jpg 2048w, http:\/\/www.lespolissonsdelachanson.fr\/outil\/wp-content\/uploads\/2023\/01\/59332326_3150624071618240_7705126188917719040_n-300x200.jpg 300w, http:\/\/www.lespolissonsdelachanson.fr\/outil\/wp-content\/uploads\/2023\/01\/59332326_3150624071618240_7705126188917719040_n-1024x683.jpg 1024w, http:\/\/www.lespolissonsdelachanson.fr\/outil\/wp-content\/uploads\/2023\/01\/59332326_3150624071618240_7705126188917719040_n-150x100.jpg 150w, http:\/\/www.lespolissonsdelachanson.fr\/outil\/wp-content\/uploads\/2023\/01\/59332326_3150624071618240_7705126188917719040_n-768x512.jpg 768w, http:\/\/www.lespolissonsdelachanson.fr\/outil\/wp-content\/uploads\/2023\/01\/59332326_3150624071618240_7705126188917719040_n-1536x1024.jpg 1536w\" sizes=\"auto, (max-width: 767px) 89vw, (max-width: 1000px) 54vw, (max-width: 1071px) 543px, 580px\" \/><\/p>\n<p><img loading=\"lazy\" decoding=\"async\" class=\"aligncenter size-full wp-image-10487\" src=\"http:\/\/www.lespolissonsdelachanson.fr\/outil\/wp-content\/uploads\/2023\/01\/59332363_3150628311617816_84917967367700480_n.jpg\" alt=\"\" width=\"1798\" height=\"1199\" srcset=\"http:\/\/www.lespolissonsdelachanson.fr\/outil\/wp-content\/uploads\/2023\/01\/59332363_3150628311617816_84917967367700480_n.jpg 1798w, http:\/\/www.lespolissonsdelachanson.fr\/outil\/wp-content\/uploads\/2023\/01\/59332363_3150628311617816_84917967367700480_n-300x200.jpg 300w, http:\/\/www.lespolissonsdelachanson.fr\/outil\/wp-content\/uploads\/2023\/01\/59332363_3150628311617816_84917967367700480_n-1024x683.jpg 1024w, http:\/\/www.lespolissonsdelachanson.fr\/outil\/wp-content\/uploads\/2023\/01\/59332363_3150628311617816_84917967367700480_n-150x100.jpg 150w, http:\/\/www.lespolissonsdelachanson.fr\/outil\/wp-content\/uploads\/2023\/01\/59332363_3150628311617816_84917967367700480_n-768x512.jpg 768w, http:\/\/www.lespolissonsdelachanson.fr\/outil\/wp-content\/uploads\/2023\/01\/59332363_3150628311617816_84917967367700480_n-1536x1024.jpg 1536w\" sizes=\"auto, (max-width: 767px) 89vw, (max-width: 1000px) 54vw, (max-width: 1071px) 543px, 580px\" \/><\/p>\n<p><em><strong>LE COIN PRESSE<\/strong><\/em><\/p>\n<header class=\"article__header non-paywall\">\n<h1 class=\"article__header__title\"><span class=\"amorce\">Les poly\u2019sons de Rhuys.<\/span> Ils chantent Bourvil<\/h1>\n<p><span class=\"article__header__date\">Le T\u00e9l\u00e9gramme, Publi\u00e9 le 08 avril 2019 \u00e0 11h30 Modifi\u00e9 le 09 avril 2019 \u00e0 19h53<\/span><\/p>\n<\/header>\n<p>&nbsp;<\/p>\n<figure class=\"article__main__figure non-paywall\"><img decoding=\"async\" class=\"article__main__img\" title=\"\" src=\"https:\/\/www.letelegramme.fr\/images\/2019\/04\/08\/la-troupe-des-poly-sons-de-rhuys-en-repetition-de-la-piece_4510042.jpg\" alt=\"La troupe des Poly\u2019sons de Rhuys en r\u00e9p\u00e9tition de la pi\u00e8ce \u00ab&nbsp;Dans la bruy\u00e8re de Quimperl\u00e9&nbsp;\u00bb.\"><figcaption class=\"article__main__figcaption\">La troupe des Poly\u2019sons de Rhuys en r\u00e9p\u00e9tition de la pi\u00e8ce \u00ab&nbsp;Dans la bruy\u00e8re de Quimperl\u00e9&nbsp;\u00bb.<\/figcaption><\/figure>\n<div class=\"article__main__wrapper\">\n<div class=\"article__wrapper__content\">\n<div class=\"article__content noscript paywall\" data-poool=\"55\" data-poool-mode=\"hide\">\n<p>Vendredi&nbsp;12 et samedi 13&nbsp;avril \u00e0 20&nbsp;h&nbsp;30, \u00e0 l\u2019espace culturel l\u2019Hermine, pour leur nouvelle com\u00e9die musicale \u00ab&nbsp;Dans la bruy\u00e8re de Quimperl\u00e9&nbsp;\u00bb, les Poly\u2019sons de Rhuys ont choisi de r\u00e9interpr\u00e9ter les chansons d\u2019Andr\u00e9 Bourvil. Acteur populaire, cet artiste a \u00e9galement marqu\u00e9 la chanson fran\u00e7aise par son r\u00e9pertoire tant dr\u00f4le que tendre.<\/p>\n<p>Au fil du spectacle, le public d\u00e9couvre la vie touchante d\u2019une petite berg\u00e8re quimperloise juste apr\u00e8s la guerre, dans \u00ab&nbsp;un p\u2019tit bal perdu&nbsp;\u00bb du sud du Finist\u00e8re, o\u00f9 se m\u00ealent tendresse et&nbsp;vie de Boh\u00e8me. Ces&nbsp;sc\u00e8nes de vie d\u2019un village breton&nbsp;font passer de l\u2019humour au partage musical.<\/p>\n<p>Vente des billets \u00e0 l\u2019entr\u00e9e du spectacle et chez les commer\u00e7ants (\u00e0 Sarzeau&nbsp;: \u00e9tablissements Guihard, droguerie article de maison, place Richemont. A Saint-Gildas de Rhuys, Entre Mer et \u00c9den, tabac presse, 3, rue des V\u00e9n\u00e8tes. A Arzon, tabac presse, port du Crouesty).<\/p>\n<p><strong>Pratique<\/strong><br \/>\nTarifs&nbsp;: 12\/6 \u20ac (RSA, \u00e9tudiants, demandeurs d\u2019emploi, &#8211; de 18 ans). R\u00e9servation&nbsp;: lespolysonsderhuys@aliceadsl.fr T\u00e9l\u00e9phone&nbsp;: 06&nbsp;07&nbsp;21&nbsp;49&nbsp;73 ou 06&nbsp;14&nbsp;59&nbsp;98&nbsp;96<\/p>\n<\/div>\n<div data-poool=\"55\" data-poool-mode=\"hide\">\n<hr>\n<\/div>\n<div id=\"poool-widget\">\n<header class=\"su-article \">\n<h1 class=\"titre \">Les Poly\u2019sons de Rhuys chantent Bourvil<\/h1>\n<div class=\"photo su-relative rs_skip\">\n<figure>\n<div class=\"su-ratio-16-9 su-main-picture\"><img class=\"su-media\" sizes=\"(max-width: 767px) and (min-resolution: 2dppx) and (max-resolution: 2.9dppx) 50vw, (max-width: 767px) and (min-resolution: 3dppx) and (max-resolution: 3.9dppx) 33.3vw, (max-width: 767px) and (min-resolution: 4dppx) 25vw, (max-width: 767px) 100vw, (min-width: 768px) 630px\" srcset=\"https:\/\/media.ouest-france.fr\/v1\/pictures\/MjAxOTA0ZTdlNGI4MzY0OTBmZjQwMDc0YzQwMjA2ZjU4NTE2Mzg?width=320&amp;height=180&amp;focuspoint=50%2C25&amp;cropresize=1&amp;client_id=bpeditorial&amp;sign=5f893b5d96f1fd0a22785857429f8bcc1695f9fec2eee065d3c983a4a5f3983d 320w, https:\/\/media.ouest-france.fr\/v1\/pictures\/MjAxOTA0ZTdlNGI4MzY0OTBmZjQwMDc0YzQwMjA2ZjU4NTE2Mzg?width=375&amp;height=210&amp;focuspoint=50%2C25&amp;cropresize=1&amp;client_id=bpeditorial&amp;sign=24043b31d4f62f59ccc62d4ece2874791760425daffaad3b1541c769870e051a 360w, https:\/\/media.ouest-france.fr\/v1\/pictures\/MjAxOTA0ZTdlNGI4MzY0OTBmZjQwMDc0YzQwMjA2ZjU4NTE2Mzg?width=480&amp;height=270&amp;focuspoint=50%2C25&amp;cropresize=1&amp;client_id=bpeditorial&amp;sign=7e72ab0d730c02b39e8be65a34bbed862783eb99d290d4236540b68dbc6d877a 480w, https:\/\/media.ouest-france.fr\/v1\/pictures\/MjAxOTA0ZTdlNGI4MzY0OTBmZjQwMDc0YzQwMjA2ZjU4NTE2Mzg?width=630&amp;height=354&amp;focuspoint=50%2C25&amp;cropresize=1&amp;client_id=bpeditorial&amp;sign=c6388ca530dc3c89aae4b073e3250e987e8abc0d10553aab04ce3171e80e0b1c 630w\" alt=\"Les r\u00e9p\u00e9titions vont s\u2019encha\u00eener toute la semaine jusqu\u2019\u00e0 vendredi.\"><\/div><figcaption>Les r\u00e9p\u00e9titions vont s\u2019encha\u00eener toute la semaine jusqu\u2019\u00e0 vendredi. | OUEST-FRANCE<\/figcaption><\/figure>\n<\/div>\n<\/header>\n<div class=\"col-gauche\">\n<header class=\"metadata\"><span class=\"auteur\"><span class=\"su-source source-libelle su-cockade-of\"><a href=\"https:\/\/www.ouest-france.fr\/\">Ouest-France <\/a><\/span><\/span><span class=\"dates\"><span class=\"date su-date \">Publi\u00e9 le <time class=\"meta-time\" datetime=\"2019-04-09T00:40:06+02:00\">09\/04\/2019 <span class=\"heure\">\u00e0 00h40<\/span><\/time><\/span><\/span><\/header>\n<aside class=\"contenu-secondaire rs_skip\" data-nosnippet=\"\">\n<div id=\"bloc_3quarts_1__parentOf__inscription_newsletter\" class=\"_b item\" data-trk=\"[{&amp;quot;n&amp;quot;:&amp;quot;platform-newsletters&amp;quot;,&amp;quot;o&amp;quot;:&amp;quot;Platform BP Newsletters&amp;quot;,&amp;quot;v&amp;quot;:&amp;quot;3.7.6&amp;quot;}]\">\n<section id=\"newsletter-col-gauche\" class=\"su-negative bp-newsletters nl-e2001a bloc-newsletter newsletter-gauche su-visible-xl su-margin-bottom-xl\">\n<form class=\"form-bp-newsletter\" action=\"https:\/\/www.ouest-france.fr\/bretagne\/sarzeau-56370\/les-poly-sons-de-rhuys-chantent-bourvil-6302062#\" method=\"post\" name=\"newsletter-matinale\" novalidate=\"\" data-bpnewsletter=\"Vannes\" data-trknewsletter=\"OF | Locale Vannes\" data-trkblocknewsletter=\"D\u00e9tail article\" data-code-operation=\"471\">\n<div class=\"form-email tooltip-parent tooltip-erreur\">&nbsp;<\/div>\n<\/form>\n<\/section>\n<\/div>\n<\/aside>\n<\/div>\n<div id=\"article-detail\" class=\"contenu-principal p402_premium \">\n<div class=\"su-article\">\n<p>Pour leur nouvelle com\u00e9die musicale, les Poly\u2019sons de Rhuys se sont inspir\u00e9s de la chanson de Bourvil <i>Dans la bruy\u00e8re de Quimperl\u00e9, <\/i>\u00e0 partir de laquelle ils ont revisit\u00e9 l\u2019histoire de la berg\u00e8re, avec les chansons de l\u2019artiste.<\/p>\n<p>Au fil du spectacle, le public va d\u00e9couvrir la vie touchante de cette petite berg\u00e8re quimperloise juste apr\u00e8s la guerre. Parsem\u00e9es d\u2019humour, ces tranches de vie composent une belle soir\u00e9e de partage musical \u00e9labor\u00e9e sur le r\u00e9pertoire dr\u00f4le et tendre de Bourvil. Pour l\u2019occasion, la place de Quimperl\u00e9 a \u00e9t\u00e9 reconstitu\u00e9e telle qu\u2019elle \u00e9tait dans les ann\u00e9es 30, avec ses halles. Les costumes de la troupe ont fid\u00e8lement respect\u00e9 la mode de cette p\u00e9riode et certains d\u2019entre eux sont m\u00eame d\u2019\u00e9poque. Avec les danseurs de l\u2019association Viens danser \u00e0 Saint-Gildas, qui se sont associ\u00e9s au spectacle, ce sont plus de 40 chanteurs, danseurs, musiciens et com\u00e9diens qui seront sur sc\u00e8ne.<\/p>\n<hr>\n<\/div>\n<\/div>\n<\/div>\n<\/div>\n<\/div>\n<p><img loading=\"lazy\" decoding=\"async\" class=\"aligncenter wp-image-8899\" src=\"http:\/\/www.lespolissonsdelachanson.fr\/outil\/wp-content\/uploads\/2019\/04\/T\u00e9\u00e9gramme.jpg\" alt=\"\" width=\"590\" height=\"461\" srcset=\"http:\/\/www.lespolissonsdelachanson.fr\/outil\/wp-content\/uploads\/2019\/04\/T\u00e9\u00e9gramme.jpg 1961w, http:\/\/www.lespolissonsdelachanson.fr\/outil\/wp-content\/uploads\/2019\/04\/T\u00e9\u00e9gramme-150x117.jpg 150w, http:\/\/www.lespolissonsdelachanson.fr\/outil\/wp-content\/uploads\/2019\/04\/T\u00e9\u00e9gramme-300x234.jpg 300w, http:\/\/www.lespolissonsdelachanson.fr\/outil\/wp-content\/uploads\/2019\/04\/T\u00e9\u00e9gramme-768x600.jpg 768w, http:\/\/www.lespolissonsdelachanson.fr\/outil\/wp-content\/uploads\/2019\/04\/T\u00e9\u00e9gramme-1024x800.jpg 1024w\" sizes=\"auto, (max-width: 590px) 100vw, 590px\" \/><\/p>\n<p><img loading=\"lazy\" decoding=\"async\" class=\"aligncenter wp-image-8912\" src=\"http:\/\/www.lespolissonsdelachanson.fr\/outil\/wp-content\/uploads\/2019\/04\/IMG_3477.jpg\" alt=\"\" width=\"591\" height=\"744\" srcset=\"http:\/\/www.lespolissonsdelachanson.fr\/outil\/wp-content\/uploads\/2019\/04\/IMG_3477.jpg 640w, http:\/\/www.lespolissonsdelachanson.fr\/outil\/wp-content\/uploads\/2019\/04\/IMG_3477-119x150.jpg 119w, http:\/\/www.lespolissonsdelachanson.fr\/outil\/wp-content\/uploads\/2019\/04\/IMG_3477-238x300.jpg 238w\" sizes=\"auto, (max-width: 591px) 100vw, 591px\" \/><\/p>\n<h1>OCTOBRE 2019 \u00e0 L&rsquo;Asphod\u00e8le de Questembert<\/h1>\n<p><img loading=\"lazy\" decoding=\"async\" class=\"aligncenter wp-image-8919\" src=\"http:\/\/www.lespolissonsdelachanson.fr\/outil\/wp-content\/uploads\/2019\/05\/Affiche-Bourvil-2019-1.jpg\" alt=\"\" width=\"581\" height=\"822\" srcset=\"http:\/\/www.lespolissonsdelachanson.fr\/outil\/wp-content\/uploads\/2019\/05\/Affiche-Bourvil-2019-1.jpg 794w, http:\/\/www.lespolissonsdelachanson.fr\/outil\/wp-content\/uploads\/2019\/05\/Affiche-Bourvil-2019-1-106x150.jpg 106w, http:\/\/www.lespolissonsdelachanson.fr\/outil\/wp-content\/uploads\/2019\/05\/Affiche-Bourvil-2019-1-212x300.jpg 212w, http:\/\/www.lespolissonsdelachanson.fr\/outil\/wp-content\/uploads\/2019\/05\/Affiche-Bourvil-2019-1-768x1086.jpg 768w, http:\/\/www.lespolissonsdelachanson.fr\/outil\/wp-content\/uploads\/2019\/05\/Affiche-Bourvil-2019-1-724x1024.jpg 724w\" sizes=\"auto, (max-width: 581px) 100vw, 581px\" \/><\/p>\n<p><img loading=\"lazy\" decoding=\"async\" class=\"aligncenter wp-image-9038\" src=\"http:\/\/www.lespolissonsdelachanson.fr\/outil\/wp-content\/uploads\/2019\/11\/Programme-02.jpg\" alt=\"\" width=\"584\" height=\"787\" srcset=\"http:\/\/www.lespolissonsdelachanson.fr\/outil\/wp-content\/uploads\/2019\/11\/Programme-02.jpg 1734w, http:\/\/www.lespolissonsdelachanson.fr\/outil\/wp-content\/uploads\/2019\/11\/Programme-02-111x150.jpg 111w, http:\/\/www.lespolissonsdelachanson.fr\/outil\/wp-content\/uploads\/2019\/11\/Programme-02-222x300.jpg 222w, http:\/\/www.lespolissonsdelachanson.fr\/outil\/wp-content\/uploads\/2019\/11\/Programme-02-768x1036.jpg 768w, http:\/\/www.lespolissonsdelachanson.fr\/outil\/wp-content\/uploads\/2019\/11\/Programme-02-759x1024.jpg 759w\" sizes=\"auto, (max-width: 584px) 100vw, 584px\" \/><\/p>\n<p><img loading=\"lazy\" decoding=\"async\" class=\"aligncenter wp-image-9037\" src=\"http:\/\/www.lespolissonsdelachanson.fr\/outil\/wp-content\/uploads\/2019\/11\/Programme-01.jpg\" alt=\"\" width=\"584\" height=\"589\" srcset=\"http:\/\/www.lespolissonsdelachanson.fr\/outil\/wp-content\/uploads\/2019\/11\/Programme-01.jpg 1712w, http:\/\/www.lespolissonsdelachanson.fr\/outil\/wp-content\/uploads\/2019\/11\/Programme-01-150x150.jpg 150w, http:\/\/www.lespolissonsdelachanson.fr\/outil\/wp-content\/uploads\/2019\/11\/Programme-01-297x300.jpg 297w, http:\/\/www.lespolissonsdelachanson.fr\/outil\/wp-content\/uploads\/2019\/11\/Programme-01-768x775.jpg 768w, http:\/\/www.lespolissonsdelachanson.fr\/outil\/wp-content\/uploads\/2019\/11\/Programme-01-1015x1024.jpg 1015w\" sizes=\"auto, (max-width: 584px) 100vw, 584px\" \/><\/p>\n<p><img loading=\"lazy\" decoding=\"async\" class=\"aligncenter wp-image-9041\" src=\"http:\/\/www.lespolissonsdelachanson.fr\/outil\/wp-content\/uploads\/2019\/11\/p\u00eacheur.png\" alt=\"\" width=\"581\" height=\"327\" srcset=\"http:\/\/www.lespolissonsdelachanson.fr\/outil\/wp-content\/uploads\/2019\/11\/p\u00eacheur.png 640w, http:\/\/www.lespolissonsdelachanson.fr\/outil\/wp-content\/uploads\/2019\/11\/p\u00eacheur-150x84.png 150w, http:\/\/www.lespolissonsdelachanson.fr\/outil\/wp-content\/uploads\/2019\/11\/p\u00eacheur-300x169.png 300w\" sizes=\"auto, (max-width: 581px) 100vw, 581px\" \/><\/p>\n<p><img loading=\"lazy\" decoding=\"async\" class=\"aligncenter wp-image-9042\" src=\"http:\/\/www.lespolissonsdelachanson.fr\/outil\/wp-content\/uploads\/2019\/11\/haricots.png\" alt=\"\" width=\"581\" height=\"327\" srcset=\"http:\/\/www.lespolissonsdelachanson.fr\/outil\/wp-content\/uploads\/2019\/11\/haricots.png 640w, http:\/\/www.lespolissonsdelachanson.fr\/outil\/wp-content\/uploads\/2019\/11\/haricots-150x84.png 150w, http:\/\/www.lespolissonsdelachanson.fr\/outil\/wp-content\/uploads\/2019\/11\/haricots-300x169.png 300w\" sizes=\"auto, (max-width: 581px) 100vw, 581px\" \/><\/p>\n<p><em><strong>LE COIN PRESSE<\/strong><\/em><\/p>\n<header class=\"article__header non-paywall\">\n<h1 class=\"article__header__title\"><span class=\"amorce\">Com\u00e9die musicale.<\/span> Bourvil le 26&nbsp;octobre \u00e0 l\u2019Asphod\u00e8le<\/h1>\n<p><span class=\"article__header__date\">Publi\u00e9 le 21 octobre 2019 \u00e0 11h53<\/span><\/p>\n<\/header>\n<p>&nbsp;<\/p>\n<div class=\"article__main__wrapper\">\n<div class=\"article__wrapper__content\">\n<div class=\"article__content noscript paywall\" data-poool=\"55\" data-poool-mode=\"hide\">\n<p>L\u2019association Les Poly\u2019sons de Rhuys pr\u00e9sente une com\u00e9die musicale samedi 26&nbsp;octobre \u00e0 l\u2019Asphod\u00e8le, \u00e0 15&nbsp;h et 20&nbsp;h&nbsp;30, \u00e0 Questembert&nbsp;: une trentaine de chanteurs et de danseurs sont attendus sur sc\u00e8ne. Une cr\u00e9ation et une mise en sc\u00e8ne d\u2019Elsa Forner. \u00ab&nbsp;J\u2019ai \u00e9crit une histoire en partant d\u2019une chanson, \u00ab&nbsp;Dans la bruy\u00e8re de Quimperl\u00e9&nbsp;\u00bb, qui raconte les malheurs d\u2019une jeune berg\u00e8re de Quimperl\u00e9 qui se retrouve contrainte \u00e0 se prostituer sur les pav\u00e9s de Paris&nbsp;\u00bb, explique Elsa Forner. \u00ab&nbsp;Toute l\u2019histoire est racont\u00e9e \u00e0 travers des chansons de Bourvil, accessibles \u00e0 tout public, avec beaucoup de moments dr\u00f4les&nbsp;\u00bb, ajoute-t-elle.<\/p>\n<p>Avec Yves Dupont, qui a r\u00e9alis\u00e9 toutes les harmonisations, le but \u00e9tait de rendre le r\u00e9pertoire de Bourvil \u00ab&nbsp;actuel&nbsp;\u00bb et de faire d\u00e9couvrir les chansons qui ont \u00e9t\u00e9 oubli\u00e9es, comme par exemple \u00ab&nbsp;Les printemps d\u2019aujourd\u2019hui&nbsp;\u00bb ou \u00ab&nbsp;Vieux fr\u00e8re&nbsp;\u00bb, en reprenant des classiques comme \u00ab&nbsp;Salade de fruits&nbsp;\u00bb, \u00ab&nbsp;La tendresse&nbsp;\u00bb, en plongeant le spectateur dans une intrigue.<\/p>\n<\/div>\n<\/div>\n<\/div>\n<p>&nbsp;<\/p>\n","protected":false},"excerpt":{"rendered":"<p>AVRIL 2019 \u00e0 L&rsquo;Hermine de Sarzeau &nbsp; LE COIN PRESSE Les poly\u2019sons de Rhuys. Ils chantent Bourvil Le T\u00e9l\u00e9gramme, Publi\u00e9 le 08 avril 2019 \u00e0 11h30 Modifi\u00e9 le 09 avril 2019 \u00e0 19h53 &nbsp; La troupe des Poly\u2019sons de Rhuys en r\u00e9p\u00e9tition de la pi\u00e8ce \u00ab&nbsp;Dans la bruy\u00e8re de Quimperl\u00e9&nbsp;\u00bb. Vendredi&nbsp;12 et samedi 13&nbsp;avril \u00e0 &hellip; <\/p>\n<p class=\"link-more\"><a href=\"http:\/\/www.lespolissonsdelachanson.fr\/outil\/?page_id=8890\" class=\"more-link\">Continuer la lecture<span class=\"screen-reader-text\"> de &laquo;&nbsp;2019 Bourvil&nbsp;&raquo;<\/span><\/a><\/p>\n","protected":false},"author":3,"featured_media":0,"parent":9802,"menu_order":20,"comment_status":"closed","ping_status":"closed","template":"","meta":{"ngg_post_thumbnail":0,"footnotes":""},"class_list":["post-8890","page","type-page","status-publish","hentry"],"_links":{"self":[{"href":"http:\/\/www.lespolissonsdelachanson.fr\/outil\/index.php?rest_route=\/wp\/v2\/pages\/8890","targetHints":{"allow":["GET"]}}],"collection":[{"href":"http:\/\/www.lespolissonsdelachanson.fr\/outil\/index.php?rest_route=\/wp\/v2\/pages"}],"about":[{"href":"http:\/\/www.lespolissonsdelachanson.fr\/outil\/index.php?rest_route=\/wp\/v2\/types\/page"}],"author":[{"embeddable":true,"href":"http:\/\/www.lespolissonsdelachanson.fr\/outil\/index.php?rest_route=\/wp\/v2\/users\/3"}],"replies":[{"embeddable":true,"href":"http:\/\/www.lespolissonsdelachanson.fr\/outil\/index.php?rest_route=%2Fwp%2Fv2%2Fcomments&post=8890"}],"version-history":[{"count":17,"href":"http:\/\/www.lespolissonsdelachanson.fr\/outil\/index.php?rest_route=\/wp\/v2\/pages\/8890\/revisions"}],"predecessor-version":[{"id":10488,"href":"http:\/\/www.lespolissonsdelachanson.fr\/outil\/index.php?rest_route=\/wp\/v2\/pages\/8890\/revisions\/10488"}],"up":[{"embeddable":true,"href":"http:\/\/www.lespolissonsdelachanson.fr\/outil\/index.php?rest_route=\/wp\/v2\/pages\/9802"}],"wp:attachment":[{"href":"http:\/\/www.lespolissonsdelachanson.fr\/outil\/index.php?rest_route=%2Fwp%2Fv2%2Fmedia&parent=8890"}],"curies":[{"name":"wp","href":"https:\/\/api.w.org\/{rel}","templated":true}]}}