{"id":8677,"date":"2018-11-27T19:30:11","date_gmt":"2018-11-27T17:30:11","guid":{"rendered":"http:\/\/www.lespolissonsdelachanson.fr\/outil\/?page_id=8677"},"modified":"2024-03-03T08:49:00","modified_gmt":"2024-03-03T07:49:00","slug":"2018-sucre-sale","status":"publish","type":"page","link":"http:\/\/www.lespolissonsdelachanson.fr\/outil\/?page_id=8677","title":{"rendered":"2018-19 Sucr\u00e9 &#8211; Sal\u00e9"},"content":{"rendered":"<h1>NOVEMBRE 2018 : Salle Kercaradec \u00e0 St-Gildas-de-Rhuys<\/h1>\n<p style=\"text-align: center;\"><img loading=\"lazy\" decoding=\"async\" class=\"aligncenter size-full wp-image-8678\" title=\"affiche-sucre-sale\" src=\"http:\/\/www.lespolissonsdelachanson.fr\/outil\/wp-content\/uploads\/2018\/11\/affiche-sucre-sale.jpg\" alt=\"affiche-sucre-sale\" width=\"556\" height=\"767\" srcset=\"http:\/\/www.lespolissonsdelachanson.fr\/outil\/wp-content\/uploads\/2018\/11\/affiche-sucre-sale.jpg 794w, http:\/\/www.lespolissonsdelachanson.fr\/outil\/wp-content\/uploads\/2018\/11\/affiche-sucre-sale-108x150.jpg 108w, http:\/\/www.lespolissonsdelachanson.fr\/outil\/wp-content\/uploads\/2018\/11\/affiche-sucre-sale-217x300.jpg 217w, http:\/\/www.lespolissonsdelachanson.fr\/outil\/wp-content\/uploads\/2018\/11\/affiche-sucre-sale-741x1024.jpg 741w\" sizes=\"auto, (max-width: 556px) 100vw, 556px\" \/><\/p>\n<p style=\"text-align: center;\"><img loading=\"lazy\" decoding=\"async\" class=\"aligncenter size-full wp-image-8704\" title=\"dsc_9208\" src=\"http:\/\/www.lespolissonsdelachanson.fr\/outil\/wp-content\/uploads\/2018\/11\/dsc_9208.jpg\" alt=\"dsc_9208\" width=\"614\" height=\"410\" srcset=\"http:\/\/www.lespolissonsdelachanson.fr\/outil\/wp-content\/uploads\/2018\/11\/dsc_9208.jpg 1024w, http:\/\/www.lespolissonsdelachanson.fr\/outil\/wp-content\/uploads\/2018\/11\/dsc_9208-150x100.jpg 150w, http:\/\/www.lespolissonsdelachanson.fr\/outil\/wp-content\/uploads\/2018\/11\/dsc_9208-300x200.jpg 300w\" sizes=\"auto, (max-width: 614px) 100vw, 614px\" \/><\/p>\n<p style=\"text-align: center;\"><img loading=\"lazy\" decoding=\"async\" class=\"aligncenter size-full wp-image-8706\" title=\"dsc_8736\" src=\"http:\/\/www.lespolissonsdelachanson.fr\/outil\/wp-content\/uploads\/2018\/11\/dsc_8736.jpg\" alt=\"dsc_8736\" width=\"614\" height=\"410\" srcset=\"http:\/\/www.lespolissonsdelachanson.fr\/outil\/wp-content\/uploads\/2018\/11\/dsc_8736.jpg 1024w, http:\/\/www.lespolissonsdelachanson.fr\/outil\/wp-content\/uploads\/2018\/11\/dsc_8736-150x100.jpg 150w, http:\/\/www.lespolissonsdelachanson.fr\/outil\/wp-content\/uploads\/2018\/11\/dsc_8736-300x200.jpg 300w\" sizes=\"auto, (max-width: 614px) 100vw, 614px\" \/><\/p>\n<p style=\"text-align: center;\"><img loading=\"lazy\" decoding=\"async\" class=\"aligncenter size-full wp-image-8707\" title=\"dsc_9088\" src=\"http:\/\/www.lespolissonsdelachanson.fr\/outil\/wp-content\/uploads\/2018\/11\/dsc_9088.jpg\" alt=\"dsc_9088\" width=\"614\" height=\"410\" srcset=\"http:\/\/www.lespolissonsdelachanson.fr\/outil\/wp-content\/uploads\/2018\/11\/dsc_9088.jpg 1024w, http:\/\/www.lespolissonsdelachanson.fr\/outil\/wp-content\/uploads\/2018\/11\/dsc_9088-150x100.jpg 150w, http:\/\/www.lespolissonsdelachanson.fr\/outil\/wp-content\/uploads\/2018\/11\/dsc_9088-300x200.jpg 300w\" sizes=\"auto, (max-width: 614px) 100vw, 614px\" \/><\/p>\n<p style=\"text-align: center;\"><img loading=\"lazy\" decoding=\"async\" class=\"aligncenter size-full wp-image-8708\" title=\"dsc_9200\" src=\"http:\/\/www.lespolissonsdelachanson.fr\/outil\/wp-content\/uploads\/2018\/11\/dsc_9200.jpg\" alt=\"dsc_9200\" width=\"614\" height=\"410\" srcset=\"http:\/\/www.lespolissonsdelachanson.fr\/outil\/wp-content\/uploads\/2018\/11\/dsc_9200.jpg 1024w, http:\/\/www.lespolissonsdelachanson.fr\/outil\/wp-content\/uploads\/2018\/11\/dsc_9200-150x100.jpg 150w, http:\/\/www.lespolissonsdelachanson.fr\/outil\/wp-content\/uploads\/2018\/11\/dsc_9200-300x200.jpg 300w\" sizes=\"auto, (max-width: 614px) 100vw, 614px\" \/><\/p>\n<h1>JANVIER 2019 : Salle Armorique \u00e0 Sarzeau<\/h1>\n<p><img loading=\"lazy\" decoding=\"async\" class=\"aligncenter wp-image-8812\" src=\"http:\/\/www.lespolissonsdelachanson.fr\/outil\/wp-content\/uploads\/2019\/01\/Affiche-Sucr\u00e9-Sal\u00e9-Sarzeau.jpg\" alt=\"\" width=\"548\" height=\"757\" srcset=\"http:\/\/www.lespolissonsdelachanson.fr\/outil\/wp-content\/uploads\/2019\/01\/Affiche-Sucr\u00e9-Sal\u00e9-Sarzeau.jpg 794w, http:\/\/www.lespolissonsdelachanson.fr\/outil\/wp-content\/uploads\/2019\/01\/Affiche-Sucr\u00e9-Sal\u00e9-Sarzeau-109x150.jpg 109w, http:\/\/www.lespolissonsdelachanson.fr\/outil\/wp-content\/uploads\/2019\/01\/Affiche-Sucr\u00e9-Sal\u00e9-Sarzeau-217x300.jpg 217w, http:\/\/www.lespolissonsdelachanson.fr\/outil\/wp-content\/uploads\/2019\/01\/Affiche-Sucr\u00e9-Sal\u00e9-Sarzeau-768x1060.jpg 768w, http:\/\/www.lespolissonsdelachanson.fr\/outil\/wp-content\/uploads\/2019\/01\/Affiche-Sucr\u00e9-Sal\u00e9-Sarzeau-742x1024.jpg 742w\" sizes=\"auto, (max-width: 548px) 100vw, 548px\" \/><\/p>\n<p><img loading=\"lazy\" decoding=\"async\" class=\"aligncenter wp-image-8824\" src=\"http:\/\/www.lespolissonsdelachanson.fr\/outil\/wp-content\/uploads\/2019\/01\/Programme-cabaret-Janvier-2019.jpg\" alt=\"\" width=\"592\" height=\"418\"><\/p>\n<p><img loading=\"lazy\" decoding=\"async\" class=\"aligncenter wp-image-8833\" src=\"http:\/\/www.lespolissonsdelachanson.fr\/outil\/wp-content\/uploads\/2019\/01\/IMG_0974.jpg\" alt=\"\" width=\"584\" height=\"390\" srcset=\"http:\/\/www.lespolissonsdelachanson.fr\/outil\/wp-content\/uploads\/2019\/01\/IMG_0974.jpg 1024w, http:\/\/www.lespolissonsdelachanson.fr\/outil\/wp-content\/uploads\/2019\/01\/IMG_0974-150x100.jpg 150w, http:\/\/www.lespolissonsdelachanson.fr\/outil\/wp-content\/uploads\/2019\/01\/IMG_0974-300x200.jpg 300w, http:\/\/www.lespolissonsdelachanson.fr\/outil\/wp-content\/uploads\/2019\/01\/IMG_0974-768x512.jpg 768w\" sizes=\"auto, (max-width: 584px) 100vw, 584px\" \/><\/p>\n<p><img loading=\"lazy\" decoding=\"async\" class=\"aligncenter wp-image-8838\" src=\"http:\/\/www.lespolissonsdelachanson.fr\/outil\/wp-content\/uploads\/2019\/01\/IMG_0998.jpg\" alt=\"\" width=\"584\" height=\"389\" srcset=\"http:\/\/www.lespolissonsdelachanson.fr\/outil\/wp-content\/uploads\/2019\/01\/IMG_0998.jpg 1024w, http:\/\/www.lespolissonsdelachanson.fr\/outil\/wp-content\/uploads\/2019\/01\/IMG_0998-150x100.jpg 150w, http:\/\/www.lespolissonsdelachanson.fr\/outil\/wp-content\/uploads\/2019\/01\/IMG_0998-300x200.jpg 300w, http:\/\/www.lespolissonsdelachanson.fr\/outil\/wp-content\/uploads\/2019\/01\/IMG_0998-768x512.jpg 768w\" sizes=\"auto, (max-width: 584px) 100vw, 584px\" \/><\/p>\n<p><img loading=\"lazy\" decoding=\"async\" class=\"aligncenter wp-image-8840\" src=\"http:\/\/www.lespolissonsdelachanson.fr\/outil\/wp-content\/uploads\/2019\/01\/IMG_1106.jpg\" alt=\"\" width=\"585\" height=\"390\" srcset=\"http:\/\/www.lespolissonsdelachanson.fr\/outil\/wp-content\/uploads\/2019\/01\/IMG_1106.jpg 1024w, http:\/\/www.lespolissonsdelachanson.fr\/outil\/wp-content\/uploads\/2019\/01\/IMG_1106-150x100.jpg 150w, http:\/\/www.lespolissonsdelachanson.fr\/outil\/wp-content\/uploads\/2019\/01\/IMG_1106-300x200.jpg 300w, http:\/\/www.lespolissonsdelachanson.fr\/outil\/wp-content\/uploads\/2019\/01\/IMG_1106-768x512.jpg 768w\" sizes=\"auto, (max-width: 585px) 100vw, 585px\" \/><\/p>\n<p><img loading=\"lazy\" decoding=\"async\" class=\"aligncenter wp-image-8843\" src=\"http:\/\/www.lespolissonsdelachanson.fr\/outil\/wp-content\/uploads\/2019\/01\/IMG_1042.jpg\" alt=\"\" width=\"585\" height=\"390\" srcset=\"http:\/\/www.lespolissonsdelachanson.fr\/outil\/wp-content\/uploads\/2019\/01\/IMG_1042.jpg 1024w, http:\/\/www.lespolissonsdelachanson.fr\/outil\/wp-content\/uploads\/2019\/01\/IMG_1042-150x100.jpg 150w, http:\/\/www.lespolissonsdelachanson.fr\/outil\/wp-content\/uploads\/2019\/01\/IMG_1042-300x200.jpg 300w, http:\/\/www.lespolissonsdelachanson.fr\/outil\/wp-content\/uploads\/2019\/01\/IMG_1042-768x512.jpg 768w\" sizes=\"auto, (max-width: 585px) 100vw, 585px\" \/><\/p>\n<p><em><strong>LE COIN PRESSE&nbsp;<\/strong><\/em><\/p>\n<p><img loading=\"lazy\" decoding=\"async\" class=\"aligncenter wp-image-8849\" src=\"http:\/\/www.lespolissonsdelachanson.fr\/outil\/wp-content\/uploads\/2019\/01\/IMG_3379.jpg\" alt=\"\" width=\"598\" height=\"512\" srcset=\"http:\/\/www.lespolissonsdelachanson.fr\/outil\/wp-content\/uploads\/2019\/01\/IMG_3379.jpg 639w, http:\/\/www.lespolissonsdelachanson.fr\/outil\/wp-content\/uploads\/2019\/01\/IMG_3379-150x128.jpg 150w, http:\/\/www.lespolissonsdelachanson.fr\/outil\/wp-content\/uploads\/2019\/01\/IMG_3379-300x257.jpg 300w\" sizes=\"auto, (max-width: 598px) 100vw, 598px\" \/><img loading=\"lazy\" decoding=\"async\" class=\"aligncenter wp-image-8854\" src=\"http:\/\/www.lespolissonsdelachanson.fr\/outil\/wp-content\/uploads\/2019\/01\/T\u00e9l\u00e9gramme.jpg\" alt=\"\" width=\"598\" height=\"462\" srcset=\"http:\/\/www.lespolissonsdelachanson.fr\/outil\/wp-content\/uploads\/2019\/01\/T\u00e9l\u00e9gramme.jpg 994w, http:\/\/www.lespolissonsdelachanson.fr\/outil\/wp-content\/uploads\/2019\/01\/T\u00e9l\u00e9gramme-150x116.jpg 150w, http:\/\/www.lespolissonsdelachanson.fr\/outil\/wp-content\/uploads\/2019\/01\/T\u00e9l\u00e9gramme-300x232.jpg 300w, http:\/\/www.lespolissonsdelachanson.fr\/outil\/wp-content\/uploads\/2019\/01\/T\u00e9l\u00e9gramme-768x593.jpg 768w\" sizes=\"auto, (max-width: 598px) 100vw, 598px\" \/><\/p>\n<p><em><strong>EN COULISSE :<\/strong><\/em><\/p>\n<p><img loading=\"lazy\" decoding=\"async\" class=\"aligncenter size-full wp-image-11238\" src=\"http:\/\/www.lespolissonsdelachanson.fr\/outil\/wp-content\/uploads\/2024\/03\/DSC_4211-scaled.jpg\" alt=\"\" width=\"2560\" height=\"1709\" srcset=\"http:\/\/www.lespolissonsdelachanson.fr\/outil\/wp-content\/uploads\/2024\/03\/DSC_4211-scaled.jpg 2560w, http:\/\/www.lespolissonsdelachanson.fr\/outil\/wp-content\/uploads\/2024\/03\/DSC_4211-300x200.jpg 300w, http:\/\/www.lespolissonsdelachanson.fr\/outil\/wp-content\/uploads\/2024\/03\/DSC_4211-1024x683.jpg 1024w, http:\/\/www.lespolissonsdelachanson.fr\/outil\/wp-content\/uploads\/2024\/03\/DSC_4211-150x100.jpg 150w, http:\/\/www.lespolissonsdelachanson.fr\/outil\/wp-content\/uploads\/2024\/03\/DSC_4211-768x513.jpg 768w, http:\/\/www.lespolissonsdelachanson.fr\/outil\/wp-content\/uploads\/2024\/03\/DSC_4211-1536x1025.jpg 1536w, http:\/\/www.lespolissonsdelachanson.fr\/outil\/wp-content\/uploads\/2024\/03\/DSC_4211-2048x1367.jpg 2048w\" sizes=\"auto, (max-width: 767px) 89vw, (max-width: 1000px) 54vw, (max-width: 1071px) 543px, 580px\" \/><\/p>\n<p><img loading=\"lazy\" decoding=\"async\" class=\"aligncenter size-full wp-image-11237\" src=\"http:\/\/www.lespolissonsdelachanson.fr\/outil\/wp-content\/uploads\/2024\/03\/DSC_1991-scaled.jpg\" alt=\"\" width=\"2560\" height=\"1709\" srcset=\"http:\/\/www.lespolissonsdelachanson.fr\/outil\/wp-content\/uploads\/2024\/03\/DSC_1991-scaled.jpg 2560w, http:\/\/www.lespolissonsdelachanson.fr\/outil\/wp-content\/uploads\/2024\/03\/DSC_1991-300x200.jpg 300w, http:\/\/www.lespolissonsdelachanson.fr\/outil\/wp-content\/uploads\/2024\/03\/DSC_1991-1024x683.jpg 1024w, http:\/\/www.lespolissonsdelachanson.fr\/outil\/wp-content\/uploads\/2024\/03\/DSC_1991-150x100.jpg 150w, http:\/\/www.lespolissonsdelachanson.fr\/outil\/wp-content\/uploads\/2024\/03\/DSC_1991-768x513.jpg 768w, http:\/\/www.lespolissonsdelachanson.fr\/outil\/wp-content\/uploads\/2024\/03\/DSC_1991-1536x1025.jpg 1536w, http:\/\/www.lespolissonsdelachanson.fr\/outil\/wp-content\/uploads\/2024\/03\/DSC_1991-2048x1367.jpg 2048w\" sizes=\"auto, (max-width: 767px) 89vw, (max-width: 1000px) 54vw, (max-width: 1071px) 543px, 580px\" \/><\/p>\n<p><img loading=\"lazy\" decoding=\"async\" class=\"aligncenter size-full wp-image-11235\" src=\"http:\/\/www.lespolissonsdelachanson.fr\/outil\/wp-content\/uploads\/2024\/03\/DSC_1906-scaled.jpg\" alt=\"\" width=\"2560\" height=\"1709\" srcset=\"http:\/\/www.lespolissonsdelachanson.fr\/outil\/wp-content\/uploads\/2024\/03\/DSC_1906-scaled.jpg 2560w, http:\/\/www.lespolissonsdelachanson.fr\/outil\/wp-content\/uploads\/2024\/03\/DSC_1906-300x200.jpg 300w, http:\/\/www.lespolissonsdelachanson.fr\/outil\/wp-content\/uploads\/2024\/03\/DSC_1906-1024x683.jpg 1024w, http:\/\/www.lespolissonsdelachanson.fr\/outil\/wp-content\/uploads\/2024\/03\/DSC_1906-150x100.jpg 150w, http:\/\/www.lespolissonsdelachanson.fr\/outil\/wp-content\/uploads\/2024\/03\/DSC_1906-768x513.jpg 768w, http:\/\/www.lespolissonsdelachanson.fr\/outil\/wp-content\/uploads\/2024\/03\/DSC_1906-1536x1025.jpg 1536w, http:\/\/www.lespolissonsdelachanson.fr\/outil\/wp-content\/uploads\/2024\/03\/DSC_1906-2048x1367.jpg 2048w\" sizes=\"auto, (max-width: 767px) 89vw, (max-width: 1000px) 54vw, (max-width: 1071px) 543px, 580px\" \/><\/p>\n<p><img loading=\"lazy\" decoding=\"async\" class=\"aligncenter size-full wp-image-11234\" src=\"http:\/\/www.lespolissonsdelachanson.fr\/outil\/wp-content\/uploads\/2024\/03\/36-scaled.jpg\" alt=\"\" width=\"2560\" height=\"1709\" srcset=\"http:\/\/www.lespolissonsdelachanson.fr\/outil\/wp-content\/uploads\/2024\/03\/36-scaled.jpg 2560w, http:\/\/www.lespolissonsdelachanson.fr\/outil\/wp-content\/uploads\/2024\/03\/36-300x200.jpg 300w, http:\/\/www.lespolissonsdelachanson.fr\/outil\/wp-content\/uploads\/2024\/03\/36-1024x683.jpg 1024w, http:\/\/www.lespolissonsdelachanson.fr\/outil\/wp-content\/uploads\/2024\/03\/36-150x100.jpg 150w, http:\/\/www.lespolissonsdelachanson.fr\/outil\/wp-content\/uploads\/2024\/03\/36-768x513.jpg 768w, http:\/\/www.lespolissonsdelachanson.fr\/outil\/wp-content\/uploads\/2024\/03\/36-1536x1025.jpg 1536w, http:\/\/www.lespolissonsdelachanson.fr\/outil\/wp-content\/uploads\/2024\/03\/36-2048x1367.jpg 2048w\" sizes=\"auto, (max-width: 767px) 89vw, (max-width: 1000px) 54vw, (max-width: 1071px) 543px, 580px\" \/><\/p>\n","protected":false},"excerpt":{"rendered":"<p>NOVEMBRE 2018 : Salle Kercaradec \u00e0 St-Gildas-de-Rhuys JANVIER 2019 : Salle Armorique \u00e0 Sarzeau LE COIN PRESSE&nbsp; EN COULISSE :<\/p>\n","protected":false},"author":3,"featured_media":0,"parent":9937,"menu_order":17,"comment_status":"open","ping_status":"open","template":"","meta":{"ngg_post_thumbnail":0,"footnotes":""},"class_list":["post-8677","page","type-page","status-publish","hentry"],"_links":{"self":[{"href":"http:\/\/www.lespolissonsdelachanson.fr\/outil\/index.php?rest_route=\/wp\/v2\/pages\/8677","targetHints":{"allow":["GET"]}}],"collection":[{"href":"http:\/\/www.lespolissonsdelachanson.fr\/outil\/index.php?rest_route=\/wp\/v2\/pages"}],"about":[{"href":"http:\/\/www.lespolissonsdelachanson.fr\/outil\/index.php?rest_route=\/wp\/v2\/types\/page"}],"author":[{"embeddable":true,"href":"http:\/\/www.lespolissonsdelachanson.fr\/outil\/index.php?rest_route=\/wp\/v2\/users\/3"}],"replies":[{"embeddable":true,"href":"http:\/\/www.lespolissonsdelachanson.fr\/outil\/index.php?rest_route=%2Fwp%2Fv2%2Fcomments&post=8677"}],"version-history":[{"count":10,"href":"http:\/\/www.lespolissonsdelachanson.fr\/outil\/index.php?rest_route=\/wp\/v2\/pages\/8677\/revisions"}],"predecessor-version":[{"id":11239,"href":"http:\/\/www.lespolissonsdelachanson.fr\/outil\/index.php?rest_route=\/wp\/v2\/pages\/8677\/revisions\/11239"}],"up":[{"embeddable":true,"href":"http:\/\/www.lespolissonsdelachanson.fr\/outil\/index.php?rest_route=\/wp\/v2\/pages\/9937"}],"wp:attachment":[{"href":"http:\/\/www.lespolissonsdelachanson.fr\/outil\/index.php?rest_route=%2Fwp%2Fv2%2Fmedia&parent=8677"}],"curies":[{"name":"wp","href":"https:\/\/api.w.org\/{rel}","templated":true}]}}