{"id":7762,"date":"2017-01-18T19:43:40","date_gmt":"2017-01-18T17:43:40","guid":{"rendered":"http:\/\/www.lespolissonsdelachanson.fr\/outil\/?page_id=7762"},"modified":"2023-01-29T04:27:30","modified_gmt":"2023-01-29T03:27:30","slug":"2017-theatre-sans-animaux","status":"publish","type":"page","link":"http:\/\/www.lespolissonsdelachanson.fr\/outil\/?page_id=7762","title":{"rendered":"2017 Th\u00e9\u00e2tre sans Animaux"},"content":{"rendered":"<h1>JANVIER 2017 : Salle Kercaradec \u00e0 St-Gildas-de-Rhuys<\/h1>\n<p style=\"text-align: center;\"><img loading=\"lazy\" decoding=\"async\" class=\"aligncenter size-large wp-image-7763\" title=\"affiche-theatre-sans-animaux-sg\" src=\"http:\/\/www.lespolissonsdelachanson.fr\/outil\/wp-content\/uploads\/2017\/01\/affiche-theatre-sans-animaux-sg-724x1024.jpg\" alt=\"affiche-theatre-sans-animaux-sg\" width=\"579\" height=\"819\" srcset=\"http:\/\/www.lespolissonsdelachanson.fr\/outil\/wp-content\/uploads\/2017\/01\/affiche-theatre-sans-animaux-sg-724x1024.jpg 724w, http:\/\/www.lespolissonsdelachanson.fr\/outil\/wp-content\/uploads\/2017\/01\/affiche-theatre-sans-animaux-sg-106x150.jpg 106w, http:\/\/www.lespolissonsdelachanson.fr\/outil\/wp-content\/uploads\/2017\/01\/affiche-theatre-sans-animaux-sg-212x300.jpg 212w, http:\/\/www.lespolissonsdelachanson.fr\/outil\/wp-content\/uploads\/2017\/01\/affiche-theatre-sans-animaux-sg.jpg 794w\" sizes=\"auto, (max-width: 579px) 100vw, 579px\" \/><\/p>\n<p><img loading=\"lazy\" decoding=\"async\" class=\"aligncenter size-full wp-image-7768\" title=\"programme\" src=\"http:\/\/www.lespolissonsdelachanson.fr\/outil\/wp-content\/uploads\/2017\/01\/programme.jpg\" alt=\"programme\" width=\"605\" height=\"454\" srcset=\"http:\/\/www.lespolissonsdelachanson.fr\/outil\/wp-content\/uploads\/2017\/01\/programme.jpg 960w, http:\/\/www.lespolissonsdelachanson.fr\/outil\/wp-content\/uploads\/2017\/01\/programme-150x112.jpg 150w, http:\/\/www.lespolissonsdelachanson.fr\/outil\/wp-content\/uploads\/2017\/01\/programme-300x225.jpg 300w\" sizes=\"auto, (max-width: 605px) 100vw, 605px\" \/><\/p>\n<p style=\"text-align: center;\"><img loading=\"lazy\" decoding=\"async\" class=\"aligncenter size-large wp-image-7782\" title=\"img_8465\" src=\"http:\/\/www.lespolissonsdelachanson.fr\/outil\/wp-content\/uploads\/2017\/01\/img_8465-1024x682.jpg\" alt=\"img_8465\" width=\"553\" height=\"368\" srcset=\"http:\/\/www.lespolissonsdelachanson.fr\/outil\/wp-content\/uploads\/2017\/01\/img_8465-1024x682.jpg 1024w, http:\/\/www.lespolissonsdelachanson.fr\/outil\/wp-content\/uploads\/2017\/01\/img_8465-150x100.jpg 150w, http:\/\/www.lespolissonsdelachanson.fr\/outil\/wp-content\/uploads\/2017\/01\/img_8465-300x200.jpg 300w\" sizes=\"auto, (max-width: 553px) 100vw, 553px\" \/><\/p>\n<p style=\"text-align: center;\"><img loading=\"lazy\" decoding=\"async\" class=\"aligncenter size-large wp-image-7785\" title=\"dsc01054\" src=\"http:\/\/www.lespolissonsdelachanson.fr\/outil\/wp-content\/uploads\/2017\/01\/dsc01054-1024x575.jpg\" alt=\"dsc01054\" width=\"553\" height=\"311\" srcset=\"http:\/\/www.lespolissonsdelachanson.fr\/outil\/wp-content\/uploads\/2017\/01\/dsc01054-1024x575.jpg 1024w, http:\/\/www.lespolissonsdelachanson.fr\/outil\/wp-content\/uploads\/2017\/01\/dsc01054-150x84.jpg 150w, http:\/\/www.lespolissonsdelachanson.fr\/outil\/wp-content\/uploads\/2017\/01\/dsc01054-300x168.jpg 300w\" sizes=\"auto, (max-width: 553px) 100vw, 553px\" \/><\/p>\n<p style=\"text-align: center;\"><img loading=\"lazy\" decoding=\"async\" class=\"aligncenter size-large wp-image-7790\" title=\"dsc01047\" src=\"http:\/\/www.lespolissonsdelachanson.fr\/outil\/wp-content\/uploads\/2017\/01\/dsc01047-1024x575.jpg\" alt=\"dsc01047\" width=\"553\" height=\"311\" srcset=\"http:\/\/www.lespolissonsdelachanson.fr\/outil\/wp-content\/uploads\/2017\/01\/dsc01047-1024x575.jpg 1024w, http:\/\/www.lespolissonsdelachanson.fr\/outil\/wp-content\/uploads\/2017\/01\/dsc01047-150x84.jpg 150w, http:\/\/www.lespolissonsdelachanson.fr\/outil\/wp-content\/uploads\/2017\/01\/dsc01047-300x168.jpg 300w\" sizes=\"auto, (max-width: 553px) 100vw, 553px\" \/><\/p>\n<p><em><strong>LE COIN PRESSE<\/strong><\/em><\/p>\n<p style=\"text-align: center;\"><img loading=\"lazy\" decoding=\"async\" class=\"aligncenter size-large wp-image-7774\" title=\"telegramme-17-janvier-2017\" src=\"http:\/\/www.lespolissonsdelachanson.fr\/outil\/wp-content\/uploads\/2017\/01\/telegramme-17-janvier-2017-1024x578.jpg\" alt=\"telegramme-17-janvier-2017\" width=\"553\" height=\"312\" srcset=\"http:\/\/www.lespolissonsdelachanson.fr\/outil\/wp-content\/uploads\/2017\/01\/telegramme-17-janvier-2017-1024x578.jpg 1024w, http:\/\/www.lespolissonsdelachanson.fr\/outil\/wp-content\/uploads\/2017\/01\/telegramme-17-janvier-2017-150x84.jpg 150w, http:\/\/www.lespolissonsdelachanson.fr\/outil\/wp-content\/uploads\/2017\/01\/telegramme-17-janvier-2017-300x169.jpg 300w, http:\/\/www.lespolissonsdelachanson.fr\/outil\/wp-content\/uploads\/2017\/01\/telegramme-17-janvier-2017.jpg 1881w\" sizes=\"auto, (max-width: 553px) 100vw, 553px\" \/><\/p>\n<p style=\"text-align: center;\"><img loading=\"lazy\" decoding=\"async\" class=\"aligncenter size-large wp-image-7777\" title=\"ouest-france-17-janvier-2017\" src=\"http:\/\/www.lespolissonsdelachanson.fr\/outil\/wp-content\/uploads\/2017\/01\/ouest-france-17-janvier-2017-1023x562.jpg\" alt=\"ouest-france-17-janvier-2017\" width=\"553\" height=\"303\" srcset=\"http:\/\/www.lespolissonsdelachanson.fr\/outil\/wp-content\/uploads\/2017\/01\/ouest-france-17-janvier-2017-1023x562.jpg 1023w, http:\/\/www.lespolissonsdelachanson.fr\/outil\/wp-content\/uploads\/2017\/01\/ouest-france-17-janvier-2017-150x82.jpg 150w, http:\/\/www.lespolissonsdelachanson.fr\/outil\/wp-content\/uploads\/2017\/01\/ouest-france-17-janvier-2017-300x164.jpg 300w, http:\/\/www.lespolissonsdelachanson.fr\/outil\/wp-content\/uploads\/2017\/01\/ouest-france-17-janvier-2017.jpg 1388w\" sizes=\"auto, (max-width: 553px) 100vw, 553px\" \/><\/p>\n<h1>MARS 2017 : L&rsquo;Hermine \u00e0 Sarzeau<\/h1>\n<p style=\"text-align: center;\"><img loading=\"lazy\" decoding=\"async\" class=\"aligncenter size-large wp-image-7833\" title=\"affiche-theatre-sans-animaux-sarzeau\" src=\"http:\/\/www.lespolissonsdelachanson.fr\/outil\/wp-content\/uploads\/2017\/03\/affiche-theatre-sans-animaux-sarzeau-724x1024.jpg\" alt=\"affiche-theatre-sans-animaux-sarzeau\" width=\"558\" height=\"789\" srcset=\"http:\/\/www.lespolissonsdelachanson.fr\/outil\/wp-content\/uploads\/2017\/03\/affiche-theatre-sans-animaux-sarzeau-724x1024.jpg 724w, http:\/\/www.lespolissonsdelachanson.fr\/outil\/wp-content\/uploads\/2017\/03\/affiche-theatre-sans-animaux-sarzeau-106x150.jpg 106w, http:\/\/www.lespolissonsdelachanson.fr\/outil\/wp-content\/uploads\/2017\/03\/affiche-theatre-sans-animaux-sarzeau-212x300.jpg 212w, http:\/\/www.lespolissonsdelachanson.fr\/outil\/wp-content\/uploads\/2017\/03\/affiche-theatre-sans-animaux-sarzeau.jpg 794w\" sizes=\"auto, (max-width: 558px) 100vw, 558px\" \/><\/p>\n<p><img loading=\"lazy\" decoding=\"async\" class=\"aligncenter size-large wp-image-7838\" title=\"programme-hermine-03-recto\" src=\"http:\/\/www.lespolissonsdelachanson.fr\/outil\/wp-content\/uploads\/2017\/03\/programme-hermine-03-recto-724x1024.jpg\" alt=\"programme-hermine-03-recto\" width=\"579\" height=\"819\" srcset=\"http:\/\/www.lespolissonsdelachanson.fr\/outil\/wp-content\/uploads\/2017\/03\/programme-hermine-03-recto-724x1024.jpg 724w, http:\/\/www.lespolissonsdelachanson.fr\/outil\/wp-content\/uploads\/2017\/03\/programme-hermine-03-recto-106x150.jpg 106w, http:\/\/www.lespolissonsdelachanson.fr\/outil\/wp-content\/uploads\/2017\/03\/programme-hermine-03-recto-212x300.jpg 212w, http:\/\/www.lespolissonsdelachanson.fr\/outil\/wp-content\/uploads\/2017\/03\/programme-hermine-03-recto.jpg 794w\" sizes=\"auto, (max-width: 579px) 100vw, 579px\" \/><\/p>\n<p style=\"text-align: center;\"><img loading=\"lazy\" decoding=\"async\" class=\"aligncenter size-large wp-image-7842\" title=\"dsc01171\" src=\"http:\/\/www.lespolissonsdelachanson.fr\/outil\/wp-content\/uploads\/2017\/03\/dsc01171-1024x682.jpg\" alt=\"dsc01171\" width=\"553\" height=\"368\" srcset=\"http:\/\/www.lespolissonsdelachanson.fr\/outil\/wp-content\/uploads\/2017\/03\/dsc01171-1024x682.jpg 1024w, http:\/\/www.lespolissonsdelachanson.fr\/outil\/wp-content\/uploads\/2017\/03\/dsc01171-150x100.jpg 150w, http:\/\/www.lespolissonsdelachanson.fr\/outil\/wp-content\/uploads\/2017\/03\/dsc01171-300x200.jpg 300w\" sizes=\"auto, (max-width: 553px) 100vw, 553px\" \/><\/p>\n<p style=\"text-align: center;\"><img loading=\"lazy\" decoding=\"async\" class=\"aligncenter size-large wp-image-7845\" title=\"dsc01173\" src=\"http:\/\/www.lespolissonsdelachanson.fr\/outil\/wp-content\/uploads\/2017\/03\/dsc01173-1024x671.jpg\" alt=\"dsc01173\" width=\"553\" height=\"363\" srcset=\"http:\/\/www.lespolissonsdelachanson.fr\/outil\/wp-content\/uploads\/2017\/03\/dsc01173-1024x671.jpg 1024w, http:\/\/www.lespolissonsdelachanson.fr\/outil\/wp-content\/uploads\/2017\/03\/dsc01173-150x98.jpg 150w, http:\/\/www.lespolissonsdelachanson.fr\/outil\/wp-content\/uploads\/2017\/03\/dsc01173-300x196.jpg 300w\" sizes=\"auto, (max-width: 553px) 100vw, 553px\" \/><\/p>\n<p style=\"text-align: center;\"><img loading=\"lazy\" decoding=\"async\" class=\"aligncenter size-large wp-image-7848\" title=\"dsc01176\" src=\"http:\/\/www.lespolissonsdelachanson.fr\/outil\/wp-content\/uploads\/2017\/03\/dsc01176-1023x682.jpg\" alt=\"dsc01176\" width=\"553\" height=\"368\" srcset=\"http:\/\/www.lespolissonsdelachanson.fr\/outil\/wp-content\/uploads\/2017\/03\/dsc01176-1023x682.jpg 1023w, http:\/\/www.lespolissonsdelachanson.fr\/outil\/wp-content\/uploads\/2017\/03\/dsc01176-150x100.jpg 150w, http:\/\/www.lespolissonsdelachanson.fr\/outil\/wp-content\/uploads\/2017\/03\/dsc01176-300x200.jpg 300w\" sizes=\"auto, (max-width: 553px) 100vw, 553px\" \/><\/p>\n<p><em><strong>LE COIN PRESSE<\/strong><\/em><\/p>\n<p style=\"text-align: center;\"><img loading=\"lazy\" decoding=\"async\" class=\"aligncenter size-large wp-image-7899\" title=\"ouest-france-6-mars\" src=\"http:\/\/www.lespolissonsdelachanson.fr\/outil\/wp-content\/uploads\/2017\/03\/ouest-france-6-mars-1024x902.jpg\" alt=\"ouest-france-6-mars\" width=\"553\" height=\"487\" srcset=\"http:\/\/www.lespolissonsdelachanson.fr\/outil\/wp-content\/uploads\/2017\/03\/ouest-france-6-mars-1024x902.jpg 1024w, http:\/\/www.lespolissonsdelachanson.fr\/outil\/wp-content\/uploads\/2017\/03\/ouest-france-6-mars-150x132.jpg 150w, http:\/\/www.lespolissonsdelachanson.fr\/outil\/wp-content\/uploads\/2017\/03\/ouest-france-6-mars-300x264.jpg 300w, http:\/\/www.lespolissonsdelachanson.fr\/outil\/wp-content\/uploads\/2017\/03\/ouest-france-6-mars.jpg 1327w\" sizes=\"auto, (max-width: 553px) 100vw, 553px\" \/><\/p>\n<p style=\"text-align: center;\"><img loading=\"lazy\" decoding=\"async\" class=\"aligncenter size-large wp-image-7903\" title=\"telegramme-6-mars2017\" src=\"http:\/\/www.lespolissonsdelachanson.fr\/outil\/wp-content\/uploads\/2017\/03\/telegramme-6-mars2017-552x1024.jpg\" alt=\"telegramme-6-mars2017\" width=\"552\" height=\"1024\" srcset=\"http:\/\/www.lespolissonsdelachanson.fr\/outil\/wp-content\/uploads\/2017\/03\/telegramme-6-mars2017-552x1024.jpg 552w, http:\/\/www.lespolissonsdelachanson.fr\/outil\/wp-content\/uploads\/2017\/03\/telegramme-6-mars2017-161x300.jpg 161w, http:\/\/www.lespolissonsdelachanson.fr\/outil\/wp-content\/uploads\/2017\/03\/telegramme-6-mars2017.jpg 1248w\" sizes=\"auto, (max-width: 552px) 100vw, 552px\" \/><\/p>\n","protected":false},"excerpt":{"rendered":"<p>JANVIER 2017 : Salle Kercaradec \u00e0 St-Gildas-de-Rhuys LE COIN PRESSE MARS 2017 : L&rsquo;Hermine \u00e0 Sarzeau LE COIN PRESSE<\/p>\n","protected":false},"author":5,"featured_media":0,"parent":10056,"menu_order":6,"comment_status":"open","ping_status":"open","template":"","meta":{"ngg_post_thumbnail":0,"footnotes":""},"class_list":["post-7762","page","type-page","status-publish","hentry"],"_links":{"self":[{"href":"http:\/\/www.lespolissonsdelachanson.fr\/outil\/index.php?rest_route=\/wp\/v2\/pages\/7762","targetHints":{"allow":["GET"]}}],"collection":[{"href":"http:\/\/www.lespolissonsdelachanson.fr\/outil\/index.php?rest_route=\/wp\/v2\/pages"}],"about":[{"href":"http:\/\/www.lespolissonsdelachanson.fr\/outil\/index.php?rest_route=\/wp\/v2\/types\/page"}],"author":[{"embeddable":true,"href":"http:\/\/www.lespolissonsdelachanson.fr\/outil\/index.php?rest_route=\/wp\/v2\/users\/5"}],"replies":[{"embeddable":true,"href":"http:\/\/www.lespolissonsdelachanson.fr\/outil\/index.php?rest_route=%2Fwp%2Fv2%2Fcomments&post=7762"}],"version-history":[{"count":8,"href":"http:\/\/www.lespolissonsdelachanson.fr\/outil\/index.php?rest_route=\/wp\/v2\/pages\/7762\/revisions"}],"predecessor-version":[{"id":10144,"href":"http:\/\/www.lespolissonsdelachanson.fr\/outil\/index.php?rest_route=\/wp\/v2\/pages\/7762\/revisions\/10144"}],"up":[{"embeddable":true,"href":"http:\/\/www.lespolissonsdelachanson.fr\/outil\/index.php?rest_route=\/wp\/v2\/pages\/10056"}],"wp:attachment":[{"href":"http:\/\/www.lespolissonsdelachanson.fr\/outil\/index.php?rest_route=%2Fwp%2Fv2%2Fmedia&parent=7762"}],"curies":[{"name":"wp","href":"https:\/\/api.w.org\/{rel}","templated":true}]}}