{"id":762,"date":"2009-05-09T16:21:09","date_gmt":"2009-05-09T14:21:09","guid":{"rendered":"http:\/\/www.lespolissonsdelachanson.fr\/outil\/?page_id=762"},"modified":"2023-01-30T09:23:59","modified_gmt":"2023-01-30T08:23:59","slug":"%c2%ab-chemin-d%e2%80%99etoiles-chants-de-saint-jacques-de-compostelle-au-12eme-siecle%c2%bb","status":"publish","type":"page","link":"http:\/\/www.lespolissonsdelachanson.fr\/outil\/?page_id=762","title":{"rendered":"2008 \u00ab\u00a0Chemin d&rsquo;\u00e9toiles\u00a0\u00bb"},"content":{"rendered":"<h3><span style=\"color: #000000;\">Programme 2<br \/>\n\u00ab Chemin d\u2019\u00e9toiles, chants de Saint-Jacques de Compostelle au 12\u00e8me si\u00e8cle\u00bb<br \/>\nextraits du codex Calixtinus<\/span><\/h3>\n<p>Regem regum Dominum \u2013 Invitatorium<br \/>\nSalve festa dies \u2013 versus du pape Calixte<br \/>\nIn hac die laudes cum gaudio \u2013 Conductum sancti Iacobi a domno Fulberto Karnotensi episcopo editum<br \/>\nAnnua gaudia Iacobi \u2013 conduit Magister Airardus Viziliancensis<br \/>\nAd superni regis decus \u2013 trope du Benedicamus \u2013 Magister Albericus archiepiscopus<br \/>\nGratulantes celebremus festum \u2013 Magister Gosienus episcopus Suessionis<br \/>\nResonet nostra Domino \u2013 Conductum sancti Iacobi a Magestro Roberto cardinali Romano editum<br \/>\nAd honorem regis summi \u2013 Aimericus Picaudi, presbiter de Partiniaco<br \/>\nNostra phalanx plaudat leta \u2013 Conductum Ato episcopus Trecensis<br \/>\nAd sepulcrum beati Iacobi \u2013 Ad vesperas<br \/>\nPortum in ultimo \u2013 Prosa Ato episcopus Trecensis<br \/>\nRegi perhennis glorie \u2013 trope du Benedicamus \u2013 Magister Gauterius de Castello Rainardo<br \/>\nCongaudeant catholici \u2013 trope du Benedicamus \u2013 Magister Albertus Parisiensis<br \/>\nIacobe sancta tuum \u2013 Conductum sancti Iacobi ad antique episcopo Boneventino editum<br \/>\nAlleluia vocavit Ihesus Efonisen \u2013 Alleluia in Greco<br \/>\nAgnus Dei \u2013 Agnus Fulberti episcope Karnotensis<br \/>\nDum pater familias \u2013 Hymne de sancto Iacobo<br \/>\nVox nostra resonet \u2013 Magister Iohannes LegalisLe codex Calixtinus, aussi appel\u00e9 le Liber Sancti Jacobi ou le Livre de Saint-Jacques, est avant tout un manuscrit musical dont la plupart des pi\u00e8ces reprennent des m\u00e9lodies gr\u00e9goriennes en y adaptant un texte \u00e0 la gloire de l\u2019ap\u00f4tre. Conserv\u00e9 \u00e0 Compostelle, il fut r\u00e9dig\u00e9 vers le milieu du 12\u00e8me si\u00e8cle.<br \/>\nC\u2019est pour donner plus de cr\u00e9dit \u00e0 leur ouvrage, le Liber Sancti Jacobi, que ses auteurs composent une fausse lettre dite \u00ab apocryphe \u00bb soi-disant sign\u00e9e sous le nom de Calixte II (alors que ce pape est d\u00e9j\u00e0 mort depuis plusieurs ann\u00e9es) et la place en t\u00eate de ce recueil consacr\u00e9 \u00e0 la gloire de Saint-Jacques. C\u2019est pourquoi celui-ci est parfois d\u00e9sign\u00e9 sous le nom de codex Calixtinus.<br \/>\nMais le grand int\u00e9r\u00eat de ce recueil r\u00e9side dans les pi\u00e8ces polyphoniques (dix-neuf \u00e0 deux voix et une \u00e0 trois voix) qui sont parmi les premi\u00e8res \u00e0 avoir \u00e9t\u00e9 not\u00e9es et t\u00e9moignant d\u2019une grande virtuosit\u00e9 vocale et de la pratique d\u2019un contrepoint subtil.<br \/>\nLa pi\u00e8ce Congaudeant catholici est la plus ancienne pi\u00e8ce \u00e0 trois voix qui soit parvenue jusqu\u2019\u00e0 nous.<br \/>\nLa plupart des \u0153uvres musicales du Liber Sancti Jacobi sont attribu\u00e9es \u00e0 des auteurs g\u00e9n\u00e9ralement fran\u00e7ais (ant\u00e9rieurs ou contemporains, de Troyes, Vezelay, Nevers ou Bourges). Le compositeur qui laisse le plus grand nombre d\u2019adaptations polyphoniques est l\u2019\u00e9v\u00eaque Atton de Troyes qui se retira \u00e0 Cluny en 1145, soit \u00e0 l\u2019\u00e9poque m\u00eame de la compilation du Livre de Saint-Jacques.<br \/>\n\u00ab Chemin d\u2019\u00e9toiles, chants de Saint-Jacques de Compostelle au 12\u00e8me si\u00e8cle\u00bb pr\u00e9sente un vaste \u00e9ventail de ces premi\u00e8res polyphonies que les p\u00e8lerins entendaient \u00e0 l\u2019\u00e9poque o\u00f9 les hommes b\u00e2tissaient les premi\u00e8res cath\u00e9drales.<br \/>\nAndr\u00e9 Forner<\/p>\n<p style=\"text-align: center;\"><img loading=\"lazy\" decoding=\"async\" class=\"size-full wp-image-775 aligncenter\" title=\"2008-12-20-st-jacques-de-compostelle-sarzeau-03\" src=\"http:\/\/www.lespolissonsdelachanson.fr\/outil\/wp-content\/uploads\/2009\/05\/2008-12-20-st-jacques-de-compostelle-sarzeau-03.jpg\" alt=\"2008-12-20-st-jacques-de-compostelle-sarzeau-03\" width=\"512\" height=\"342\" srcset=\"http:\/\/www.lespolissonsdelachanson.fr\/outil\/wp-content\/uploads\/2009\/05\/2008-12-20-st-jacques-de-compostelle-sarzeau-03.jpg 512w, http:\/\/www.lespolissonsdelachanson.fr\/outil\/wp-content\/uploads\/2009\/05\/2008-12-20-st-jacques-de-compostelle-sarzeau-03-300x200.jpg 300w\" sizes=\"auto, (max-width: 512px) 100vw, 512px\" \/><\/p>\n<p style=\"text-align: center;\"><img loading=\"lazy\" decoding=\"async\" class=\"size-full wp-image-777 aligncenter\" title=\"2008-12-20-st-jacques-de-compostelle-sarzeau-05\" src=\"http:\/\/www.lespolissonsdelachanson.fr\/outil\/wp-content\/uploads\/2009\/05\/2008-12-20-st-jacques-de-compostelle-sarzeau-05.jpg\" alt=\"2008-12-20-st-jacques-de-compostelle-sarzeau-05\" width=\"512\" height=\"342\" srcset=\"http:\/\/www.lespolissonsdelachanson.fr\/outil\/wp-content\/uploads\/2009\/05\/2008-12-20-st-jacques-de-compostelle-sarzeau-05.jpg 512w, http:\/\/www.lespolissonsdelachanson.fr\/outil\/wp-content\/uploads\/2009\/05\/2008-12-20-st-jacques-de-compostelle-sarzeau-05-300x200.jpg 300w\" sizes=\"auto, (max-width: 512px) 100vw, 512px\" \/><\/p>\n<p style=\"text-align: center;\"><img loading=\"lazy\" decoding=\"async\" class=\"size-full wp-image-778 aligncenter\" title=\"2008-12-20-st-jacques-de-compostelle-sarzeau-06\" src=\"http:\/\/www.lespolissonsdelachanson.fr\/outil\/wp-content\/uploads\/2009\/05\/2008-12-20-st-jacques-de-compostelle-sarzeau-06.jpg\" alt=\"2008-12-20-st-jacques-de-compostelle-sarzeau-06\" width=\"512\" height=\"342\" srcset=\"http:\/\/www.lespolissonsdelachanson.fr\/outil\/wp-content\/uploads\/2009\/05\/2008-12-20-st-jacques-de-compostelle-sarzeau-06.jpg 512w, http:\/\/www.lespolissonsdelachanson.fr\/outil\/wp-content\/uploads\/2009\/05\/2008-12-20-st-jacques-de-compostelle-sarzeau-06-300x200.jpg 300w\" sizes=\"auto, (max-width: 512px) 100vw, 512px\" \/><\/p>\n<p><em><strong>LE COIN PRESSE<\/strong><\/em><\/p>\n<header class=\"article__header\">\n<h1 class=\"article__header__title\">R\u00e9cital. Les Polissons go\u00fbtent aux chants du XII e si\u00e8cle<\/h1>\n<p><span class=\"article__header__date\">Le T\u00e9l\u00e9gramme, publi\u00e9 le 27 ao\u00fbt 2008 \u00e0 00h00<\/span><\/p>\n<\/header>\n<p>&nbsp;<\/p>\n<figure class=\"article__main__figure\"><img decoding=\"async\" class=\"article__main__img\" title=\"\" src=\"https:\/\/www.letelegramme.fr\/images\/2008\/08\/27\/200808273685606_1.jpg\" alt=\"Les Polissons de la chanson se sont r\u00e9unis lundi, \u00e0 la Maison des associations de Sarzeau, pour une r\u00e9p\u00e9tition autour des journ\u00e9es \u00ab Ab\u00e9lard et H\u00e9lo\u00efse \u00bb, dans le cadre du mill\u00e9naire.\"><figcaption class=\"article__main__figcaption\">Les Polissons de la chanson se sont r\u00e9unis lundi, \u00e0 la Maison des associations de Sarzeau, pour une r\u00e9p\u00e9tition autour des journ\u00e9es \u00ab Ab\u00e9lard et H\u00e9lo\u00efse \u00bb, dans le cadre du mill\u00e9naire.<\/figcaption><\/figure>\n<div class=\"article__main__wrapper\">\n<div class=\"article__wrapper__content\">\n<h2 class=\"article__chapo\">L&rsquo;association les Polissons de la chanson organise les journ\u00e9es \u00ab Ab\u00e9lard et H\u00e9lo\u00efse \u00bb dans le cadre du mill\u00e9naire de Rhuys.<\/h2>\n<div class=\"article__content noscript \">\n<p><span class=\"lettrine\">L<\/span>&lsquo;association les Polissons de la chanson organise les journ\u00e9es \u00ab Ab\u00e9lard et H\u00e9lo\u00efse \u00bb dans le cadre du mill\u00e9naire de Rhuys. Les r\u00e9citals sur le th\u00e8me du chant du XII e si\u00e8cle auront lieu en chapelles, du 20 septembre au 12 octobre. Deux programmes diff\u00e9rents de concerts seront interpr\u00e9t\u00e9s par quinze chanteurs, cinq hommes et dix femmes. Le premier est \u00ab Ab\u00e9lard et H\u00e9lo\u00efse, lettres et chants au XII e si\u00e8cle \u00bb et se d\u00e9roulera les samedis 20 septembre, \u00e0 21 h, \u00e0 la chapelle Saint-Nicolas de Kerners \u00e0 Arzon et dimanche 21 septembre, \u00e0 17 h, \u00e0 la chapelle de la c\u00f4te \u00e0 Penvins en Sarzeau. Il aura \u00e9galement lieu le samedi 4 octobre, \u00e0 21 h, \u00e0 la chapelle Saint-Martin en Sarzeau et le dimanche 5 octobre, \u00e0 17 h, \u00e0 l&rsquo;abbatiale de Saint-Gildas-de-Rhuys.<\/p>\n<p><b>Un chef de choeur sp\u00e9cialis\u00e9 <\/b><\/p>\n<p>L&rsquo;autre r\u00e9cital, \u00ab Chemin d&rsquo;\u00e9toiles, chants de Saint-Jacques de Compostelle au XII e si\u00e8cle \u00bb, aura lieu les samedis 27 septembre, \u00e0 21 h, \u00e0 la chapelle de Kerguet en Sarzeau et le dimanche 28 septembre, \u00e0 17 h, \u00e0 la chapelle du Crouesty en Arzon. Il aura \u00e9galement lieu les samedis 11 octobre, \u00e0 21 h, \u00e0 la chapelle Notre-Dame de Recouvrance en Surzur et dimanche 12 octobre, \u00e0 17 h, \u00e0 la chapelle de Saint-Jacques \u00e0 Tr\u00e9venaste en Sarzeau. Les Polissons de la chanson, sous la direction d&rsquo;Andr\u00e9 Forner, pr\u00e9senteront un nouveau registre de chants anciens dont leur chef de choeur est sp\u00e9cialiste depuis quinze ans.Pratique Tarif : 5 \u0080; gratuit pour les moins de 12 ans. Les billets sont \u00e0 vendre \u00e0 l&rsquo;entr\u00e9e des concerts. Contact : lespolissonsdelachanson@aliceadsl.fr. T\u00e9l. 06.07.21.49.73 ou 06.14.59.98.96. Site : www.lespolissonsdelachanson.fr<\/p>\n<\/div>\n<\/div>\n<\/div>\n<header class=\"article__header\">\n<hr>\n<h1 class=\"article__header__title\">Polissons de la chanson. Du Moyen-\u00c2ge \u00e0 Mozart<\/h1>\n<p><span class=\"article__header__date\">Le T\u00e9l\u00e9gramme, Publi\u00e9 le 23 d\u00e9cembre 2008 \u00e0 00h00<\/span><\/header>\n<p><main class=\"article__main\"><\/p>\n<figure class=\"article__main__figure\"><img decoding=\"async\" class=\"article__main__img\" title=\"\" src=\"https:\/\/www.letelegramme.fr\/images\/2008\/12\/23\/200812234414389_1.jpg\" alt=\"Les Polissons de la chanson ont interpr\u00e9t\u00e9 leur programme, \u00ab Chemin d'\u00e9toiles, chants de Saint-Jacques de Compostelle au XII e si\u00e8cle \u00bb, \u00e0 l'\u00e9glise abbatiale de Saint-Gildas-de-Rhuys, dimanche 21 d\u00e9ce\"><figcaption class=\"article__main__figcaption\">Les Polissons de la chanson ont interpr\u00e9t\u00e9 leur programme, \u00ab Chemin d&rsquo;\u00e9toiles, chants de Saint-Jacques de Compostelle au XII e si\u00e8cle \u00bb, \u00e0 l&rsquo;\u00e9glise abbatiale de Saint-Gildas-de-Rhuys, dimanche 21 d\u00e9cembre dernier. La chorale commencera \u00e0 travailler \u00e0 partir de mi-janvier, \u00ab les Nocturnes \u00bb, de Mozart, et \u00ab la messe br\u00e8ve \u00bb, de L\u00e9o Delibes. Les r\u00e9p\u00e9titions ont lieu le lundi, de 18 h \u00e0 20 h, au centre Robert-Hiebst, \u00e0 Sarzeau. Renseignements : Annick Legris, t\u00e9l. 02.97.41.32.28, ou Jacqueline et Andr\u00e9<\/figcaption><\/figure>\n<p><\/main><\/p>\n","protected":false},"excerpt":{"rendered":"<p>Programme 2 \u00ab Chemin d\u2019\u00e9toiles, chants de Saint-Jacques de Compostelle au 12\u00e8me si\u00e8cle\u00bb extraits du codex Calixtinus Regem regum Dominum \u2013 Invitatorium Salve festa dies \u2013 versus du pape Calixte In hac die laudes cum gaudio \u2013 Conductum sancti Iacobi a domno Fulberto Karnotensi episcopo editum Annua gaudia Iacobi \u2013 conduit Magister Airardus Viziliancensis Ad &hellip; <\/p>\n<p class=\"link-more\"><a href=\"http:\/\/www.lespolissonsdelachanson.fr\/outil\/?page_id=762\" class=\"more-link\">Continuer la lecture<span class=\"screen-reader-text\"> de &laquo;&nbsp;2008 \u00ab\u00a0Chemin d&rsquo;\u00e9toiles\u00a0\u00bb&nbsp;&raquo;<\/span><\/a><\/p>\n","protected":false},"author":1,"featured_media":0,"parent":10047,"menu_order":9,"comment_status":"open","ping_status":"open","template":"","meta":{"ngg_post_thumbnail":0,"footnotes":""},"class_list":["post-762","page","type-page","status-publish","hentry"],"_links":{"self":[{"href":"http:\/\/www.lespolissonsdelachanson.fr\/outil\/index.php?rest_route=\/wp\/v2\/pages\/762","targetHints":{"allow":["GET"]}}],"collection":[{"href":"http:\/\/www.lespolissonsdelachanson.fr\/outil\/index.php?rest_route=\/wp\/v2\/pages"}],"about":[{"href":"http:\/\/www.lespolissonsdelachanson.fr\/outil\/index.php?rest_route=\/wp\/v2\/types\/page"}],"author":[{"embeddable":true,"href":"http:\/\/www.lespolissonsdelachanson.fr\/outil\/index.php?rest_route=\/wp\/v2\/users\/1"}],"replies":[{"embeddable":true,"href":"http:\/\/www.lespolissonsdelachanson.fr\/outil\/index.php?rest_route=%2Fwp%2Fv2%2Fcomments&post=762"}],"version-history":[{"count":12,"href":"http:\/\/www.lespolissonsdelachanson.fr\/outil\/index.php?rest_route=\/wp\/v2\/pages\/762\/revisions"}],"predecessor-version":[{"id":10334,"href":"http:\/\/www.lespolissonsdelachanson.fr\/outil\/index.php?rest_route=\/wp\/v2\/pages\/762\/revisions\/10334"}],"up":[{"embeddable":true,"href":"http:\/\/www.lespolissonsdelachanson.fr\/outil\/index.php?rest_route=\/wp\/v2\/pages\/10047"}],"wp:attachment":[{"href":"http:\/\/www.lespolissonsdelachanson.fr\/outil\/index.php?rest_route=%2Fwp%2Fv2%2Fmedia&parent=762"}],"curies":[{"name":"wp","href":"https:\/\/api.w.org\/{rel}","templated":true}]}}