{"id":737,"date":"2009-05-09T15:44:08","date_gmt":"2009-05-09T13:44:08","guid":{"rendered":"http:\/\/www.lespolissonsdelachanson.fr\/outil\/?page_id=737"},"modified":"2023-01-29T06:14:56","modified_gmt":"2023-01-29T05:14:56","slug":"2008-journees-abelard-et-heloise","status":"publish","type":"page","link":"http:\/\/www.lespolissonsdelachanson.fr\/outil\/?page_id=737","title":{"rendered":"2008 Journ\u00e9es \u00ab\u00a0Ab\u00e9lard et H\u00e9lo\u00efse\u00a0\u00bb"},"content":{"rendered":"<p style=\"text-align: center;\"><img loading=\"lazy\" decoding=\"async\" class=\"size-full wp-image-739 aligncenter\" title=\"affichejourneesabelardethelose_595\" src=\"http:\/\/www.lespolissonsdelachanson.fr\/outil\/wp-content\/uploads\/2009\/05\/affichejourneesabelardethelose_595.jpg\" alt=\"affichejourneesabelardethelose_595\" width=\"595\" height=\"839\" srcset=\"http:\/\/www.lespolissonsdelachanson.fr\/outil\/wp-content\/uploads\/2009\/05\/affichejourneesabelardethelose_595.jpg 595w, http:\/\/www.lespolissonsdelachanson.fr\/outil\/wp-content\/uploads\/2009\/05\/affichejourneesabelardethelose_595-212x300.jpg 212w\" sizes=\"auto, (max-width: 595px) 100vw, 595px\" \/><\/p>\n<h3 style=\"text-align: justify;\"><span style=\"color: #000000;\"><strong>Programme 1<br \/>\n\u00ab Ab\u00e9lard et H\u00e9lo\u00efse, lettres et chants au 12\u00e8me si\u00e8cle \u00bb<\/strong><br \/>\n<em><br \/>\n<\/em>Alleluya Veni Sancte Spiritus, chant dominicain<br \/>\nAnnus novus in gaudio, polyphonie aquitaine<br \/>\nLai des pucelles, Ab\u00e9lard<br \/>\nDehors, lonc pr\u00e9 et bosquet, pastourelle, Moniot d\u2019Arras<br \/>\nQuand li rossignol s\u2019\u00e9crie, trouv\u00e8re anonyme<br \/>\nPlanctus virginem Israel super filia Iepte galadite, Ab\u00e9lard<br \/>\nVerbum bonum et suave, prose<br \/>\nMater Dei, Mater Virgo, Eius, codex Montpellier<br \/>\nRedit Aetas aurea, conduit Ecole Notre-Dame de Paris<br \/>\nGaudens in Domino, lecture polyphonique<br \/>\nPlanctus Iacob super filios tuos, Ab\u00e9lard<br \/>\nAlle Psallite cum luya, codex Montpellier<br \/>\nPacem meam do vobis, liturgie mozarabe<br \/>\nLa rosa enflorece, chant s\u00e9pharade<\/span><\/h3>\n<p>Notre r\u00e9gion nous a l\u00e9gu\u00e9 un h\u00e9ritage riche d\u2019histoire. Et, d\u00e8s le 12\u00e8me si\u00e8cle, nous avons trace du passage de ce haut personnage que fut Ma\u00eetre Pierre Ab\u00e9lard. Son s\u00e9jour ici lui fut tr\u00e8s \u00e9prouvant. Nous pouvons cependant nous enorgueillir d\u2019avoir, dans notre patrimoine local, pris part aux \u00e9v\u00e9nements de l\u2019histoire universelle.<br \/>\nC\u2019est en 1127 que le c\u00e9l\u00e8bre ma\u00eetre Pierre est nomm\u00e9 abb\u00e9 \u00e0 Saint-Gildas. Il v\u00e9cut ces six ann\u00e9es \u00e0 la t\u00eate de l\u2019abbaye comme un purgatoire apr\u00e8s une vie charg\u00e9e de moult aventures. C\u2019est l\u00e0 qu\u2019il \u00e9crira \u00ab le r\u00e9cit de mes malheurs \u00bb.<br \/>\nDe sa naissance en 1079 au Pallet pr\u00e8s de Nantes, sa fulgurante ascension en g\u00e9nial philosophe d\u00e9passant ses ma\u00eetres et dialecticien dou\u00e9, non conformiste, son histoire d\u2019amour hors du commun avec son \u00e9tudiante H\u00e9lo\u00efse, puis les pers\u00e9cutions de ses pairs et de la famille de la jeune fille, Ab\u00e9lard brosse un tableau de la passion et de la raison, \u00e9cho de ce 12\u00e8me si\u00e8cle, scolastique et courtois, pendant lequel l\u2019universit\u00e9 et l\u2019amour ont pris naissance.<br \/>\nC\u2019est dans ce si\u00e8cle charni\u00e8re qu\u2019H\u00e9lo\u00efse \u00e9crira les plus \u00e9mouvantes lettres d\u2019amour de deux \u00eatres s\u00e9par\u00e9s par la vie mais unis pour l\u2019\u00e9ternit\u00e9.<br \/>\n<strong>\u00abAb\u00e9lard et H\u00e9lo\u00efse, lettres et chants au 12\u00e8me si\u00e8cle \u00bb<\/strong> pr\u00e9sente un vaste \u00e9ventail de la multitude d\u2019\u00e9coles musicales fleurissant dans tout le continent d\u2019un monast\u00e8re \u00e0 l\u2019autre, de la naissance de la polyphonie et de l\u2019\u00e9closion des troubadours et des trouv\u00e8res. Ces pi\u00e8ces chant\u00e9es sont ins\u00e9r\u00e9es dans un floril\u00e8ge de morceaux choisis des Lettres, correspondance d\u2019H\u00e9lo\u00efse et Ab\u00e9lard, permettant de retracer l\u2019itin\u00e9raire de leur sublime aventure.<br \/>\n<em>Andr\u00e9 Forner<\/em><\/p>\n<p><img loading=\"lazy\" decoding=\"async\" class=\"size-full wp-image-758 aligncenter\" title=\"2008-10-04-abelard-heloise-st-martin-08\" src=\"http:\/\/www.lespolissonsdelachanson.fr\/outil\/wp-content\/uploads\/2009\/05\/2008-10-04-abelard-heloise-st-martin-08.jpg\" alt=\"2008-10-04-abelard-heloise-st-martin-08\" width=\"553\" height=\"369\" srcset=\"http:\/\/www.lespolissonsdelachanson.fr\/outil\/wp-content\/uploads\/2009\/05\/2008-10-04-abelard-heloise-st-martin-08.jpg 614w, http:\/\/www.lespolissonsdelachanson.fr\/outil\/wp-content\/uploads\/2009\/05\/2008-10-04-abelard-heloise-st-martin-08-300x200.jpg 300w\" sizes=\"auto, (max-width: 553px) 100vw, 553px\" \/><img loading=\"lazy\" decoding=\"async\" class=\"size-full wp-image-756 aligncenter\" title=\"2008-10-04-abelard-heloise-st-martin-06\" src=\"http:\/\/www.lespolissonsdelachanson.fr\/outil\/wp-content\/uploads\/2009\/05\/2008-10-04-abelard-heloise-st-martin-06.jpg\" alt=\"2008-10-04-abelard-heloise-st-martin-06\" width=\"553\" height=\"369\" srcset=\"http:\/\/www.lespolissonsdelachanson.fr\/outil\/wp-content\/uploads\/2009\/05\/2008-10-04-abelard-heloise-st-martin-06.jpg 614w, http:\/\/www.lespolissonsdelachanson.fr\/outil\/wp-content\/uploads\/2009\/05\/2008-10-04-abelard-heloise-st-martin-06-300x200.jpg 300w\" sizes=\"auto, (max-width: 553px) 100vw, 553px\" \/><\/p>\n","protected":false},"excerpt":{"rendered":"<p>Programme 1 \u00ab Ab\u00e9lard et H\u00e9lo\u00efse, lettres et chants au 12\u00e8me si\u00e8cle \u00bb Alleluya Veni Sancte Spiritus, chant dominicain Annus novus in gaudio, polyphonie aquitaine Lai des pucelles, Ab\u00e9lard Dehors, lonc pr\u00e9 et bosquet, pastourelle, Moniot d\u2019Arras Quand li rossignol s\u2019\u00e9crie, trouv\u00e8re anonyme Planctus virginem Israel super filia Iepte galadite, Ab\u00e9lard Verbum bonum et suave, &hellip; <\/p>\n<p class=\"link-more\"><a href=\"http:\/\/www.lespolissonsdelachanson.fr\/outil\/?page_id=737\" class=\"more-link\">Continuer la lecture<span class=\"screen-reader-text\"> de &laquo;&nbsp;2008 Journ\u00e9es \u00ab\u00a0Ab\u00e9lard et H\u00e9lo\u00efse\u00a0\u00bb&nbsp;&raquo;<\/span><\/a><\/p>\n","protected":false},"author":1,"featured_media":0,"parent":10047,"menu_order":8,"comment_status":"open","ping_status":"open","template":"","meta":{"ngg_post_thumbnail":0,"footnotes":""},"class_list":["post-737","page","type-page","status-publish","hentry"],"_links":{"self":[{"href":"http:\/\/www.lespolissonsdelachanson.fr\/outil\/index.php?rest_route=\/wp\/v2\/pages\/737","targetHints":{"allow":["GET"]}}],"collection":[{"href":"http:\/\/www.lespolissonsdelachanson.fr\/outil\/index.php?rest_route=\/wp\/v2\/pages"}],"about":[{"href":"http:\/\/www.lespolissonsdelachanson.fr\/outil\/index.php?rest_route=\/wp\/v2\/types\/page"}],"author":[{"embeddable":true,"href":"http:\/\/www.lespolissonsdelachanson.fr\/outil\/index.php?rest_route=\/wp\/v2\/users\/1"}],"replies":[{"embeddable":true,"href":"http:\/\/www.lespolissonsdelachanson.fr\/outil\/index.php?rest_route=%2Fwp%2Fv2%2Fcomments&post=737"}],"version-history":[{"count":6,"href":"http:\/\/www.lespolissonsdelachanson.fr\/outil\/index.php?rest_route=\/wp\/v2\/pages\/737\/revisions"}],"predecessor-version":[{"id":10043,"href":"http:\/\/www.lespolissonsdelachanson.fr\/outil\/index.php?rest_route=\/wp\/v2\/pages\/737\/revisions\/10043"}],"up":[{"embeddable":true,"href":"http:\/\/www.lespolissonsdelachanson.fr\/outil\/index.php?rest_route=\/wp\/v2\/pages\/10047"}],"wp:attachment":[{"href":"http:\/\/www.lespolissonsdelachanson.fr\/outil\/index.php?rest_route=%2Fwp%2Fv2%2Fmedia&parent=737"}],"curies":[{"name":"wp","href":"https:\/\/api.w.org\/{rel}","templated":true}]}}