{"id":710,"date":"2009-05-09T15:32:33","date_gmt":"2009-05-09T13:32:33","guid":{"rendered":"http:\/\/www.lespolissonsdelachanson.fr\/outil\/?page_id=710"},"modified":"2024-02-15T23:19:55","modified_gmt":"2024-02-15T22:19:55","slug":"2008-cabaret-annees-60","status":"publish","type":"page","link":"http:\/\/www.lespolissonsdelachanson.fr\/outil\/?page_id=710","title":{"rendered":"2008 Cabaret Ann\u00e9es 60"},"content":{"rendered":"<p style=\"text-align: justify;\"><img loading=\"lazy\" decoding=\"async\" class=\"size-full wp-image-711 aligncenter\" title=\"affichecabaretannees60_595\" src=\"http:\/\/www.lespolissonsdelachanson.fr\/outil\/wp-content\/uploads\/2009\/05\/affichecabaretannees60_595.jpg\" alt=\"affichecabaretannees60_595\" width=\"459\" height=\"640\" srcset=\"http:\/\/www.lespolissonsdelachanson.fr\/outil\/wp-content\/uploads\/2009\/05\/affichecabaretannees60_595.jpg 459w, http:\/\/www.lespolissonsdelachanson.fr\/outil\/wp-content\/uploads\/2009\/05\/affichecabaretannees60_595-215x300.jpg 215w\" sizes=\"auto, (max-width: 459px) 100vw, 459px\" \/><\/p>\n<p><b>R\u00e9cital-cabaret \u00a0\u00bb chansons de ann\u00e9es 60&Prime; par Les Polissons de la Chanson<br \/>\nJeudi 26 juin \u00e0 21h au Cin\u00e9ma Le Richemont \u00e0 Sarzeau<br \/>\n<\/b>Accompagn\u00e9 au piano par Andr\u00e9 Forner, ce r\u00e9cital retracera un panorama de la d\u00e9cennie qui vit na\u00eetre et mourir les y\u00e9y\u00e9s mais qui surtout fut l&rsquo;\u00e2ge des gands auteurs compositeurs interpr\u00e8tes n\u00e9s dans la d\u00e9cennie pr\u00e9c\u00e9dente dans tous les cabarets rive gauche puis rive droite de la capitale. Cette d\u00e9cennie fut \u00e9galement une p\u00e9riode particuli\u00e8rement riche en grands interpr\u00e8tes qui faisaient conna\u00eetre les chansons et les tubes par la propre touche qu&rsquo;ils mettaient dans la qualit\u00e9 de leurs interpr\u00e9tations. Ce sont souvent ces grands interpr\u00e8tes qui ont lanc\u00e9s certaines chansons pour l&rsquo;\u00e9ternit\u00e9. Dans le d\u00e9sordre c\u00eetons Adamo, Richard Anthony, Jean-Claude Annoux, Isabelle Aubret, Jean-Claude Pascal, Frida Boccara, Patricia Carli, Jean-Claude Darnal, Anne Vanderlove, Leny Escudero, Anne Sylvestre, Patrick Abrial, Jacques Debronckart, Georges Chelon, Jehan Jonas, Nicoletta, Rachel, Colette Magny, Maurice Fanon, H\u00e9l\u00e8ne Martin, Henri Gougaud, Eric Charden, Fran\u00e7ois Deguelt, Michel Delpech, Guy Mardel, Gribouille, &#8230; Que de souvenirs pour certains, que de belles chansons \u00e0 d\u00e9couvrir pour les autres&#8230; Champagne pour tout le monde!<br \/>\n<i>Andr\u00e9 Forner<\/i><\/p>\n<p><em><strong>LE COIN PRESSE<\/strong><\/em><\/p>\n<p style=\"text-align: center;\"><img loading=\"lazy\" decoding=\"async\" class=\"size-full wp-image-716 aligncenter\" title=\"l00116\" src=\"http:\/\/www.lespolissonsdelachanson.fr\/outil\/wp-content\/uploads\/2009\/05\/l00116.jpg\" alt=\"l00116\" width=\"518\" height=\"465\" srcset=\"http:\/\/www.lespolissonsdelachanson.fr\/outil\/wp-content\/uploads\/2009\/05\/l00116.jpg 518w, http:\/\/www.lespolissonsdelachanson.fr\/outil\/wp-content\/uploads\/2009\/05\/l00116-300x269.jpg 300w\" sizes=\"auto, (max-width: 518px) 100vw, 518px\" \/><\/p>\n<p><img loading=\"lazy\" decoding=\"async\" class=\"aligncenter size-full wp-image-11036\" src=\"http:\/\/www.lespolissonsdelachanson.fr\/outil\/wp-content\/uploads\/2024\/02\/annees-60-OF.png\" alt=\"\" width=\"916\" height=\"926\" srcset=\"http:\/\/www.lespolissonsdelachanson.fr\/outil\/wp-content\/uploads\/2024\/02\/annees-60-OF.png 916w, http:\/\/www.lespolissonsdelachanson.fr\/outil\/wp-content\/uploads\/2024\/02\/annees-60-OF-297x300.png 297w, http:\/\/www.lespolissonsdelachanson.fr\/outil\/wp-content\/uploads\/2024\/02\/annees-60-OF-148x150.png 148w, http:\/\/www.lespolissonsdelachanson.fr\/outil\/wp-content\/uploads\/2024\/02\/annees-60-OF-768x776.png 768w, http:\/\/www.lespolissonsdelachanson.fr\/outil\/wp-content\/uploads\/2024\/02\/annees-60-OF-100x100.png 100w\" sizes=\"auto, (max-width: 767px) 89vw, (max-width: 1000px) 54vw, (max-width: 1071px) 543px, 580px\" \/><\/p>\n<p><em><strong>REPETITIONS :<\/strong><\/em><\/p>\n<p><img loading=\"lazy\" decoding=\"async\" class=\"aligncenter size-full wp-image-11037\" src=\"http:\/\/www.lespolissonsdelachanson.fr\/outil\/wp-content\/uploads\/2024\/02\/Capture-decran-2024-02-15-a-23.13.08.png\" alt=\"\" width=\"1382\" height=\"922\" srcset=\"http:\/\/www.lespolissonsdelachanson.fr\/outil\/wp-content\/uploads\/2024\/02\/Capture-decran-2024-02-15-a-23.13.08.png 1382w, http:\/\/www.lespolissonsdelachanson.fr\/outil\/wp-content\/uploads\/2024\/02\/Capture-decran-2024-02-15-a-23.13.08-300x200.png 300w, http:\/\/www.lespolissonsdelachanson.fr\/outil\/wp-content\/uploads\/2024\/02\/Capture-decran-2024-02-15-a-23.13.08-1024x683.png 1024w, http:\/\/www.lespolissonsdelachanson.fr\/outil\/wp-content\/uploads\/2024\/02\/Capture-decran-2024-02-15-a-23.13.08-150x100.png 150w, http:\/\/www.lespolissonsdelachanson.fr\/outil\/wp-content\/uploads\/2024\/02\/Capture-decran-2024-02-15-a-23.13.08-768x512.png 768w\" sizes=\"auto, (max-width: 767px) 89vw, (max-width: 1000px) 54vw, (max-width: 1071px) 543px, 580px\" \/><img loading=\"lazy\" decoding=\"async\" class=\"aligncenter size-full wp-image-11038\" src=\"http:\/\/www.lespolissonsdelachanson.fr\/outil\/wp-content\/uploads\/2024\/02\/Capture-decran-2024-02-15-a-23.13.16.png\" alt=\"\" width=\"1386\" height=\"922\" srcset=\"http:\/\/www.lespolissonsdelachanson.fr\/outil\/wp-content\/uploads\/2024\/02\/Capture-decran-2024-02-15-a-23.13.16.png 1386w, http:\/\/www.lespolissonsdelachanson.fr\/outil\/wp-content\/uploads\/2024\/02\/Capture-decran-2024-02-15-a-23.13.16-300x200.png 300w, http:\/\/www.lespolissonsdelachanson.fr\/outil\/wp-content\/uploads\/2024\/02\/Capture-decran-2024-02-15-a-23.13.16-1024x681.png 1024w, http:\/\/www.lespolissonsdelachanson.fr\/outil\/wp-content\/uploads\/2024\/02\/Capture-decran-2024-02-15-a-23.13.16-150x100.png 150w, http:\/\/www.lespolissonsdelachanson.fr\/outil\/wp-content\/uploads\/2024\/02\/Capture-decran-2024-02-15-a-23.13.16-768x511.png 768w\" sizes=\"auto, (max-width: 767px) 89vw, (max-width: 1000px) 54vw, (max-width: 1071px) 543px, 580px\" \/><img loading=\"lazy\" decoding=\"async\" class=\"aligncenter size-full wp-image-11039\" src=\"http:\/\/www.lespolissonsdelachanson.fr\/outil\/wp-content\/uploads\/2024\/02\/Capture-decran-2024-02-15-a-23.13.27.png\" alt=\"\" width=\"1388\" height=\"924\" srcset=\"http:\/\/www.lespolissonsdelachanson.fr\/outil\/wp-content\/uploads\/2024\/02\/Capture-decran-2024-02-15-a-23.13.27.png 1388w, http:\/\/www.lespolissonsdelachanson.fr\/outil\/wp-content\/uploads\/2024\/02\/Capture-decran-2024-02-15-a-23.13.27-300x200.png 300w, http:\/\/www.lespolissonsdelachanson.fr\/outil\/wp-content\/uploads\/2024\/02\/Capture-decran-2024-02-15-a-23.13.27-1024x682.png 1024w, http:\/\/www.lespolissonsdelachanson.fr\/outil\/wp-content\/uploads\/2024\/02\/Capture-decran-2024-02-15-a-23.13.27-150x100.png 150w, http:\/\/www.lespolissonsdelachanson.fr\/outil\/wp-content\/uploads\/2024\/02\/Capture-decran-2024-02-15-a-23.13.27-768x511.png 768w\" sizes=\"auto, (max-width: 767px) 89vw, (max-width: 1000px) 54vw, (max-width: 1071px) 543px, 580px\" \/><img loading=\"lazy\" decoding=\"async\" class=\"aligncenter size-full wp-image-11040\" src=\"http:\/\/www.lespolissonsdelachanson.fr\/outil\/wp-content\/uploads\/2024\/02\/Capture-decran-2024-02-15-a-23.13.38.png\" alt=\"\" width=\"1392\" height=\"928\" srcset=\"http:\/\/www.lespolissonsdelachanson.fr\/outil\/wp-content\/uploads\/2024\/02\/Capture-decran-2024-02-15-a-23.13.38.png 1392w, http:\/\/www.lespolissonsdelachanson.fr\/outil\/wp-content\/uploads\/2024\/02\/Capture-decran-2024-02-15-a-23.13.38-300x200.png 300w, http:\/\/www.lespolissonsdelachanson.fr\/outil\/wp-content\/uploads\/2024\/02\/Capture-decran-2024-02-15-a-23.13.38-1024x683.png 1024w, http:\/\/www.lespolissonsdelachanson.fr\/outil\/wp-content\/uploads\/2024\/02\/Capture-decran-2024-02-15-a-23.13.38-150x100.png 150w, http:\/\/www.lespolissonsdelachanson.fr\/outil\/wp-content\/uploads\/2024\/02\/Capture-decran-2024-02-15-a-23.13.38-768x512.png 768w\" sizes=\"auto, (max-width: 767px) 89vw, (max-width: 1000px) 54vw, (max-width: 1071px) 543px, 580px\" \/><img loading=\"lazy\" decoding=\"async\" class=\"aligncenter size-full wp-image-11041\" src=\"http:\/\/www.lespolissonsdelachanson.fr\/outil\/wp-content\/uploads\/2024\/02\/Capture-decran-2024-02-15-a-23.13.46.png\" alt=\"\" width=\"1386\" height=\"924\" srcset=\"http:\/\/www.lespolissonsdelachanson.fr\/outil\/wp-content\/uploads\/2024\/02\/Capture-decran-2024-02-15-a-23.13.46.png 1386w, http:\/\/www.lespolissonsdelachanson.fr\/outil\/wp-content\/uploads\/2024\/02\/Capture-decran-2024-02-15-a-23.13.46-300x200.png 300w, http:\/\/www.lespolissonsdelachanson.fr\/outil\/wp-content\/uploads\/2024\/02\/Capture-decran-2024-02-15-a-23.13.46-1024x683.png 1024w, http:\/\/www.lespolissonsdelachanson.fr\/outil\/wp-content\/uploads\/2024\/02\/Capture-decran-2024-02-15-a-23.13.46-150x100.png 150w, http:\/\/www.lespolissonsdelachanson.fr\/outil\/wp-content\/uploads\/2024\/02\/Capture-decran-2024-02-15-a-23.13.46-768x512.png 768w\" sizes=\"auto, (max-width: 767px) 89vw, (max-width: 1000px) 54vw, (max-width: 1071px) 543px, 580px\" \/><img loading=\"lazy\" decoding=\"async\" class=\"aligncenter size-full wp-image-11042\" src=\"http:\/\/www.lespolissonsdelachanson.fr\/outil\/wp-content\/uploads\/2024\/02\/Capture-decran-2024-02-15-a-23.13.53.png\" alt=\"\" width=\"1388\" height=\"922\" srcset=\"http:\/\/www.lespolissonsdelachanson.fr\/outil\/wp-content\/uploads\/2024\/02\/Capture-decran-2024-02-15-a-23.13.53.png 1388w, http:\/\/www.lespolissonsdelachanson.fr\/outil\/wp-content\/uploads\/2024\/02\/Capture-decran-2024-02-15-a-23.13.53-300x199.png 300w, http:\/\/www.lespolissonsdelachanson.fr\/outil\/wp-content\/uploads\/2024\/02\/Capture-decran-2024-02-15-a-23.13.53-1024x680.png 1024w, http:\/\/www.lespolissonsdelachanson.fr\/outil\/wp-content\/uploads\/2024\/02\/Capture-decran-2024-02-15-a-23.13.53-150x100.png 150w, http:\/\/www.lespolissonsdelachanson.fr\/outil\/wp-content\/uploads\/2024\/02\/Capture-decran-2024-02-15-a-23.13.53-768x510.png 768w\" sizes=\"auto, (max-width: 767px) 89vw, (max-width: 1000px) 54vw, (max-width: 1071px) 543px, 580px\" \/><img loading=\"lazy\" decoding=\"async\" class=\"aligncenter size-full wp-image-11043\" src=\"http:\/\/www.lespolissonsdelachanson.fr\/outil\/wp-content\/uploads\/2024\/02\/Capture-decran-2024-02-15-a-23.14.02.png\" alt=\"\" width=\"1388\" height=\"920\" srcset=\"http:\/\/www.lespolissonsdelachanson.fr\/outil\/wp-content\/uploads\/2024\/02\/Capture-decran-2024-02-15-a-23.14.02.png 1388w, http:\/\/www.lespolissonsdelachanson.fr\/outil\/wp-content\/uploads\/2024\/02\/Capture-decran-2024-02-15-a-23.14.02-300x199.png 300w, http:\/\/www.lespolissonsdelachanson.fr\/outil\/wp-content\/uploads\/2024\/02\/Capture-decran-2024-02-15-a-23.14.02-1024x679.png 1024w, http:\/\/www.lespolissonsdelachanson.fr\/outil\/wp-content\/uploads\/2024\/02\/Capture-decran-2024-02-15-a-23.14.02-150x99.png 150w, http:\/\/www.lespolissonsdelachanson.fr\/outil\/wp-content\/uploads\/2024\/02\/Capture-decran-2024-02-15-a-23.14.02-768x509.png 768w\" sizes=\"auto, (max-width: 767px) 89vw, (max-width: 1000px) 54vw, (max-width: 1071px) 543px, 580px\" \/><img loading=\"lazy\" decoding=\"async\" class=\"aligncenter size-full wp-image-11044\" src=\"http:\/\/www.lespolissonsdelachanson.fr\/outil\/wp-content\/uploads\/2024\/02\/Capture-decran-2024-02-15-a-23.14.10.png\" alt=\"\" width=\"1392\" height=\"926\" srcset=\"http:\/\/www.lespolissonsdelachanson.fr\/outil\/wp-content\/uploads\/2024\/02\/Capture-decran-2024-02-15-a-23.14.10.png 1392w, http:\/\/www.lespolissonsdelachanson.fr\/outil\/wp-content\/uploads\/2024\/02\/Capture-decran-2024-02-15-a-23.14.10-300x200.png 300w, http:\/\/www.lespolissonsdelachanson.fr\/outil\/wp-content\/uploads\/2024\/02\/Capture-decran-2024-02-15-a-23.14.10-1024x681.png 1024w, http:\/\/www.lespolissonsdelachanson.fr\/outil\/wp-content\/uploads\/2024\/02\/Capture-decran-2024-02-15-a-23.14.10-150x100.png 150w, http:\/\/www.lespolissonsdelachanson.fr\/outil\/wp-content\/uploads\/2024\/02\/Capture-decran-2024-02-15-a-23.14.10-768x511.png 768w\" sizes=\"auto, (max-width: 767px) 89vw, (max-width: 1000px) 54vw, (max-width: 1071px) 543px, 580px\" \/><img loading=\"lazy\" decoding=\"async\" class=\"aligncenter size-full wp-image-11045\" src=\"http:\/\/www.lespolissonsdelachanson.fr\/outil\/wp-content\/uploads\/2024\/02\/Capture-decran-2024-02-15-a-23.14.18.png\" alt=\"\" width=\"1390\" height=\"924\" srcset=\"http:\/\/www.lespolissonsdelachanson.fr\/outil\/wp-content\/uploads\/2024\/02\/Capture-decran-2024-02-15-a-23.14.18.png 1390w, http:\/\/www.lespolissonsdelachanson.fr\/outil\/wp-content\/uploads\/2024\/02\/Capture-decran-2024-02-15-a-23.14.18-300x199.png 300w, http:\/\/www.lespolissonsdelachanson.fr\/outil\/wp-content\/uploads\/2024\/02\/Capture-decran-2024-02-15-a-23.14.18-1024x681.png 1024w, http:\/\/www.lespolissonsdelachanson.fr\/outil\/wp-content\/uploads\/2024\/02\/Capture-decran-2024-02-15-a-23.14.18-150x100.png 150w, http:\/\/www.lespolissonsdelachanson.fr\/outil\/wp-content\/uploads\/2024\/02\/Capture-decran-2024-02-15-a-23.14.18-768x511.png 768w\" sizes=\"auto, (max-width: 767px) 89vw, (max-width: 1000px) 54vw, (max-width: 1071px) 543px, 580px\" \/><img loading=\"lazy\" decoding=\"async\" class=\"aligncenter size-full wp-image-11046\" src=\"http:\/\/www.lespolissonsdelachanson.fr\/outil\/wp-content\/uploads\/2024\/02\/Capture-decran-2024-02-15-a-23.14.26.png\" alt=\"\" width=\"1390\" height=\"926\" srcset=\"http:\/\/www.lespolissonsdelachanson.fr\/outil\/wp-content\/uploads\/2024\/02\/Capture-decran-2024-02-15-a-23.14.26.png 1390w, http:\/\/www.lespolissonsdelachanson.fr\/outil\/wp-content\/uploads\/2024\/02\/Capture-decran-2024-02-15-a-23.14.26-300x200.png 300w, http:\/\/www.lespolissonsdelachanson.fr\/outil\/wp-content\/uploads\/2024\/02\/Capture-decran-2024-02-15-a-23.14.26-1024x682.png 1024w, http:\/\/www.lespolissonsdelachanson.fr\/outil\/wp-content\/uploads\/2024\/02\/Capture-decran-2024-02-15-a-23.14.26-150x100.png 150w, http:\/\/www.lespolissonsdelachanson.fr\/outil\/wp-content\/uploads\/2024\/02\/Capture-decran-2024-02-15-a-23.14.26-768x512.png 768w\" sizes=\"auto, (max-width: 767px) 89vw, (max-width: 1000px) 54vw, (max-width: 1071px) 543px, 580px\" \/><img loading=\"lazy\" decoding=\"async\" class=\"aligncenter size-full wp-image-11047\" src=\"http:\/\/www.lespolissonsdelachanson.fr\/outil\/wp-content\/uploads\/2024\/02\/Capture-decran-2024-02-15-a-23.14.34.png\" alt=\"\" width=\"1386\" height=\"922\" srcset=\"http:\/\/www.lespolissonsdelachanson.fr\/outil\/wp-content\/uploads\/2024\/02\/Capture-decran-2024-02-15-a-23.14.34.png 1386w, http:\/\/www.lespolissonsdelachanson.fr\/outil\/wp-content\/uploads\/2024\/02\/Capture-decran-2024-02-15-a-23.14.34-300x200.png 300w, http:\/\/www.lespolissonsdelachanson.fr\/outil\/wp-content\/uploads\/2024\/02\/Capture-decran-2024-02-15-a-23.14.34-1024x681.png 1024w, http:\/\/www.lespolissonsdelachanson.fr\/outil\/wp-content\/uploads\/2024\/02\/Capture-decran-2024-02-15-a-23.14.34-150x100.png 150w, http:\/\/www.lespolissonsdelachanson.fr\/outil\/wp-content\/uploads\/2024\/02\/Capture-decran-2024-02-15-a-23.14.34-768x511.png 768w\" sizes=\"auto, (max-width: 767px) 89vw, (max-width: 1000px) 54vw, (max-width: 1071px) 543px, 580px\" \/><img loading=\"lazy\" decoding=\"async\" class=\"aligncenter size-full wp-image-11048\" src=\"http:\/\/www.lespolissonsdelachanson.fr\/outil\/wp-content\/uploads\/2024\/02\/Capture-decran-2024-02-15-a-23.14.40.png\" alt=\"\" width=\"1388\" height=\"922\" srcset=\"http:\/\/www.lespolissonsdelachanson.fr\/outil\/wp-content\/uploads\/2024\/02\/Capture-decran-2024-02-15-a-23.14.40.png 1388w, http:\/\/www.lespolissonsdelachanson.fr\/outil\/wp-content\/uploads\/2024\/02\/Capture-decran-2024-02-15-a-23.14.40-300x199.png 300w, http:\/\/www.lespolissonsdelachanson.fr\/outil\/wp-content\/uploads\/2024\/02\/Capture-decran-2024-02-15-a-23.14.40-1024x680.png 1024w, http:\/\/www.lespolissonsdelachanson.fr\/outil\/wp-content\/uploads\/2024\/02\/Capture-decran-2024-02-15-a-23.14.40-150x100.png 150w, http:\/\/www.lespolissonsdelachanson.fr\/outil\/wp-content\/uploads\/2024\/02\/Capture-decran-2024-02-15-a-23.14.40-768x510.png 768w\" sizes=\"auto, (max-width: 767px) 89vw, (max-width: 1000px) 54vw, (max-width: 1071px) 543px, 580px\" \/><img loading=\"lazy\" decoding=\"async\" class=\"aligncenter size-full wp-image-11049\" src=\"http:\/\/www.lespolissonsdelachanson.fr\/outil\/wp-content\/uploads\/2024\/02\/Capture-decran-2024-02-15-a-23.14.46.png\" alt=\"\" width=\"1386\" height=\"920\" srcset=\"http:\/\/www.lespolissonsdelachanson.fr\/outil\/wp-content\/uploads\/2024\/02\/Capture-decran-2024-02-15-a-23.14.46.png 1386w, http:\/\/www.lespolissonsdelachanson.fr\/outil\/wp-content\/uploads\/2024\/02\/Capture-decran-2024-02-15-a-23.14.46-300x199.png 300w, http:\/\/www.lespolissonsdelachanson.fr\/outil\/wp-content\/uploads\/2024\/02\/Capture-decran-2024-02-15-a-23.14.46-1024x680.png 1024w, http:\/\/www.lespolissonsdelachanson.fr\/outil\/wp-content\/uploads\/2024\/02\/Capture-decran-2024-02-15-a-23.14.46-150x100.png 150w, http:\/\/www.lespolissonsdelachanson.fr\/outil\/wp-content\/uploads\/2024\/02\/Capture-decran-2024-02-15-a-23.14.46-768x510.png 768w\" sizes=\"auto, (max-width: 767px) 89vw, (max-width: 1000px) 54vw, (max-width: 1071px) 543px, 580px\" \/><img loading=\"lazy\" decoding=\"async\" class=\"aligncenter size-full wp-image-11050\" src=\"http:\/\/www.lespolissonsdelachanson.fr\/outil\/wp-content\/uploads\/2024\/02\/Capture-decran-2024-02-15-a-23.14.54.png\" alt=\"\" width=\"1378\" height=\"922\" srcset=\"http:\/\/www.lespolissonsdelachanson.fr\/outil\/wp-content\/uploads\/2024\/02\/Capture-decran-2024-02-15-a-23.14.54.png 1378w, http:\/\/www.lespolissonsdelachanson.fr\/outil\/wp-content\/uploads\/2024\/02\/Capture-decran-2024-02-15-a-23.14.54-300x201.png 300w, http:\/\/www.lespolissonsdelachanson.fr\/outil\/wp-content\/uploads\/2024\/02\/Capture-decran-2024-02-15-a-23.14.54-1024x685.png 1024w, http:\/\/www.lespolissonsdelachanson.fr\/outil\/wp-content\/uploads\/2024\/02\/Capture-decran-2024-02-15-a-23.14.54-150x100.png 150w, http:\/\/www.lespolissonsdelachanson.fr\/outil\/wp-content\/uploads\/2024\/02\/Capture-decran-2024-02-15-a-23.14.54-768x514.png 768w\" sizes=\"auto, (max-width: 767px) 89vw, (max-width: 1000px) 54vw, (max-width: 1071px) 543px, 580px\" \/><img loading=\"lazy\" decoding=\"async\" class=\"aligncenter size-full wp-image-11051\" src=\"http:\/\/www.lespolissonsdelachanson.fr\/outil\/wp-content\/uploads\/2024\/02\/Capture-decran-2024-02-15-a-23.15.01.png\" alt=\"\" width=\"1380\" height=\"918\" srcset=\"http:\/\/www.lespolissonsdelachanson.fr\/outil\/wp-content\/uploads\/2024\/02\/Capture-decran-2024-02-15-a-23.15.01.png 1380w, http:\/\/www.lespolissonsdelachanson.fr\/outil\/wp-content\/uploads\/2024\/02\/Capture-decran-2024-02-15-a-23.15.01-300x200.png 300w, http:\/\/www.lespolissonsdelachanson.fr\/outil\/wp-content\/uploads\/2024\/02\/Capture-decran-2024-02-15-a-23.15.01-1024x681.png 1024w, http:\/\/www.lespolissonsdelachanson.fr\/outil\/wp-content\/uploads\/2024\/02\/Capture-decran-2024-02-15-a-23.15.01-150x100.png 150w, http:\/\/www.lespolissonsdelachanson.fr\/outil\/wp-content\/uploads\/2024\/02\/Capture-decran-2024-02-15-a-23.15.01-768x511.png 768w\" sizes=\"auto, (max-width: 767px) 89vw, (max-width: 1000px) 54vw, (max-width: 1071px) 543px, 580px\" \/><\/p>\n<p style=\"text-align: center;\">&nbsp;<\/p>\n<h3 style=\"text-align: justify;\"><span style=\"color: #ffffff;\">R\u00e9cital-cabaret \u00a0\u00bb chansons de ann\u00e9es 60&Prime; par Les Polissons de la Chanson<\/span><br \/>\n<span style=\"color: #ffffff;\">Jeudi 26 juin \u00e0 21h au Cin\u00e9ma Le Richemont \u00e0 Sarzeau<\/span><br \/>\n<span style=\"color: #ffffff;\">Accompagn\u00e9 au piano par Andr\u00e9 Forner, ce r\u00e9cital retracera un panorama de la d\u00e9cennie qui vit na\u00eetre et mourir les y\u00e9y\u00e9s mais qui surtout fut l&rsquo;\u00e2ge des gands auteurs compositeurs interpr\u00e8tes n\u00e9s dans la d\u00e9cennie pr\u00e9c\u00e9dente dans tous les cabarets rive gauche puis rive droite de la capitale. Cette d\u00e9cennie fut \u00e9galement une p\u00e9riode particuli\u00e8rement riche en grands interpr\u00e8tes qui faisaient conna\u00eetre les chansons et les tubes par la propre touche qu&rsquo;ils mettaient dans la qualit\u00e9 de leurs interpr\u00e9tations. Ce sont souvent ces grands interpr\u00e8tes qui ont lanc\u00e9s certaines chansons pour l&rsquo;\u00e9ternit\u00e9. Dans le d\u00e9sordre c\u00eetons Adamo, Richard Anthony, Jean-Claude Annoux, Isabelle Aubret, Jean-Claude Pascal, Frida Boccara, Patricia Carli, Jean-Claude Darnal, Anne Vanderlove, Leny Escudero, Anne Sylvestre, Patrick Abrial, Jacques Debronckart, Georges Chelon, Jehan Jonas, Nicoletta, Rachel, Colette Magny, Maurice Fanon, H\u00e9l\u00e8ne Martin, Henri Gougaud, Eric Charden, Fran\u00e7ois Deguelt, Michel Delpech, Guy Mardel, Gribouille, &#8230; Que de souvenirs pour certains, que de belles chansons \u00e0 d\u00e9couvrir pour les autres&#8230; Champagne pour tout le monde!<\/span><br \/>\n<span style=\"color: #ffffff;\">Andr\u00e9 Forner<\/span><\/h3>\n<p style=\"text-align: center;\"><img loading=\"lazy\" decoding=\"async\" class=\"size-full wp-image-716 aligncenter\" title=\"l00116\" src=\"http:\/\/www.lespolissonsdelachanson.fr\/outil\/wp-content\/uploads\/2009\/05\/l00116.jpg\" alt=\"l00116\" width=\"518\" height=\"465\" srcset=\"http:\/\/www.lespolissonsdelachanson.fr\/outil\/wp-content\/uploads\/2009\/05\/l00116.jpg 518w, http:\/\/www.lespolissonsdelachanson.fr\/outil\/wp-content\/uploads\/2009\/05\/l00116-300x269.jpg 300w\" sizes=\"auto, (max-width: 518px) 100vw, 518px\" \/><\/p>\n<p style=\"text-align: center;\">&nbsp;<\/p>\n","protected":false},"excerpt":{"rendered":"<p>R\u00e9cital-cabaret \u00a0\u00bb chansons de ann\u00e9es 60&Prime; par Les Polissons de la Chanson Jeudi 26 juin \u00e0 21h au Cin\u00e9ma Le Richemont \u00e0 Sarzeau Accompagn\u00e9 au piano par Andr\u00e9 Forner, ce r\u00e9cital retracera un panorama de la d\u00e9cennie qui vit na\u00eetre et mourir les y\u00e9y\u00e9s mais qui surtout fut l&rsquo;\u00e2ge des gands auteurs compositeurs interpr\u00e8tes n\u00e9s &hellip; <\/p>\n<p class=\"link-more\"><a href=\"http:\/\/www.lespolissonsdelachanson.fr\/outil\/?page_id=710\" class=\"more-link\">Continuer la lecture<span class=\"screen-reader-text\"> de &laquo;&nbsp;2008 Cabaret Ann\u00e9es 60&nbsp;&raquo;<\/span><\/a><\/p>\n","protected":false},"author":1,"featured_media":0,"parent":9937,"menu_order":7,"comment_status":"open","ping_status":"open","template":"","meta":{"ngg_post_thumbnail":0,"footnotes":""},"class_list":["post-710","page","type-page","status-publish","hentry"],"_links":{"self":[{"href":"http:\/\/www.lespolissonsdelachanson.fr\/outil\/index.php?rest_route=\/wp\/v2\/pages\/710","targetHints":{"allow":["GET"]}}],"collection":[{"href":"http:\/\/www.lespolissonsdelachanson.fr\/outil\/index.php?rest_route=\/wp\/v2\/pages"}],"about":[{"href":"http:\/\/www.lespolissonsdelachanson.fr\/outil\/index.php?rest_route=\/wp\/v2\/types\/page"}],"author":[{"embeddable":true,"href":"http:\/\/www.lespolissonsdelachanson.fr\/outil\/index.php?rest_route=\/wp\/v2\/users\/1"}],"replies":[{"embeddable":true,"href":"http:\/\/www.lespolissonsdelachanson.fr\/outil\/index.php?rest_route=%2Fwp%2Fv2%2Fcomments&post=710"}],"version-history":[{"count":9,"href":"http:\/\/www.lespolissonsdelachanson.fr\/outil\/index.php?rest_route=\/wp\/v2\/pages\/710\/revisions"}],"predecessor-version":[{"id":11052,"href":"http:\/\/www.lespolissonsdelachanson.fr\/outil\/index.php?rest_route=\/wp\/v2\/pages\/710\/revisions\/11052"}],"up":[{"embeddable":true,"href":"http:\/\/www.lespolissonsdelachanson.fr\/outil\/index.php?rest_route=\/wp\/v2\/pages\/9937"}],"wp:attachment":[{"href":"http:\/\/www.lespolissonsdelachanson.fr\/outil\/index.php?rest_route=%2Fwp%2Fv2%2Fmedia&parent=710"}],"curies":[{"name":"wp","href":"https:\/\/api.w.org\/{rel}","templated":true}]}}