{"id":5462,"date":"2013-12-18T19:40:23","date_gmt":"2013-12-18T17:40:23","guid":{"rendered":"http:\/\/www.lespolissonsdelachanson.fr\/outil\/?page_id=5462"},"modified":"2024-02-19T21:06:10","modified_gmt":"2024-02-19T20:06:10","slug":"2014-recettes-poetiques","status":"publish","type":"page","link":"http:\/\/www.lespolissonsdelachanson.fr\/outil\/?page_id=5462","title":{"rendered":"2014 Recettes Po\u00e9tiques"},"content":{"rendered":"<p>Apr\u00e8s \u00ab\u00a0MAINTENANT ET TOUJOURS PREVERT\u00a0\u00bb notre groupe THEATRE SANS NOM vous pr\u00e9sente son nouveau travail.<\/p>\n<p>Nous avons choisi plus d&rsquo;une centaine de po\u00e8mes et chansons&nbsp;sur les th\u00e8mes de l&rsquo;amour et de l&rsquo;humour, textes de toutes \u00e9poques et de tous styles.<\/p>\n<p>Nous les avons ensuite r\u00e9unis comme les recettes d&rsquo;un menu culinaire. A l&rsquo;occasion de nos lectures publiques les spectateurs seront chaque fois, invit\u00e9s \u00e0 composer ensemble leur menu parmi les diff\u00e9rentes recettes, \u00ab\u00a0Entremets surr\u00e9alistes\u00a0\u00bb, \u00ab\u00a0Recettes de la Mer\u00a0\u00bb, \u00ab\u00a0Recettes conjugales\u00a0\u00bb, \u00ab\u00a0Recettes amoureuses\u00a0\u00bb, et bien d&rsquo;autres.<\/p>\n<p>Les com\u00e9diens liront donc \u00e0 la demande et selon le choix du public, ces textes dont ils peaufinent l&rsquo;interpr\u00e9tation depuis plusieurs mois.<\/p>\n<p>Comme \u00e0 Arzon o\u00f9 a eu lieu en septembre une avant-premi\u00e8re caritative, rires et \u00e9motions seront au rendez-vous, preuves que la po\u00e9sie peut \u00eatre source d&rsquo;un plaisir jubilatoire<\/p>\n<p><em><strong>LE COIN PRESSE<\/strong><\/em><\/p>\n<p><img loading=\"lazy\" decoding=\"async\" class=\"aligncenter size-full wp-image-11118\" src=\"http:\/\/www.lespolissonsdelachanson.fr\/outil\/wp-content\/uploads\/2024\/02\/recette-presse-2.png\" alt=\"\" width=\"800\" height=\"1140\" srcset=\"http:\/\/www.lespolissonsdelachanson.fr\/outil\/wp-content\/uploads\/2024\/02\/recette-presse-2.png 800w, http:\/\/www.lespolissonsdelachanson.fr\/outil\/wp-content\/uploads\/2024\/02\/recette-presse-2-211x300.png 211w, http:\/\/www.lespolissonsdelachanson.fr\/outil\/wp-content\/uploads\/2024\/02\/recette-presse-2-719x1024.png 719w, http:\/\/www.lespolissonsdelachanson.fr\/outil\/wp-content\/uploads\/2024\/02\/recette-presse-2-105x150.png 105w, http:\/\/www.lespolissonsdelachanson.fr\/outil\/wp-content\/uploads\/2024\/02\/recette-presse-2-768x1094.png 768w\" sizes=\"auto, (max-width: 767px) 89vw, (max-width: 1000px) 54vw, (max-width: 1071px) 543px, 580px\" \/><\/p>\n<p>&nbsp;<\/p>\n<p><img loading=\"lazy\" decoding=\"async\" class=\"aligncenter size-full wp-image-11117\" src=\"http:\/\/www.lespolissonsdelachanson.fr\/outil\/wp-content\/uploads\/2024\/02\/recettes-presse.png\" alt=\"\" width=\"840\" height=\"976\" srcset=\"http:\/\/www.lespolissonsdelachanson.fr\/outil\/wp-content\/uploads\/2024\/02\/recettes-presse.png 840w, http:\/\/www.lespolissonsdelachanson.fr\/outil\/wp-content\/uploads\/2024\/02\/recettes-presse-258x300.png 258w, http:\/\/www.lespolissonsdelachanson.fr\/outil\/wp-content\/uploads\/2024\/02\/recettes-presse-129x150.png 129w, http:\/\/www.lespolissonsdelachanson.fr\/outil\/wp-content\/uploads\/2024\/02\/recettes-presse-768x892.png 768w\" sizes=\"auto, (max-width: 767px) 89vw, (max-width: 1000px) 54vw, (max-width: 1071px) 543px, 580px\" \/><\/p>\n<p><img loading=\"lazy\" decoding=\"async\" class=\"aligncenter size-full wp-image-5488\" title=\"telegramme-recettes\" src=\"http:\/\/www.lespolissonsdelachanson.fr\/outil\/wp-content\/uploads\/2013\/12\/telegramme-recettes.jpg\" alt=\"telegramme-recettes\" width=\"530\" height=\"556\" srcset=\"http:\/\/www.lespolissonsdelachanson.fr\/outil\/wp-content\/uploads\/2013\/12\/telegramme-recettes.jpg 688w, http:\/\/www.lespolissonsdelachanson.fr\/outil\/wp-content\/uploads\/2013\/12\/telegramme-recettes-142x150.jpg 142w, http:\/\/www.lespolissonsdelachanson.fr\/outil\/wp-content\/uploads\/2013\/12\/telegramme-recettes-285x300.jpg 285w\" sizes=\"auto, (max-width: 530px) 100vw, 530px\" \/><\/p>\n","protected":false},"excerpt":{"rendered":"<p>Apr\u00e8s \u00ab\u00a0MAINTENANT ET TOUJOURS PREVERT\u00a0\u00bb notre groupe THEATRE SANS NOM vous pr\u00e9sente son nouveau travail. Nous avons choisi plus d&rsquo;une centaine de po\u00e8mes et chansons&nbsp;sur les th\u00e8mes de l&rsquo;amour et de l&rsquo;humour, textes de toutes \u00e9poques et de tous styles. Nous les avons ensuite r\u00e9unis comme les recettes d&rsquo;un menu culinaire. A l&rsquo;occasion de nos &hellip; <\/p>\n<p class=\"link-more\"><a href=\"http:\/\/www.lespolissonsdelachanson.fr\/outil\/?page_id=5462\" class=\"more-link\">Continuer la lecture<span class=\"screen-reader-text\"> de &laquo;&nbsp;2014 Recettes Po\u00e9tiques&nbsp;&raquo;<\/span><\/a><\/p>\n","protected":false},"author":5,"featured_media":0,"parent":10056,"menu_order":16,"comment_status":"open","ping_status":"open","template":"","meta":{"ngg_post_thumbnail":0,"footnotes":""},"class_list":["post-5462","page","type-page","status-publish","hentry"],"_links":{"self":[{"href":"http:\/\/www.lespolissonsdelachanson.fr\/outil\/index.php?rest_route=\/wp\/v2\/pages\/5462","targetHints":{"allow":["GET"]}}],"collection":[{"href":"http:\/\/www.lespolissonsdelachanson.fr\/outil\/index.php?rest_route=\/wp\/v2\/pages"}],"about":[{"href":"http:\/\/www.lespolissonsdelachanson.fr\/outil\/index.php?rest_route=\/wp\/v2\/types\/page"}],"author":[{"embeddable":true,"href":"http:\/\/www.lespolissonsdelachanson.fr\/outil\/index.php?rest_route=\/wp\/v2\/users\/5"}],"replies":[{"embeddable":true,"href":"http:\/\/www.lespolissonsdelachanson.fr\/outil\/index.php?rest_route=%2Fwp%2Fv2%2Fcomments&post=5462"}],"version-history":[{"count":9,"href":"http:\/\/www.lespolissonsdelachanson.fr\/outil\/index.php?rest_route=\/wp\/v2\/pages\/5462\/revisions"}],"predecessor-version":[{"id":11120,"href":"http:\/\/www.lespolissonsdelachanson.fr\/outil\/index.php?rest_route=\/wp\/v2\/pages\/5462\/revisions\/11120"}],"up":[{"embeddable":true,"href":"http:\/\/www.lespolissonsdelachanson.fr\/outil\/index.php?rest_route=\/wp\/v2\/pages\/10056"}],"wp:attachment":[{"href":"http:\/\/www.lespolissonsdelachanson.fr\/outil\/index.php?rest_route=%2Fwp%2Fv2%2Fmedia&parent=5462"}],"curies":[{"name":"wp","href":"https:\/\/api.w.org\/{rel}","templated":true}]}}