{"id":2694,"date":"2011-05-16T10:59:29","date_gmt":"2011-05-16T08:59:29","guid":{"rendered":"http:\/\/www.lespolissonsdelachanson.fr\/outil\/?page_id=2694"},"modified":"2023-01-30T09:19:49","modified_gmt":"2023-01-30T08:19:49","slug":"2011-polyson-cine","status":"publish","type":"page","link":"http:\/\/www.lespolissonsdelachanson.fr\/outil\/?page_id=2694","title":{"rendered":"2011 Poly&rsquo;son Cin\u00e9"},"content":{"rendered":"<p style=\"text-align: center;\"><img loading=\"lazy\" decoding=\"async\" class=\"aligncenter size-full wp-image-2701\" title=\"affiche-poly-son-cine-038\" src=\"http:\/\/www.lespolissonsdelachanson.fr\/outil\/wp-content\/uploads\/2011\/05\/affiche-poly-son-cine-038.jpg\" alt=\"affiche-poly-son-cine-038\" width=\"504\" height=\"672\" srcset=\"http:\/\/www.lespolissonsdelachanson.fr\/outil\/wp-content\/uploads\/2011\/05\/affiche-poly-son-cine-038.jpg 720w, http:\/\/www.lespolissonsdelachanson.fr\/outil\/wp-content\/uploads\/2011\/05\/affiche-poly-son-cine-038-112x150.jpg 112w, http:\/\/www.lespolissonsdelachanson.fr\/outil\/wp-content\/uploads\/2011\/05\/affiche-poly-son-cine-038-225x300.jpg 225w\" sizes=\"auto, (max-width: 504px) 100vw, 504px\" \/><\/p>\n<p><img loading=\"lazy\" decoding=\"async\" class=\"aligncenter size-full wp-image-2705\" title=\"programme-polyson-cine1\" src=\"http:\/\/www.lespolissonsdelachanson.fr\/outil\/wp-content\/uploads\/2011\/05\/programme-polyson-cine1.jpg\" alt=\"programme-polyson-cine1\" width=\"538\" height=\"703\" srcset=\"http:\/\/www.lespolissonsdelachanson.fr\/outil\/wp-content\/uploads\/2011\/05\/programme-polyson-cine1.jpg 768w, http:\/\/www.lespolissonsdelachanson.fr\/outil\/wp-content\/uploads\/2011\/05\/programme-polyson-cine1-114x150.jpg 114w, http:\/\/www.lespolissonsdelachanson.fr\/outil\/wp-content\/uploads\/2011\/05\/programme-polyson-cine1-229x300.jpg 229w\" sizes=\"auto, (max-width: 538px) 100vw, 538px\" \/><\/p>\n<p style=\"text-align: center;\"><img loading=\"lazy\" decoding=\"async\" class=\"aligncenter size-full wp-image-2713\" title=\"dsc001081\" src=\"http:\/\/www.lespolissonsdelachanson.fr\/outil\/wp-content\/uploads\/2011\/05\/dsc001081.jpg\" alt=\"dsc001081\" width=\"498\" height=\"374\" srcset=\"http:\/\/www.lespolissonsdelachanson.fr\/outil\/wp-content\/uploads\/2011\/05\/dsc001081.jpg 1023w, http:\/\/www.lespolissonsdelachanson.fr\/outil\/wp-content\/uploads\/2011\/05\/dsc001081-150x112.jpg 150w, http:\/\/www.lespolissonsdelachanson.fr\/outil\/wp-content\/uploads\/2011\/05\/dsc001081-300x225.jpg 300w\" sizes=\"auto, (max-width: 498px) 100vw, 498px\" \/><\/p>\n<p style=\"text-align: center;\"><img loading=\"lazy\" decoding=\"async\" class=\"aligncenter size-full wp-image-2718\" title=\"dscn0256-copie1\" src=\"http:\/\/www.lespolissonsdelachanson.fr\/outil\/wp-content\/uploads\/2011\/05\/dscn0256-copie1.jpg\" alt=\"dscn0256-copie1\" width=\"498\" height=\"374\" srcset=\"http:\/\/www.lespolissonsdelachanson.fr\/outil\/wp-content\/uploads\/2011\/05\/dscn0256-copie1.jpg 1024w, http:\/\/www.lespolissonsdelachanson.fr\/outil\/wp-content\/uploads\/2011\/05\/dscn0256-copie1-150x112.jpg 150w, http:\/\/www.lespolissonsdelachanson.fr\/outil\/wp-content\/uploads\/2011\/05\/dscn0256-copie1-300x225.jpg 300w\" sizes=\"auto, (max-width: 498px) 100vw, 498px\" \/><\/p>\n<p style=\"text-align: center;\"><img loading=\"lazy\" decoding=\"async\" class=\"aligncenter size-full wp-image-2725\" title=\"img_0029\" src=\"http:\/\/www.lespolissonsdelachanson.fr\/outil\/wp-content\/uploads\/2011\/05\/img_0029.jpg\" alt=\"img_0029\" width=\"498\" height=\"374\" srcset=\"http:\/\/www.lespolissonsdelachanson.fr\/outil\/wp-content\/uploads\/2011\/05\/img_0029.jpg 1024w, http:\/\/www.lespolissonsdelachanson.fr\/outil\/wp-content\/uploads\/2011\/05\/img_0029-150x112.jpg 150w, http:\/\/www.lespolissonsdelachanson.fr\/outil\/wp-content\/uploads\/2011\/05\/img_0029-300x225.jpg 300w\" sizes=\"auto, (max-width: 498px) 100vw, 498px\" \/><\/p>\n<p><em><strong>LE COIN PRESSE<\/strong><\/em><\/p>\n<p><img loading=\"lazy\" decoding=\"async\" class=\"aligncenter size-medium wp-image-2750\" title=\"telegramme-9-mai\" src=\"http:\/\/www.lespolissonsdelachanson.fr\/outil\/wp-content\/uploads\/2011\/05\/telegramme-9-mai-192x300.jpg\" alt=\"telegramme-9-mai\" width=\"508\" height=\"794\" srcset=\"http:\/\/www.lespolissonsdelachanson.fr\/outil\/wp-content\/uploads\/2011\/05\/telegramme-9-mai-192x300.jpg 192w, http:\/\/www.lespolissonsdelachanson.fr\/outil\/wp-content\/uploads\/2011\/05\/telegramme-9-mai-96x150.jpg 96w, http:\/\/www.lespolissonsdelachanson.fr\/outil\/wp-content\/uploads\/2011\/05\/telegramme-9-mai-655x1024.jpg 655w, http:\/\/www.lespolissonsdelachanson.fr\/outil\/wp-content\/uploads\/2011\/05\/telegramme-9-mai.jpg 702w\" sizes=\"auto, (max-width: 508px) 100vw, 508px\" \/><img loading=\"lazy\" decoding=\"async\" class=\"aligncenter size-full wp-image-2747\" title=\"ouest-france-11-mai1\" src=\"http:\/\/www.lespolissonsdelachanson.fr\/outil\/wp-content\/uploads\/2011\/05\/ouest-france-11-mai1.jpg\" alt=\"ouest-france-11-mai1\" width=\"504\" height=\"672\" srcset=\"http:\/\/www.lespolissonsdelachanson.fr\/outil\/wp-content\/uploads\/2011\/05\/ouest-france-11-mai1.jpg 720w, http:\/\/www.lespolissonsdelachanson.fr\/outil\/wp-content\/uploads\/2011\/05\/ouest-france-11-mai1-112x150.jpg 112w, http:\/\/www.lespolissonsdelachanson.fr\/outil\/wp-content\/uploads\/2011\/05\/ouest-france-11-mai1-225x300.jpg 225w\" sizes=\"auto, (max-width: 504px) 100vw, 504px\" \/><\/p>\n<header class=\"article__header\">\n<h1 class=\"article__header__title\">Polisson de la chanson. La troupe pr\u00e9pare son spectacle<\/h1>\n<p><span class=\"article__header__date\">Le T\u00e9l\u00e9gramme, publi\u00e9 le 13 avril 2011 \u00e0 00h00<\/span><\/p>\n<\/header>\n<p>&nbsp;<\/p>\n<figure class=\"article__main__figure\"><img decoding=\"async\" class=\"article__main__img\" title=\"\" src=\"https:\/\/www.letelegramme.fr\/images\/2011\/04\/13\/1267697_9481094-gildpolissons-20110413-v137d.jpg\" alt=\"Les Polissons de la chanson r\u00e9p\u00e8tent avec assiduit\u00e9 la com\u00e9die musicale qui sera jou\u00e9e d\u00e9but mai, \u00e0 Sarzeau. (En photo: r\u00e9p\u00e9tition salle de K\u00e9ruzen, \u00e0 Saint-Gildas, la semaine derni\u00e8re).\"><figcaption class=\"article__main__figcaption\">Les Polissons de la chanson r\u00e9p\u00e8tent avec assiduit\u00e9 la com\u00e9die musicale qui sera jou\u00e9e d\u00e9but mai, \u00e0 Sarzeau. (En photo: r\u00e9p\u00e9tition salle de K\u00e9ruzen, \u00e0 Saint-Gildas, la semaine derni\u00e8re).<\/figcaption><\/figure>\n<div class=\"article__main__wrapper\">\n<div class=\"article__wrapper__content\">\n<div class=\"article__content noscript \"><span class=\"lettrine\">L<\/span>es Polissons de la chanson r\u00e9p\u00e8tent avec assiduit\u00e9 la com\u00e9die musicale qui sera jou\u00e9e d\u00e9but mai; \u00e0 Sarzeau. Samedi dernier, les chanteurs se sont retrouv\u00e9s salle de K\u00e9ruzen pour \u00abpeaufiner\u00bb leur prestation vocale. La com\u00e9die musicale \u00abPoly&rsquo;son cin\u00e9\u00bb est fix\u00e9e vendredi6 et samedi 7mai, \u00e0 20h30, \u00e0 l&rsquo;Hermine Sarzeau. Une trentaine de choristes de 16 \u00e0 85 ans se produiront sur sc\u00e8ne. La com\u00e9die musicale est construite \u00e0 partir de chansons de films ayant marqu\u00e9 leur \u00e9poque. Le r\u00e9pertoire diversifi\u00e9 s&rsquo;\u00e9tend de 1946 \u00e0 2009. Afin de susciter diff\u00e9rentes \u00e9motions chez les spectateurs, l&rsquo;accent est mis sur l&rsquo;aspect visuel avec la cr\u00e9ation de costumes et sur l&rsquo;interpr\u00e9tation musicale. Les voix des choristes sont enrichies par les accompagnements d&rsquo;Annick Legris, pianiste de l&rsquo;association, de Jazz en Rhuys et des jeunes musiciens du pays de Vannes, les Dajaloo, ainsi que de B\u00e9n\u00e9dicte Rio Sourice (metteur en sc\u00e8ne). Pratique Tarifs: 10EUR et 6EUR r\u00e9duit (RMistes, \u00e9tudiants, demandeurs d&#8217;emploi, moins de 18 ans). Vente des billets aux offices de tourisme de Sarzeau, Saint-Gildas et au Git de Saint-Colombier, \u00e0 l&rsquo;entr\u00e9e du spectacle, ou r\u00e9servation au 06.07.21.49.73, 06.14.59.98.96, lespolissons@aliceadsl.fr ou www.lespolissonsdelachanson.fr<\/div>\n<div>\n<header class=\"article__header\">\n<hr>\n<h1 class=\"article__header__title\">Polissons. Com\u00e9die musicale \u00e0 l&rsquo;Hermine les 6 et 7 mai<\/h1>\n<p><span class=\"article__header__date\">Le T\u00e9l\u00e9gramme, Publi\u00e9 le 29 avril 2011 \u00e0 00h00<\/span><\/header>\n<p><main class=\"article__main\"><\/p>\n<figure class=\"article__main__figure\"><img decoding=\"async\" class=\"article__main__img\" title=\"\" src=\"https:\/\/www.letelegramme.fr\/images\/2011\/04\/29\/1285806_9592848-polissons-20110429-v137a.jpg\" alt=\"Au travers de leur com\u00e9die musicale, Les Polissons de la chanson invitent le public \u00e0 retrouver des souvenirs de chansons de films, \u00e0 l'espace culturel l'Hermine, les 6 et 7mai.\"><figcaption class=\"article__main__figcaption\">Au travers de leur com\u00e9die musicale, Les Polissons de la chanson invitent le public \u00e0 retrouver des souvenirs de chansons de films, \u00e0 l&rsquo;espace culturel l&rsquo;Hermine, les 6 et 7mai.<\/figcaption><\/figure>\n<div class=\"article__main__wrapper\">\n<div class=\"article__wrapper__content\">\n<div class=\"article__content noscript \"><span class=\"lettrine\">V<\/span>endredi6 et samedi 7mai, Les Polissons de la chanson pr\u00e9sentent leur nouvelle cr\u00e9ation, au centre culturel l&rsquo;Hermine. Cette ann\u00e9e, il s&rsquo;agit d&rsquo;une com\u00e9die musicale \u00abPoly&rsquo;son cin\u00e9\u00bb, construite \u00e0 partir de chansons de films ayant marqu\u00e9 leur \u00e9poque et dont le r\u00e9pertoire diversifi\u00e9 couvre les p\u00e9riodes de 1946 \u00e0 2009. 30 choristes sur sc\u00e8ne La mise en sc\u00e8ne est assur\u00e9e par B\u00e9n\u00e9dicte Rio-Sourice (chef de choeur) et Marie-Claude Borges. Pas moins d&rsquo;une trentaine de choristes de 16 \u00e0 85 ans se produiront sur sc\u00e8ne. Les accompagnements d&rsquo;Annick Legris, pianiste de l&rsquo;association, de Jazz en Rhuys et des jeunes musiciens du pays de Vannes Les Dajaloo viendront rehausser les voix des choristes. Le public pourra appr\u00e9cier le soin tout particulier mis sur l&rsquo;aspect visuel avec la cr\u00e9ation de costumes ainsi que sur l&rsquo;interpr\u00e9tation musicale. Le r\u00e9pertoire vari\u00e9 permettra aux spectateurs de retrouver des souvenirs et des \u00e9motions \u00e0 coup s\u00fbr. Contact Repr\u00e9sentations vendredi 6mai et samedi 7mai, \u00e0 20h30, au centre culturel l&rsquo;Hermine. Tarifs 10 EUR et 6 EUR (Rmistes, \u00e9tudiants, demandeurs d&#8217;emploi, moins 18ans). Billetterie: offices de tourisme \u00e0 Sarzeau, Saint-Gildas et g\u00eete Saint-Colombier ou sur place. R\u00e9servations: t\u00e9l.06.07.21.49.73 ou 06.14.59.98.96; lespolissons@aliceadsl.fr; www.lespolissonsdelachanson.fr<\/div>\n<\/div>\n<\/div>\n<p><\/main><\/div>\n<\/div>\n<\/div>\n<p>&nbsp;<\/p>\n","protected":false},"excerpt":{"rendered":"<p>LE COIN PRESSE Polisson de la chanson. La troupe pr\u00e9pare son spectacle Le T\u00e9l\u00e9gramme, publi\u00e9 le 13 avril 2011 \u00e0 00h00 &nbsp; Les Polissons de la chanson r\u00e9p\u00e8tent avec assiduit\u00e9 la com\u00e9die musicale qui sera jou\u00e9e d\u00e9but mai, \u00e0 Sarzeau. (En photo: r\u00e9p\u00e9tition salle de K\u00e9ruzen, \u00e0 Saint-Gildas, la semaine derni\u00e8re). Les Polissons de la &hellip; <\/p>\n<p class=\"link-more\"><a href=\"http:\/\/www.lespolissonsdelachanson.fr\/outil\/?page_id=2694\" class=\"more-link\">Continuer la lecture<span class=\"screen-reader-text\"> de &laquo;&nbsp;2011 Poly&rsquo;son Cin\u00e9&nbsp;&raquo;<\/span><\/a><\/p>\n","protected":false},"author":3,"featured_media":0,"parent":9802,"menu_order":4,"comment_status":"open","ping_status":"open","template":"","meta":{"ngg_post_thumbnail":0,"footnotes":""},"class_list":["post-2694","page","type-page","status-publish","hentry"],"_links":{"self":[{"href":"http:\/\/www.lespolissonsdelachanson.fr\/outil\/index.php?rest_route=\/wp\/v2\/pages\/2694","targetHints":{"allow":["GET"]}}],"collection":[{"href":"http:\/\/www.lespolissonsdelachanson.fr\/outil\/index.php?rest_route=\/wp\/v2\/pages"}],"about":[{"href":"http:\/\/www.lespolissonsdelachanson.fr\/outil\/index.php?rest_route=\/wp\/v2\/types\/page"}],"author":[{"embeddable":true,"href":"http:\/\/www.lespolissonsdelachanson.fr\/outil\/index.php?rest_route=\/wp\/v2\/users\/3"}],"replies":[{"embeddable":true,"href":"http:\/\/www.lespolissonsdelachanson.fr\/outil\/index.php?rest_route=%2Fwp%2Fv2%2Fcomments&post=2694"}],"version-history":[{"count":13,"href":"http:\/\/www.lespolissonsdelachanson.fr\/outil\/index.php?rest_route=\/wp\/v2\/pages\/2694\/revisions"}],"predecessor-version":[{"id":10331,"href":"http:\/\/www.lespolissonsdelachanson.fr\/outil\/index.php?rest_route=\/wp\/v2\/pages\/2694\/revisions\/10331"}],"up":[{"embeddable":true,"href":"http:\/\/www.lespolissonsdelachanson.fr\/outil\/index.php?rest_route=\/wp\/v2\/pages\/9802"}],"wp:attachment":[{"href":"http:\/\/www.lespolissonsdelachanson.fr\/outil\/index.php?rest_route=%2Fwp%2Fv2%2Fmedia&parent=2694"}],"curies":[{"name":"wp","href":"https:\/\/api.w.org\/{rel}","templated":true}]}}