{"id":12153,"date":"2025-09-19T12:29:42","date_gmt":"2025-09-19T10:29:42","guid":{"rendered":"http:\/\/www.lespolissonsdelachanson.fr\/outil\/?page_id=12153"},"modified":"2025-11-17T07:51:07","modified_gmt":"2025-11-17T06:51:07","slug":"2025-ca-ne-badine-pas-au-26","status":"publish","type":"page","link":"http:\/\/www.lespolissonsdelachanson.fr\/outil\/?page_id=12153","title":{"rendered":"2025 \u00e7a ne badine pas au 26"},"content":{"rendered":"<h5><a href=\"https:\/\/www.helloasso.com\/associations\/les-poly-sons-de-rhuys\"><span style=\"color: #ff6600;\">25 et 26 OCTOBRE 2025 : <\/span>&nbsp; : <strong>theatre (salle kercaradec \u00e0 Saint-Gildas-de-rhuys)<\/strong><\/a><\/h5>\n<p><img loading=\"lazy\" decoding=\"async\" class=\"aligncenter size-full wp-image-12151\" src=\"http:\/\/www.lespolissonsdelachanson.fr\/outil\/wp-content\/uploads\/2025\/09\/Capture-decran-2025-09-19-a-12.26.16.png\" alt=\"\" width=\"668\" height=\"919\" srcset=\"http:\/\/www.lespolissonsdelachanson.fr\/outil\/wp-content\/uploads\/2025\/09\/Capture-decran-2025-09-19-a-12.26.16.png 668w, http:\/\/www.lespolissonsdelachanson.fr\/outil\/wp-content\/uploads\/2025\/09\/Capture-decran-2025-09-19-a-12.26.16-218x300.png 218w, http:\/\/www.lespolissonsdelachanson.fr\/outil\/wp-content\/uploads\/2025\/09\/Capture-decran-2025-09-19-a-12.26.16-109x150.png 109w\" sizes=\"auto, (max-width: 668px) 100vw, 668px\" \/><\/p>\n<p><img loading=\"lazy\" decoding=\"async\" class=\"aligncenter size-full wp-image-12150\" src=\"http:\/\/www.lespolissonsdelachanson.fr\/outil\/wp-content\/uploads\/2025\/09\/Capture-decran-2025-09-19-a-12.27.02.png\" alt=\"\" width=\"622\" height=\"802\" srcset=\"http:\/\/www.lespolissonsdelachanson.fr\/outil\/wp-content\/uploads\/2025\/09\/Capture-decran-2025-09-19-a-12.27.02.png 622w, http:\/\/www.lespolissonsdelachanson.fr\/outil\/wp-content\/uploads\/2025\/09\/Capture-decran-2025-09-19-a-12.27.02-233x300.png 233w, http:\/\/www.lespolissonsdelachanson.fr\/outil\/wp-content\/uploads\/2025\/09\/Capture-decran-2025-09-19-a-12.27.02-116x150.png 116w\" sizes=\"auto, (max-width: 622px) 100vw, 622px\" \/><\/p>\n<p>Photos de la r\u00e9p\u00e9tition g\u00e9n\u00e9rale du 24 novembre 2025 :<\/p>\n<p><img loading=\"lazy\" decoding=\"async\" class=\"aligncenter size-full wp-image-12200\" src=\"http:\/\/www.lespolissonsdelachanson.fr\/outil\/wp-content\/uploads\/2025\/11\/thumbnail_AR0A2594.jpg\" alt=\"\" width=\"640\" height=\"428\" srcset=\"http:\/\/www.lespolissonsdelachanson.fr\/outil\/wp-content\/uploads\/2025\/11\/thumbnail_AR0A2594.jpg 640w, http:\/\/www.lespolissonsdelachanson.fr\/outil\/wp-content\/uploads\/2025\/11\/thumbnail_AR0A2594-300x201.jpg 300w, http:\/\/www.lespolissonsdelachanson.fr\/outil\/wp-content\/uploads\/2025\/11\/thumbnail_AR0A2594-150x100.jpg 150w\" sizes=\"auto, (max-width: 640px) 100vw, 640px\" \/> <img loading=\"lazy\" decoding=\"async\" class=\"aligncenter size-full wp-image-12201\" src=\"http:\/\/www.lespolissonsdelachanson.fr\/outil\/wp-content\/uploads\/2025\/11\/thumbnail_AR0A2665.jpg\" alt=\"\" width=\"640\" height=\"427\" srcset=\"http:\/\/www.lespolissonsdelachanson.fr\/outil\/wp-content\/uploads\/2025\/11\/thumbnail_AR0A2665.jpg 640w, http:\/\/www.lespolissonsdelachanson.fr\/outil\/wp-content\/uploads\/2025\/11\/thumbnail_AR0A2665-300x200.jpg 300w, http:\/\/www.lespolissonsdelachanson.fr\/outil\/wp-content\/uploads\/2025\/11\/thumbnail_AR0A2665-150x100.jpg 150w\" sizes=\"auto, (max-width: 640px) 100vw, 640px\" \/> <img loading=\"lazy\" decoding=\"async\" class=\"aligncenter size-full wp-image-12202\" src=\"http:\/\/www.lespolissonsdelachanson.fr\/outil\/wp-content\/uploads\/2025\/11\/thumbnail_AR0A2721.jpg\" alt=\"\" width=\"640\" height=\"428\" srcset=\"http:\/\/www.lespolissonsdelachanson.fr\/outil\/wp-content\/uploads\/2025\/11\/thumbnail_AR0A2721.jpg 640w, http:\/\/www.lespolissonsdelachanson.fr\/outil\/wp-content\/uploads\/2025\/11\/thumbnail_AR0A2721-300x201.jpg 300w, http:\/\/www.lespolissonsdelachanson.fr\/outil\/wp-content\/uploads\/2025\/11\/thumbnail_AR0A2721-150x100.jpg 150w\" sizes=\"auto, (max-width: 640px) 100vw, 640px\" \/> <img loading=\"lazy\" decoding=\"async\" class=\"aligncenter size-full wp-image-12203\" src=\"http:\/\/www.lespolissonsdelachanson.fr\/outil\/wp-content\/uploads\/2025\/11\/thumbnail_AR0A2723.jpg\" alt=\"\" width=\"640\" height=\"428\" srcset=\"http:\/\/www.lespolissonsdelachanson.fr\/outil\/wp-content\/uploads\/2025\/11\/thumbnail_AR0A2723.jpg 640w, http:\/\/www.lespolissonsdelachanson.fr\/outil\/wp-content\/uploads\/2025\/11\/thumbnail_AR0A2723-300x201.jpg 300w, http:\/\/www.lespolissonsdelachanson.fr\/outil\/wp-content\/uploads\/2025\/11\/thumbnail_AR0A2723-150x100.jpg 150w\" sizes=\"auto, (max-width: 640px) 100vw, 640px\" \/> <img loading=\"lazy\" decoding=\"async\" class=\"aligncenter size-full wp-image-12204\" src=\"http:\/\/www.lespolissonsdelachanson.fr\/outil\/wp-content\/uploads\/2025\/11\/thumbnail_AR0A2784.jpg\" alt=\"\" width=\"640\" height=\"428\" srcset=\"http:\/\/www.lespolissonsdelachanson.fr\/outil\/wp-content\/uploads\/2025\/11\/thumbnail_AR0A2784.jpg 640w, http:\/\/www.lespolissonsdelachanson.fr\/outil\/wp-content\/uploads\/2025\/11\/thumbnail_AR0A2784-300x201.jpg 300w, http:\/\/www.lespolissonsdelachanson.fr\/outil\/wp-content\/uploads\/2025\/11\/thumbnail_AR0A2784-150x100.jpg 150w\" sizes=\"auto, (max-width: 640px) 100vw, 640px\" \/> <img loading=\"lazy\" decoding=\"async\" class=\"aligncenter size-full wp-image-12205\" src=\"http:\/\/www.lespolissonsdelachanson.fr\/outil\/wp-content\/uploads\/2025\/11\/thumbnail_AR0A2848.jpg\" alt=\"\" width=\"640\" height=\"427\" srcset=\"http:\/\/www.lespolissonsdelachanson.fr\/outil\/wp-content\/uploads\/2025\/11\/thumbnail_AR0A2848.jpg 640w, http:\/\/www.lespolissonsdelachanson.fr\/outil\/wp-content\/uploads\/2025\/11\/thumbnail_AR0A2848-300x200.jpg 300w, http:\/\/www.lespolissonsdelachanson.fr\/outil\/wp-content\/uploads\/2025\/11\/thumbnail_AR0A2848-150x100.jpg 150w\" sizes=\"auto, (max-width: 640px) 100vw, 640px\" \/> <img loading=\"lazy\" decoding=\"async\" class=\"aligncenter size-full wp-image-12206\" src=\"http:\/\/www.lespolissonsdelachanson.fr\/outil\/wp-content\/uploads\/2025\/11\/thumbnail_AR0A2859.jpg\" alt=\"\" width=\"640\" height=\"427\" srcset=\"http:\/\/www.lespolissonsdelachanson.fr\/outil\/wp-content\/uploads\/2025\/11\/thumbnail_AR0A2859.jpg 640w, http:\/\/www.lespolissonsdelachanson.fr\/outil\/wp-content\/uploads\/2025\/11\/thumbnail_AR0A2859-300x200.jpg 300w, http:\/\/www.lespolissonsdelachanson.fr\/outil\/wp-content\/uploads\/2025\/11\/thumbnail_AR0A2859-150x100.jpg 150w\" sizes=\"auto, (max-width: 640px) 100vw, 640px\" \/> <img loading=\"lazy\" decoding=\"async\" class=\"aligncenter size-full wp-image-12207\" src=\"http:\/\/www.lespolissonsdelachanson.fr\/outil\/wp-content\/uploads\/2025\/11\/thumbnail_AR0A2915.jpg\" alt=\"\" width=\"640\" height=\"427\" srcset=\"http:\/\/www.lespolissonsdelachanson.fr\/outil\/wp-content\/uploads\/2025\/11\/thumbnail_AR0A2915.jpg 640w, http:\/\/www.lespolissonsdelachanson.fr\/outil\/wp-content\/uploads\/2025\/11\/thumbnail_AR0A2915-300x200.jpg 300w, http:\/\/www.lespolissonsdelachanson.fr\/outil\/wp-content\/uploads\/2025\/11\/thumbnail_AR0A2915-150x100.jpg 150w\" sizes=\"auto, (max-width: 640px) 100vw, 640px\" \/> <img loading=\"lazy\" decoding=\"async\" class=\"aligncenter size-full wp-image-12208\" src=\"http:\/\/www.lespolissonsdelachanson.fr\/outil\/wp-content\/uploads\/2025\/11\/thumbnail_AR0A2939.jpg\" alt=\"\" width=\"427\" height=\"640\" srcset=\"http:\/\/www.lespolissonsdelachanson.fr\/outil\/wp-content\/uploads\/2025\/11\/thumbnail_AR0A2939.jpg 427w, http:\/\/www.lespolissonsdelachanson.fr\/outil\/wp-content\/uploads\/2025\/11\/thumbnail_AR0A2939-200x300.jpg 200w, http:\/\/www.lespolissonsdelachanson.fr\/outil\/wp-content\/uploads\/2025\/11\/thumbnail_AR0A2939-100x150.jpg 100w\" sizes=\"auto, (max-width: 427px) 100vw, 427px\" \/> <img loading=\"lazy\" decoding=\"async\" class=\"aligncenter size-full wp-image-12209\" src=\"http:\/\/www.lespolissonsdelachanson.fr\/outil\/wp-content\/uploads\/2025\/11\/thumbnail_AR0A3018.jpg\" alt=\"\" width=\"640\" height=\"427\" srcset=\"http:\/\/www.lespolissonsdelachanson.fr\/outil\/wp-content\/uploads\/2025\/11\/thumbnail_AR0A3018.jpg 640w, http:\/\/www.lespolissonsdelachanson.fr\/outil\/wp-content\/uploads\/2025\/11\/thumbnail_AR0A3018-300x200.jpg 300w, http:\/\/www.lespolissonsdelachanson.fr\/outil\/wp-content\/uploads\/2025\/11\/thumbnail_AR0A3018-150x100.jpg 150w\" sizes=\"auto, (max-width: 640px) 100vw, 640px\" \/><\/p>\n<p>Photos de la repr\u00e9sentation du 26 novembre 2025 :<\/p>\n<p><img loading=\"lazy\" decoding=\"async\" class=\"aligncenter size-full wp-image-12210\" src=\"http:\/\/www.lespolissonsdelachanson.fr\/outil\/wp-content\/uploads\/2025\/11\/thumbnail_AR0A7756.jpg\" alt=\"\" width=\"640\" height=\"427\" srcset=\"http:\/\/www.lespolissonsdelachanson.fr\/outil\/wp-content\/uploads\/2025\/11\/thumbnail_AR0A7756.jpg 640w, http:\/\/www.lespolissonsdelachanson.fr\/outil\/wp-content\/uploads\/2025\/11\/thumbnail_AR0A7756-300x200.jpg 300w, http:\/\/www.lespolissonsdelachanson.fr\/outil\/wp-content\/uploads\/2025\/11\/thumbnail_AR0A7756-150x100.jpg 150w\" sizes=\"auto, (max-width: 640px) 100vw, 640px\" \/> <img loading=\"lazy\" decoding=\"async\" class=\"aligncenter size-full wp-image-12211\" src=\"http:\/\/www.lespolissonsdelachanson.fr\/outil\/wp-content\/uploads\/2025\/11\/thumbnail_AR0A7757.jpg\" alt=\"\" width=\"640\" height=\"427\" srcset=\"http:\/\/www.lespolissonsdelachanson.fr\/outil\/wp-content\/uploads\/2025\/11\/thumbnail_AR0A7757.jpg 640w, http:\/\/www.lespolissonsdelachanson.fr\/outil\/wp-content\/uploads\/2025\/11\/thumbnail_AR0A7757-300x200.jpg 300w, http:\/\/www.lespolissonsdelachanson.fr\/outil\/wp-content\/uploads\/2025\/11\/thumbnail_AR0A7757-150x100.jpg 150w\" sizes=\"auto, (max-width: 640px) 100vw, 640px\" \/> <img loading=\"lazy\" decoding=\"async\" class=\"aligncenter size-full wp-image-12212\" src=\"http:\/\/www.lespolissonsdelachanson.fr\/outil\/wp-content\/uploads\/2025\/11\/thumbnail_AR0A7760.jpg\" alt=\"\" width=\"640\" height=\"360\" srcset=\"http:\/\/www.lespolissonsdelachanson.fr\/outil\/wp-content\/uploads\/2025\/11\/thumbnail_AR0A7760.jpg 640w, http:\/\/www.lespolissonsdelachanson.fr\/outil\/wp-content\/uploads\/2025\/11\/thumbnail_AR0A7760-300x169.jpg 300w, http:\/\/www.lespolissonsdelachanson.fr\/outil\/wp-content\/uploads\/2025\/11\/thumbnail_AR0A7760-150x84.jpg 150w\" sizes=\"auto, (max-width: 640px) 100vw, 640px\" \/> <img loading=\"lazy\" decoding=\"async\" class=\"aligncenter size-full wp-image-12213\" src=\"http:\/\/www.lespolissonsdelachanson.fr\/outil\/wp-content\/uploads\/2025\/11\/thumbnail_AR0A7769.jpg\" alt=\"\" width=\"640\" height=\"427\" srcset=\"http:\/\/www.lespolissonsdelachanson.fr\/outil\/wp-content\/uploads\/2025\/11\/thumbnail_AR0A7769.jpg 640w, http:\/\/www.lespolissonsdelachanson.fr\/outil\/wp-content\/uploads\/2025\/11\/thumbnail_AR0A7769-300x200.jpg 300w, http:\/\/www.lespolissonsdelachanson.fr\/outil\/wp-content\/uploads\/2025\/11\/thumbnail_AR0A7769-150x100.jpg 150w\" sizes=\"auto, (max-width: 640px) 100vw, 640px\" \/> <img loading=\"lazy\" decoding=\"async\" class=\"aligncenter size-full wp-image-12214\" src=\"http:\/\/www.lespolissonsdelachanson.fr\/outil\/wp-content\/uploads\/2025\/11\/thumbnail_AR0A7770.jpg\" alt=\"\" width=\"640\" height=\"427\" srcset=\"http:\/\/www.lespolissonsdelachanson.fr\/outil\/wp-content\/uploads\/2025\/11\/thumbnail_AR0A7770.jpg 640w, http:\/\/www.lespolissonsdelachanson.fr\/outil\/wp-content\/uploads\/2025\/11\/thumbnail_AR0A7770-300x200.jpg 300w, http:\/\/www.lespolissonsdelachanson.fr\/outil\/wp-content\/uploads\/2025\/11\/thumbnail_AR0A7770-150x100.jpg 150w\" sizes=\"auto, (max-width: 640px) 100vw, 640px\" \/> <img loading=\"lazy\" decoding=\"async\" class=\"aligncenter size-full wp-image-12215\" src=\"http:\/\/www.lespolissonsdelachanson.fr\/outil\/wp-content\/uploads\/2025\/11\/thumbnail_AR0A7776.jpg\" alt=\"\" width=\"640\" height=\"427\" srcset=\"http:\/\/www.lespolissonsdelachanson.fr\/outil\/wp-content\/uploads\/2025\/11\/thumbnail_AR0A7776.jpg 640w, http:\/\/www.lespolissonsdelachanson.fr\/outil\/wp-content\/uploads\/2025\/11\/thumbnail_AR0A7776-300x200.jpg 300w, http:\/\/www.lespolissonsdelachanson.fr\/outil\/wp-content\/uploads\/2025\/11\/thumbnail_AR0A7776-150x100.jpg 150w\" sizes=\"auto, (max-width: 640px) 100vw, 640px\" \/> <img loading=\"lazy\" decoding=\"async\" class=\"aligncenter size-full wp-image-12216\" src=\"http:\/\/www.lespolissonsdelachanson.fr\/outil\/wp-content\/uploads\/2025\/11\/thumbnail_AR0A7777.jpg\" alt=\"\" width=\"640\" height=\"360\" srcset=\"http:\/\/www.lespolissonsdelachanson.fr\/outil\/wp-content\/uploads\/2025\/11\/thumbnail_AR0A7777.jpg 640w, http:\/\/www.lespolissonsdelachanson.fr\/outil\/wp-content\/uploads\/2025\/11\/thumbnail_AR0A7777-300x169.jpg 300w, http:\/\/www.lespolissonsdelachanson.fr\/outil\/wp-content\/uploads\/2025\/11\/thumbnail_AR0A7777-150x84.jpg 150w\" sizes=\"auto, (max-width: 640px) 100vw, 640px\" \/> <img loading=\"lazy\" decoding=\"async\" class=\"aligncenter size-full wp-image-12217\" src=\"http:\/\/www.lespolissonsdelachanson.fr\/outil\/wp-content\/uploads\/2025\/11\/thumbnail_AR0A7789.jpg\" alt=\"\" width=\"640\" height=\"360\" srcset=\"http:\/\/www.lespolissonsdelachanson.fr\/outil\/wp-content\/uploads\/2025\/11\/thumbnail_AR0A7789.jpg 640w, http:\/\/www.lespolissonsdelachanson.fr\/outil\/wp-content\/uploads\/2025\/11\/thumbnail_AR0A7789-300x169.jpg 300w, http:\/\/www.lespolissonsdelachanson.fr\/outil\/wp-content\/uploads\/2025\/11\/thumbnail_AR0A7789-150x84.jpg 150w\" sizes=\"auto, (max-width: 640px) 100vw, 640px\" \/> <img loading=\"lazy\" decoding=\"async\" class=\"aligncenter size-full wp-image-12218\" src=\"http:\/\/www.lespolissonsdelachanson.fr\/outil\/wp-content\/uploads\/2025\/11\/thumbnail_AR0A7792.jpg\" alt=\"\" width=\"640\" height=\"427\" srcset=\"http:\/\/www.lespolissonsdelachanson.fr\/outil\/wp-content\/uploads\/2025\/11\/thumbnail_AR0A7792.jpg 640w, http:\/\/www.lespolissonsdelachanson.fr\/outil\/wp-content\/uploads\/2025\/11\/thumbnail_AR0A7792-300x200.jpg 300w, http:\/\/www.lespolissonsdelachanson.fr\/outil\/wp-content\/uploads\/2025\/11\/thumbnail_AR0A7792-150x100.jpg 150w\" sizes=\"auto, (max-width: 640px) 100vw, 640px\" \/> <img loading=\"lazy\" decoding=\"async\" class=\"aligncenter size-full wp-image-12219\" src=\"http:\/\/www.lespolissonsdelachanson.fr\/outil\/wp-content\/uploads\/2025\/11\/thumbnail_AR0A7831.jpg\" alt=\"\" width=\"640\" height=\"427\" srcset=\"http:\/\/www.lespolissonsdelachanson.fr\/outil\/wp-content\/uploads\/2025\/11\/thumbnail_AR0A7831.jpg 640w, http:\/\/www.lespolissonsdelachanson.fr\/outil\/wp-content\/uploads\/2025\/11\/thumbnail_AR0A7831-300x200.jpg 300w, http:\/\/www.lespolissonsdelachanson.fr\/outil\/wp-content\/uploads\/2025\/11\/thumbnail_AR0A7831-150x100.jpg 150w\" sizes=\"auto, (max-width: 640px) 100vw, 640px\" \/> <img loading=\"lazy\" decoding=\"async\" class=\"aligncenter size-full wp-image-12220\" src=\"http:\/\/www.lespolissonsdelachanson.fr\/outil\/wp-content\/uploads\/2025\/11\/thumbnail_AR0A7842.jpg\" alt=\"\" width=\"640\" height=\"360\" srcset=\"http:\/\/www.lespolissonsdelachanson.fr\/outil\/wp-content\/uploads\/2025\/11\/thumbnail_AR0A7842.jpg 640w, http:\/\/www.lespolissonsdelachanson.fr\/outil\/wp-content\/uploads\/2025\/11\/thumbnail_AR0A7842-300x169.jpg 300w, http:\/\/www.lespolissonsdelachanson.fr\/outil\/wp-content\/uploads\/2025\/11\/thumbnail_AR0A7842-150x84.jpg 150w\" sizes=\"auto, (max-width: 640px) 100vw, 640px\" \/><\/p>\n","protected":false},"excerpt":{"rendered":"<p>25 et 26 OCTOBRE 2025 : &nbsp; : theatre (salle kercaradec \u00e0 Saint-Gildas-de-rhuys) Photos de la r\u00e9p\u00e9tition g\u00e9n\u00e9rale du 24 novembre 2025 : Photos de la repr\u00e9sentation du 26 novembre 2025 :<\/p>\n","protected":false},"author":3,"featured_media":0,"parent":10056,"menu_order":0,"comment_status":"closed","ping_status":"closed","template":"","meta":{"ngg_post_thumbnail":0,"footnotes":""},"class_list":["post-12153","page","type-page","status-publish","hentry"],"_links":{"self":[{"href":"http:\/\/www.lespolissonsdelachanson.fr\/outil\/index.php?rest_route=\/wp\/v2\/pages\/12153","targetHints":{"allow":["GET"]}}],"collection":[{"href":"http:\/\/www.lespolissonsdelachanson.fr\/outil\/index.php?rest_route=\/wp\/v2\/pages"}],"about":[{"href":"http:\/\/www.lespolissonsdelachanson.fr\/outil\/index.php?rest_route=\/wp\/v2\/types\/page"}],"author":[{"embeddable":true,"href":"http:\/\/www.lespolissonsdelachanson.fr\/outil\/index.php?rest_route=\/wp\/v2\/users\/3"}],"replies":[{"embeddable":true,"href":"http:\/\/www.lespolissonsdelachanson.fr\/outil\/index.php?rest_route=%2Fwp%2Fv2%2Fcomments&post=12153"}],"version-history":[{"count":4,"href":"http:\/\/www.lespolissonsdelachanson.fr\/outil\/index.php?rest_route=\/wp\/v2\/pages\/12153\/revisions"}],"predecessor-version":[{"id":12222,"href":"http:\/\/www.lespolissonsdelachanson.fr\/outil\/index.php?rest_route=\/wp\/v2\/pages\/12153\/revisions\/12222"}],"up":[{"embeddable":true,"href":"http:\/\/www.lespolissonsdelachanson.fr\/outil\/index.php?rest_route=\/wp\/v2\/pages\/10056"}],"wp:attachment":[{"href":"http:\/\/www.lespolissonsdelachanson.fr\/outil\/index.php?rest_route=%2Fwp%2Fv2%2Fmedia&parent=12153"}],"curies":[{"name":"wp","href":"https:\/\/api.w.org\/{rel}","templated":true}]}}