{"id":11578,"date":"2024-11-20T21:46:53","date_gmt":"2024-11-20T20:46:53","guid":{"rendered":"http:\/\/www.lespolissonsdelachanson.fr\/outil\/?page_id=11578"},"modified":"2024-11-20T21:50:41","modified_gmt":"2024-11-20T20:50:41","slug":"2024-concert-partage","status":"publish","type":"page","link":"http:\/\/www.lespolissonsdelachanson.fr\/outil\/?page_id=11578","title":{"rendered":"2024 &#8211; Concert partag\u00e9"},"content":{"rendered":"<p><img loading=\"lazy\" decoding=\"async\" class=\"aligncenter size-full wp-image-11523\" src=\"http:\/\/www.lespolissonsdelachanson.fr\/outil\/wp-content\/uploads\/2024\/10\/Courrier-Elsa-Hubert-Forner-Outlook.jpeg\" alt=\"\" width=\"1123\" height=\"1597\" srcset=\"http:\/\/www.lespolissonsdelachanson.fr\/outil\/wp-content\/uploads\/2024\/10\/Courrier-Elsa-Hubert-Forner-Outlook.jpeg 1123w, http:\/\/www.lespolissonsdelachanson.fr\/outil\/wp-content\/uploads\/2024\/10\/Courrier-Elsa-Hubert-Forner-Outlook-211x300.jpeg 211w, http:\/\/www.lespolissonsdelachanson.fr\/outil\/wp-content\/uploads\/2024\/10\/Courrier-Elsa-Hubert-Forner-Outlook-720x1024.jpeg 720w, http:\/\/www.lespolissonsdelachanson.fr\/outil\/wp-content\/uploads\/2024\/10\/Courrier-Elsa-Hubert-Forner-Outlook-105x150.jpeg 105w, http:\/\/www.lespolissonsdelachanson.fr\/outil\/wp-content\/uploads\/2024\/10\/Courrier-Elsa-Hubert-Forner-Outlook-768x1092.jpeg 768w, http:\/\/www.lespolissonsdelachanson.fr\/outil\/wp-content\/uploads\/2024\/10\/Courrier-Elsa-Hubert-Forner-Outlook-1080x1536.jpeg 1080w\" sizes=\"auto, (max-width: 767px) 89vw, (max-width: 1000px) 54vw, (max-width: 1071px) 543px, 580px\" \/><\/p>\n<p>Samedi 26 octobre | 20h30 | Abbatiale.<\/p>\n<p>Meli Voce est une chorale de 30 choristes qui travaillent chaque semaine sur des \u0153uvres<\/p>\n<p>Classiques. Telles que des pi\u00e8ces de Thomas Luis Victoria, Faur\u00e9, Rachmaninov\u2026<\/p>\n<p>Cette ann\u00e9e, nous invitons un excellent ensemble vocal bien connu maintenant sur la r\u00e9gion<\/p>\n<p>Vannetaise et qui viendra pour la premi\u00e8re fois \u00e0 l\u2019abbatiale de Saint Gildas de Rhuys.<\/p>\n<p>A ne surtout pas manquer&nbsp;!<\/p>\n<p>Melodiam Meam est un ensemble vocal cr\u00e9\u00e9 en 2019, compos\u00e9 aujourd\u2019hui de 12 chanteurs divis\u00e9s parfois jusqu\u2019\u00e0 8 pupitres sur des oeuvres classiques de notre \u00e9poque. Venu de tous horizons sur le plan musical, le groupe s\u2019adonne chaque semaine \u00e0 des r\u00e9p\u00e9titions afin de viser la meilleure qualit\u00e9 sonore.<\/p>\n<p>Depuis l\u2019ann\u00e9e derni\u00e8re, le choeur \u00e0 la particularit\u00e9 de chant-sign\u00e9 les oeuvres qu\u2019ils chantent afin d\u2019ouvrir la musique \u00e0 la communaut\u00e9 des sourds. (LSF)<br \/>\nC\u2019est autour de cet engouement que l\u2019ensemble vocal appel \u00e0 la bienveillance et \u00e0 l\u2019insertion de chaque individu.<\/p>\n<p><img loading=\"lazy\" decoding=\"async\" class=\"aligncenter size-full wp-image-11525\" src=\"http:\/\/www.lespolissonsdelachanson.fr\/outil\/wp-content\/uploads\/2024\/10\/Capture-decran-2024-10-16-a-17.49.04.png\" alt=\"\" width=\"1068\" height=\"1406\" srcset=\"http:\/\/www.lespolissonsdelachanson.fr\/outil\/wp-content\/uploads\/2024\/10\/Capture-decran-2024-10-16-a-17.49.04.png 1068w, http:\/\/www.lespolissonsdelachanson.fr\/outil\/wp-content\/uploads\/2024\/10\/Capture-decran-2024-10-16-a-17.49.04-228x300.png 228w, http:\/\/www.lespolissonsdelachanson.fr\/outil\/wp-content\/uploads\/2024\/10\/Capture-decran-2024-10-16-a-17.49.04-778x1024.png 778w, http:\/\/www.lespolissonsdelachanson.fr\/outil\/wp-content\/uploads\/2024\/10\/Capture-decran-2024-10-16-a-17.49.04-114x150.png 114w, http:\/\/www.lespolissonsdelachanson.fr\/outil\/wp-content\/uploads\/2024\/10\/Capture-decran-2024-10-16-a-17.49.04-768x1011.png 768w\" sizes=\"auto, (max-width: 767px) 89vw, (max-width: 1000px) 54vw, (max-width: 1071px) 543px, 580px\" \/><\/p>\n","protected":false},"excerpt":{"rendered":"<p>Samedi 26 octobre | 20h30 | Abbatiale. Meli Voce est une chorale de 30 choristes qui travaillent chaque semaine sur des \u0153uvres Classiques. Telles que des pi\u00e8ces de Thomas Luis Victoria, Faur\u00e9, Rachmaninov\u2026 Cette ann\u00e9e, nous invitons un excellent ensemble vocal bien connu maintenant sur la r\u00e9gion Vannetaise et qui viendra pour la premi\u00e8re fois &hellip; <\/p>\n<p class=\"link-more\"><a href=\"http:\/\/www.lespolissonsdelachanson.fr\/outil\/?page_id=11578\" class=\"more-link\">Continuer la lecture<span class=\"screen-reader-text\"> de &laquo;&nbsp;2024 &#8211; Concert partag\u00e9&nbsp;&raquo;<\/span><\/a><\/p>\n","protected":false},"author":3,"featured_media":0,"parent":10047,"menu_order":0,"comment_status":"closed","ping_status":"closed","template":"","meta":{"ngg_post_thumbnail":0,"footnotes":""},"class_list":["post-11578","page","type-page","status-publish","hentry"],"_links":{"self":[{"href":"http:\/\/www.lespolissonsdelachanson.fr\/outil\/index.php?rest_route=\/wp\/v2\/pages\/11578","targetHints":{"allow":["GET"]}}],"collection":[{"href":"http:\/\/www.lespolissonsdelachanson.fr\/outil\/index.php?rest_route=\/wp\/v2\/pages"}],"about":[{"href":"http:\/\/www.lespolissonsdelachanson.fr\/outil\/index.php?rest_route=\/wp\/v2\/types\/page"}],"author":[{"embeddable":true,"href":"http:\/\/www.lespolissonsdelachanson.fr\/outil\/index.php?rest_route=\/wp\/v2\/users\/3"}],"replies":[{"embeddable":true,"href":"http:\/\/www.lespolissonsdelachanson.fr\/outil\/index.php?rest_route=%2Fwp%2Fv2%2Fcomments&post=11578"}],"version-history":[{"count":3,"href":"http:\/\/www.lespolissonsdelachanson.fr\/outil\/index.php?rest_route=\/wp\/v2\/pages\/11578\/revisions"}],"predecessor-version":[{"id":11582,"href":"http:\/\/www.lespolissonsdelachanson.fr\/outil\/index.php?rest_route=\/wp\/v2\/pages\/11578\/revisions\/11582"}],"up":[{"embeddable":true,"href":"http:\/\/www.lespolissonsdelachanson.fr\/outil\/index.php?rest_route=\/wp\/v2\/pages\/10047"}],"wp:attachment":[{"href":"http:\/\/www.lespolissonsdelachanson.fr\/outil\/index.php?rest_route=%2Fwp%2Fv2%2Fmedia&parent=11578"}],"curies":[{"name":"wp","href":"https:\/\/api.w.org\/{rel}","templated":true}]}}