{"id":11095,"date":"2024-02-19T16:39:16","date_gmt":"2024-02-19T15:39:16","guid":{"rendered":"http:\/\/www.lespolissonsdelachanson.fr\/outil\/?page_id=11095"},"modified":"2024-02-19T20:50:50","modified_gmt":"2024-02-19T19:50:50","slug":"2007-chansons-pour-peindre-le-temps-avec-michel-murty","status":"publish","type":"page","link":"http:\/\/www.lespolissonsdelachanson.fr\/outil\/?page_id=11095","title":{"rendered":"2007 : \u00ab\u00a0Chansons pour peindre le temps\u00a0\u00bb avec Michel Murty"},"content":{"rendered":"<p><img loading=\"lazy\" decoding=\"async\" class=\"aligncenter size-full wp-image-11100\" src=\"http:\/\/www.lespolissonsdelachanson.fr\/outil\/wp-content\/uploads\/2024\/02\/affiche-murty.png\" alt=\"\" width=\"946\" height=\"1412\" srcset=\"http:\/\/www.lespolissonsdelachanson.fr\/outil\/wp-content\/uploads\/2024\/02\/affiche-murty.png 946w, http:\/\/www.lespolissonsdelachanson.fr\/outil\/wp-content\/uploads\/2024\/02\/affiche-murty-201x300.png 201w, http:\/\/www.lespolissonsdelachanson.fr\/outil\/wp-content\/uploads\/2024\/02\/affiche-murty-686x1024.png 686w, http:\/\/www.lespolissonsdelachanson.fr\/outil\/wp-content\/uploads\/2024\/02\/affiche-murty-100x150.png 100w, http:\/\/www.lespolissonsdelachanson.fr\/outil\/wp-content\/uploads\/2024\/02\/affiche-murty-768x1146.png 768w\" sizes=\"auto, (max-width: 767px) 89vw, (max-width: 1000px) 54vw, (max-width: 1071px) 543px, 580px\" \/><\/p>\n<p>Michel Murty a cotoy\u00e9 les plus grands.<\/p>\n<p>D\u00e9couvert par Mouloudji, Michel Murty a chant\u00e9 avec Georges Brassens, F\u00e9lix Leclerc, Mouloudji, Jean Ferrat, Raymond Devos, Juliette Gr\u00e9co, Isabelle Aubret, Francis Lemarque, Serge Lama, Leny Escudero, etc\u2026<\/p>\n<p>Il a chant\u00e9 dans de prestigieux Music-Hall comme l\u2019Olympia, Bobino ou la salle Pleyel et dans les cabarets rive gauche comme \u00ab L\u2019Ecluse \u00bb.<\/p>\n<p>La t\u00e9l\u00e9vision l\u2019a re\u00e7u dans plusieurs \u00e9missions, notamment \u00ab Le Grand Echiquier \u00bb de Jacques Chancel, invit\u00e9 par Mouloudji, \u00ab Champs-Elys\u00e9es \u00bb de Michel Drucker, \u00ab Aujourd\u2019hui Madame \u00bb de Jean Bertho, \u00ab L\u2019inconnu du dimanche \u00bb de Jean-Pierre Renard, \u00ab Bienvenue chez Guy B\u00e9art \u00bb, \u00ab Au risque de vous plaire \u00bb de Jean-Christophe Averty\u2026<\/p>\n<p>La rencontre de la voix de Michel Murty est chaque fois une immense surprise \u00e0 qui la d\u00e9couvre. Le grain de son timbre est comparable au mordant et \u00e0 la rondeur de celle de Jean Ferrat et en fait l\u2019une des plus belles voix actuelles de la chanson fran\u00e7aise.<\/p>\n<p>Michel Murty est de ceux pour qui la po\u00e9sie est un acte d\u2019amour. Il chante avec tendresse et avec force aussi, les grands et nobles sentiments ressentis par ses semblables, la passion de la vie avec ce qu\u2019elle a de meilleur et de pire, ses joies, ses douleurs, ses injustices, ses r\u00e9voltes et par dessus tout, le grand soleil d\u2019un immense espoir.<br \/>\n<i>Andr\u00e9 Forner<\/i><\/p>\n<p><img loading=\"lazy\" decoding=\"async\" class=\"aligncenter size-full wp-image-11101\" src=\"http:\/\/www.lespolissonsdelachanson.fr\/outil\/wp-content\/uploads\/2024\/02\/murty-1.png\" alt=\"\" width=\"614\" height=\"914\" srcset=\"http:\/\/www.lespolissonsdelachanson.fr\/outil\/wp-content\/uploads\/2024\/02\/murty-1.png 614w, http:\/\/www.lespolissonsdelachanson.fr\/outil\/wp-content\/uploads\/2024\/02\/murty-1-202x300.png 202w, http:\/\/www.lespolissonsdelachanson.fr\/outil\/wp-content\/uploads\/2024\/02\/murty-1-101x150.png 101w\" sizes=\"auto, (max-width: 614px) 100vw, 614px\" \/> <img loading=\"lazy\" decoding=\"async\" class=\"aligncenter size-full wp-image-11102\" src=\"http:\/\/www.lespolissonsdelachanson.fr\/outil\/wp-content\/uploads\/2024\/02\/murty-2.png\" alt=\"\" width=\"1270\" height=\"916\" srcset=\"http:\/\/www.lespolissonsdelachanson.fr\/outil\/wp-content\/uploads\/2024\/02\/murty-2.png 1270w, http:\/\/www.lespolissonsdelachanson.fr\/outil\/wp-content\/uploads\/2024\/02\/murty-2-300x216.png 300w, http:\/\/www.lespolissonsdelachanson.fr\/outil\/wp-content\/uploads\/2024\/02\/murty-2-1024x739.png 1024w, http:\/\/www.lespolissonsdelachanson.fr\/outil\/wp-content\/uploads\/2024\/02\/murty-2-150x108.png 150w, http:\/\/www.lespolissonsdelachanson.fr\/outil\/wp-content\/uploads\/2024\/02\/murty-2-768x554.png 768w\" sizes=\"auto, (max-width: 767px) 89vw, (max-width: 1000px) 54vw, (max-width: 1071px) 543px, 580px\" \/> <img loading=\"lazy\" decoding=\"async\" class=\"aligncenter size-full wp-image-11103\" src=\"http:\/\/www.lespolissonsdelachanson.fr\/outil\/wp-content\/uploads\/2024\/02\/murty-3.png\" alt=\"\" width=\"542\" height=\"918\" srcset=\"http:\/\/www.lespolissonsdelachanson.fr\/outil\/wp-content\/uploads\/2024\/02\/murty-3.png 542w, http:\/\/www.lespolissonsdelachanson.fr\/outil\/wp-content\/uploads\/2024\/02\/murty-3-177x300.png 177w, http:\/\/www.lespolissonsdelachanson.fr\/outil\/wp-content\/uploads\/2024\/02\/murty-3-89x150.png 89w\" sizes=\"auto, (max-width: 542px) 100vw, 542px\" \/> <img loading=\"lazy\" decoding=\"async\" class=\"aligncenter size-full wp-image-11104\" src=\"http:\/\/www.lespolissonsdelachanson.fr\/outil\/wp-content\/uploads\/2024\/02\/murty-4.png\" alt=\"\" width=\"614\" height=\"922\" srcset=\"http:\/\/www.lespolissonsdelachanson.fr\/outil\/wp-content\/uploads\/2024\/02\/murty-4.png 614w, http:\/\/www.lespolissonsdelachanson.fr\/outil\/wp-content\/uploads\/2024\/02\/murty-4-200x300.png 200w, http:\/\/www.lespolissonsdelachanson.fr\/outil\/wp-content\/uploads\/2024\/02\/murty-4-100x150.png 100w\" sizes=\"auto, (max-width: 614px) 100vw, 614px\" \/> <img loading=\"lazy\" decoding=\"async\" class=\"aligncenter size-full wp-image-11105\" src=\"http:\/\/www.lespolissonsdelachanson.fr\/outil\/wp-content\/uploads\/2024\/02\/murty-5.png\" alt=\"\" width=\"1246\" height=\"918\" srcset=\"http:\/\/www.lespolissonsdelachanson.fr\/outil\/wp-content\/uploads\/2024\/02\/murty-5.png 1246w, http:\/\/www.lespolissonsdelachanson.fr\/outil\/wp-content\/uploads\/2024\/02\/murty-5-300x221.png 300w, http:\/\/www.lespolissonsdelachanson.fr\/outil\/wp-content\/uploads\/2024\/02\/murty-5-1024x754.png 1024w, http:\/\/www.lespolissonsdelachanson.fr\/outil\/wp-content\/uploads\/2024\/02\/murty-5-150x111.png 150w, http:\/\/www.lespolissonsdelachanson.fr\/outil\/wp-content\/uploads\/2024\/02\/murty-5-768x566.png 768w\" sizes=\"auto, (max-width: 767px) 89vw, (max-width: 1000px) 54vw, (max-width: 1071px) 543px, 580px\" \/><\/p>\n<p><em><strong>LE COIN PRESSE<\/strong><\/em><\/p>\n<p><img loading=\"lazy\" decoding=\"async\" class=\"aligncenter size-full wp-image-11107\" src=\"http:\/\/www.lespolissonsdelachanson.fr\/outil\/wp-content\/uploads\/2024\/02\/murty-presse-1.png\" alt=\"\" width=\"1278\" height=\"888\" srcset=\"http:\/\/www.lespolissonsdelachanson.fr\/outil\/wp-content\/uploads\/2024\/02\/murty-presse-1.png 1278w, http:\/\/www.lespolissonsdelachanson.fr\/outil\/wp-content\/uploads\/2024\/02\/murty-presse-1-300x208.png 300w, http:\/\/www.lespolissonsdelachanson.fr\/outil\/wp-content\/uploads\/2024\/02\/murty-presse-1-1024x712.png 1024w, http:\/\/www.lespolissonsdelachanson.fr\/outil\/wp-content\/uploads\/2024\/02\/murty-presse-1-150x104.png 150w, http:\/\/www.lespolissonsdelachanson.fr\/outil\/wp-content\/uploads\/2024\/02\/murty-presse-1-768x534.png 768w\" sizes=\"auto, (max-width: 767px) 89vw, (max-width: 1000px) 54vw, (max-width: 1071px) 543px, 580px\" \/><br \/>\n<img loading=\"lazy\" decoding=\"async\" class=\"aligncenter size-full wp-image-11108\" src=\"http:\/\/www.lespolissonsdelachanson.fr\/outil\/wp-content\/uploads\/2024\/02\/murty-presse-2.png\" alt=\"\" width=\"1146\" height=\"926\" srcset=\"http:\/\/www.lespolissonsdelachanson.fr\/outil\/wp-content\/uploads\/2024\/02\/murty-presse-2.png 1146w, http:\/\/www.lespolissonsdelachanson.fr\/outil\/wp-content\/uploads\/2024\/02\/murty-presse-2-300x242.png 300w, http:\/\/www.lespolissonsdelachanson.fr\/outil\/wp-content\/uploads\/2024\/02\/murty-presse-2-1024x827.png 1024w, http:\/\/www.lespolissonsdelachanson.fr\/outil\/wp-content\/uploads\/2024\/02\/murty-presse-2-150x121.png 150w, http:\/\/www.lespolissonsdelachanson.fr\/outil\/wp-content\/uploads\/2024\/02\/murty-presse-2-768x621.png 768w\" sizes=\"auto, (max-width: 767px) 89vw, (max-width: 1000px) 54vw, (max-width: 1071px) 543px, 580px\" \/><\/p>\n<p><img loading=\"lazy\" decoding=\"async\" class=\"aligncenter size-full wp-image-11109\" src=\"http:\/\/www.lespolissonsdelachanson.fr\/outil\/wp-content\/uploads\/2024\/02\/murty-presse-3.png\" alt=\"\" width=\"966\" height=\"920\" srcset=\"http:\/\/www.lespolissonsdelachanson.fr\/outil\/wp-content\/uploads\/2024\/02\/murty-presse-3.png 966w, http:\/\/www.lespolissonsdelachanson.fr\/outil\/wp-content\/uploads\/2024\/02\/murty-presse-3-300x286.png 300w, http:\/\/www.lespolissonsdelachanson.fr\/outil\/wp-content\/uploads\/2024\/02\/murty-presse-3-150x143.png 150w, http:\/\/www.lespolissonsdelachanson.fr\/outil\/wp-content\/uploads\/2024\/02\/murty-presse-3-768x731.png 768w\" sizes=\"auto, (max-width: 767px) 89vw, (max-width: 1000px) 54vw, (max-width: 1071px) 543px, 580px\" \/><\/p>\n<p><img loading=\"lazy\" decoding=\"async\" class=\"aligncenter size-full wp-image-11110\" src=\"http:\/\/www.lespolissonsdelachanson.fr\/outil\/wp-content\/uploads\/2024\/02\/murty-presse-4.png\" alt=\"\" width=\"1038\" height=\"926\" srcset=\"http:\/\/www.lespolissonsdelachanson.fr\/outil\/wp-content\/uploads\/2024\/02\/murty-presse-4.png 1038w, http:\/\/www.lespolissonsdelachanson.fr\/outil\/wp-content\/uploads\/2024\/02\/murty-presse-4-300x268.png 300w, http:\/\/www.lespolissonsdelachanson.fr\/outil\/wp-content\/uploads\/2024\/02\/murty-presse-4-1024x914.png 1024w, http:\/\/www.lespolissonsdelachanson.fr\/outil\/wp-content\/uploads\/2024\/02\/murty-presse-4-150x134.png 150w, http:\/\/www.lespolissonsdelachanson.fr\/outil\/wp-content\/uploads\/2024\/02\/murty-presse-4-768x685.png 768w\" sizes=\"auto, (max-width: 767px) 89vw, (max-width: 1000px) 54vw, (max-width: 1071px) 543px, 580px\" \/><\/p>\n<p><img loading=\"lazy\" decoding=\"async\" class=\"aligncenter size-full wp-image-11111\" src=\"http:\/\/www.lespolissonsdelachanson.fr\/outil\/wp-content\/uploads\/2024\/02\/murty-presse-5.png\" alt=\"\" width=\"988\" height=\"928\" srcset=\"http:\/\/www.lespolissonsdelachanson.fr\/outil\/wp-content\/uploads\/2024\/02\/murty-presse-5.png 988w, http:\/\/www.lespolissonsdelachanson.fr\/outil\/wp-content\/uploads\/2024\/02\/murty-presse-5-300x282.png 300w, http:\/\/www.lespolissonsdelachanson.fr\/outil\/wp-content\/uploads\/2024\/02\/murty-presse-5-150x141.png 150w, http:\/\/www.lespolissonsdelachanson.fr\/outil\/wp-content\/uploads\/2024\/02\/murty-presse-5-768x721.png 768w\" sizes=\"auto, (max-width: 767px) 89vw, (max-width: 1000px) 54vw, (max-width: 1071px) 543px, 580px\" \/><\/p>\n<p><img loading=\"lazy\" decoding=\"async\" class=\"aligncenter size-full wp-image-11112\" src=\"http:\/\/www.lespolissonsdelachanson.fr\/outil\/wp-content\/uploads\/2024\/02\/murty-presse-6.png\" alt=\"\" width=\"976\" height=\"930\" srcset=\"http:\/\/www.lespolissonsdelachanson.fr\/outil\/wp-content\/uploads\/2024\/02\/murty-presse-6.png 976w, http:\/\/www.lespolissonsdelachanson.fr\/outil\/wp-content\/uploads\/2024\/02\/murty-presse-6-300x286.png 300w, http:\/\/www.lespolissonsdelachanson.fr\/outil\/wp-content\/uploads\/2024\/02\/murty-presse-6-150x143.png 150w, http:\/\/www.lespolissonsdelachanson.fr\/outil\/wp-content\/uploads\/2024\/02\/murty-presse-6-768x732.png 768w\" sizes=\"auto, (max-width: 767px) 89vw, (max-width: 1000px) 54vw, (max-width: 1071px) 543px, 580px\" \/><\/p>\n","protected":false},"excerpt":{"rendered":"<p>Michel Murty a cotoy\u00e9 les plus grands. D\u00e9couvert par Mouloudji, Michel Murty a chant\u00e9 avec Georges Brassens, F\u00e9lix Leclerc, Mouloudji, Jean Ferrat, Raymond Devos, Juliette Gr\u00e9co, Isabelle Aubret, Francis Lemarque, Serge Lama, Leny Escudero, etc\u2026 Il a chant\u00e9 dans de prestigieux Music-Hall comme l\u2019Olympia, Bobino ou la salle Pleyel et dans les cabarets rive gauche &hellip; <\/p>\n<p class=\"link-more\"><a href=\"http:\/\/www.lespolissonsdelachanson.fr\/outil\/?page_id=11095\" class=\"more-link\">Continuer la lecture<span class=\"screen-reader-text\"> de &laquo;&nbsp;2007 : \u00ab\u00a0Chansons pour peindre le temps\u00a0\u00bb avec Michel Murty&nbsp;&raquo;<\/span><\/a><\/p>\n","protected":false},"author":3,"featured_media":0,"parent":10179,"menu_order":0,"comment_status":"closed","ping_status":"closed","template":"","meta":{"ngg_post_thumbnail":0,"footnotes":""},"class_list":["post-11095","page","type-page","status-publish","hentry"],"_links":{"self":[{"href":"http:\/\/www.lespolissonsdelachanson.fr\/outil\/index.php?rest_route=\/wp\/v2\/pages\/11095","targetHints":{"allow":["GET"]}}],"collection":[{"href":"http:\/\/www.lespolissonsdelachanson.fr\/outil\/index.php?rest_route=\/wp\/v2\/pages"}],"about":[{"href":"http:\/\/www.lespolissonsdelachanson.fr\/outil\/index.php?rest_route=\/wp\/v2\/types\/page"}],"author":[{"embeddable":true,"href":"http:\/\/www.lespolissonsdelachanson.fr\/outil\/index.php?rest_route=\/wp\/v2\/users\/3"}],"replies":[{"embeddable":true,"href":"http:\/\/www.lespolissonsdelachanson.fr\/outil\/index.php?rest_route=%2Fwp%2Fv2%2Fcomments&post=11095"}],"version-history":[{"count":4,"href":"http:\/\/www.lespolissonsdelachanson.fr\/outil\/index.php?rest_route=\/wp\/v2\/pages\/11095\/revisions"}],"predecessor-version":[{"id":11113,"href":"http:\/\/www.lespolissonsdelachanson.fr\/outil\/index.php?rest_route=\/wp\/v2\/pages\/11095\/revisions\/11113"}],"up":[{"embeddable":true,"href":"http:\/\/www.lespolissonsdelachanson.fr\/outil\/index.php?rest_route=\/wp\/v2\/pages\/10179"}],"wp:attachment":[{"href":"http:\/\/www.lespolissonsdelachanson.fr\/outil\/index.php?rest_route=%2Fwp%2Fv2%2Fmedia&parent=11095"}],"curies":[{"name":"wp","href":"https:\/\/api.w.org\/{rel}","templated":true}]}}