{"id":11029,"date":"2024-02-15T23:09:17","date_gmt":"2024-02-15T22:09:17","guid":{"rendered":"http:\/\/www.lespolissonsdelachanson.fr\/outil\/?page_id=11029"},"modified":"2024-02-15T23:09:33","modified_gmt":"2024-02-15T22:09:33","slug":"2008-journees-abelard-et-heloise","status":"publish","type":"page","link":"http:\/\/www.lespolissonsdelachanson.fr\/outil\/?page_id=11029","title":{"rendered":"2008 : Journ\u00e9es \u00ab\u00a0Ab\u00e9lard et H\u00e9lo\u00efse\u00a0\u00bb"},"content":{"rendered":"<p><img loading=\"lazy\" decoding=\"async\" class=\"aligncenter size-full wp-image-11030\" src=\"http:\/\/www.lespolissonsdelachanson.fr\/outil\/wp-content\/uploads\/2024\/02\/Capture-decran-2024-02-15-a-23.04.37.png\" alt=\"\" width=\"1182\" height=\"1636\" srcset=\"http:\/\/www.lespolissonsdelachanson.fr\/outil\/wp-content\/uploads\/2024\/02\/Capture-decran-2024-02-15-a-23.04.37.png 1182w, http:\/\/www.lespolissonsdelachanson.fr\/outil\/wp-content\/uploads\/2024\/02\/Capture-decran-2024-02-15-a-23.04.37-217x300.png 217w, http:\/\/www.lespolissonsdelachanson.fr\/outil\/wp-content\/uploads\/2024\/02\/Capture-decran-2024-02-15-a-23.04.37-740x1024.png 740w, http:\/\/www.lespolissonsdelachanson.fr\/outil\/wp-content\/uploads\/2024\/02\/Capture-decran-2024-02-15-a-23.04.37-108x150.png 108w, http:\/\/www.lespolissonsdelachanson.fr\/outil\/wp-content\/uploads\/2024\/02\/Capture-decran-2024-02-15-a-23.04.37-768x1063.png 768w, http:\/\/www.lespolissonsdelachanson.fr\/outil\/wp-content\/uploads\/2024\/02\/Capture-decran-2024-02-15-a-23.04.37-1110x1536.png 1110w\" sizes=\"auto, (max-width: 767px) 89vw, (max-width: 1000px) 54vw, (max-width: 1071px) 543px, 580px\" \/><\/p>\n<p><b>Programme 1<br \/>\n\u00ab Ab\u00e9lard et H\u00e9lo\u00efse, lettres et chants au 12\u00e8me si\u00e8cle \u00bb<\/b><br \/>\n<i><br \/>\n<\/i>Alleluya Veni Sancte Spiritus, chant dominicain<br \/>\nAnnus novus in gaudio, polyphonie aquitaine<br \/>\nLai des pucelles, Ab\u00e9lard<br \/>\nDehors, lonc pr\u00e9 et bosquet, pastourelle, Moniot d\u2019Arras<br \/>\nQuand li rossignol s\u2019\u00e9crie, trouv\u00e8re anonyme<br \/>\nPlanctus virginem Israel super filia Iepte galadite, Ab\u00e9lard<br \/>\nVerbum bonum et suave, prose<br \/>\nMater Dei, Mater Virgo, Eius, codex Montpellier<br \/>\nRedit Aetas aurea, conduit Ecole Notre-Dame de Paris<br \/>\nGaudens in Domino, lecture polyphonique<br \/>\nPlanctus Iacob super filios tuos, Ab\u00e9lard<br \/>\nAlle Psallite cum luya, codex Montpellier<br \/>\nPacem meam do vobis, liturgie mozarabe<br \/>\nLa rosa enflorece, chant s\u00e9pharade<\/p>\n<p>Notre r\u00e9gion nous a l\u00e9gu\u00e9 un h\u00e9ritage riche d\u2019histoire. Et, d\u00e8s le 12\u00e8me si\u00e8cle, nous avons trace du passage de ce haut personnage que fut Ma\u00eetre Pierre Ab\u00e9lard. Son s\u00e9jour ici lui fut tr\u00e8s \u00e9prouvant. Nous pouvons cependant nous enorgueillir d\u2019avoir, dans notre patrimoine local, pris part aux \u00e9v\u00e9nements de l\u2019histoire universelle.<br \/>\nC\u2019est en 1127 que le c\u00e9l\u00e8bre ma\u00eetre Pierre est nomm\u00e9 abb\u00e9 \u00e0 Saint-Gildas. Il v\u00e9cut ces six ann\u00e9es \u00e0 la t\u00eate de l\u2019abbaye comme un purgatoire apr\u00e8s une vie charg\u00e9e de moult aventures. C\u2019est l\u00e0 qu\u2019il \u00e9crira \u00ab le r\u00e9cit de mes malheurs \u00bb.<br \/>\nDe sa naissance en 1079 au Pallet pr\u00e8s de Nantes, sa fulgurante ascension en g\u00e9nial philosophe d\u00e9passant ses ma\u00eetres et dialecticien dou\u00e9, non conformiste, son histoire d\u2019amour hors du commun avec son \u00e9tudiante H\u00e9lo\u00efse, puis les pers\u00e9cutions de ses pairs et de la famille de la jeune fille, Ab\u00e9lard brosse un tableau de la passion et de la raison, \u00e9cho de ce 12\u00e8me si\u00e8cle, scolastique et courtois, pendant lequel l\u2019universit\u00e9 et l\u2019amour ont pris naissance.<br \/>\nC\u2019est dans ce si\u00e8cle charni\u00e8re qu\u2019H\u00e9lo\u00efse \u00e9crira les plus \u00e9mouvantes lettres d\u2019amour de deux \u00eatres s\u00e9par\u00e9s par la vie mais unis pour l\u2019\u00e9ternit\u00e9.<br \/>\n<b>\u00abAb\u00e9lard et H\u00e9lo\u00efse, lettres et chants au 12\u00e8me si\u00e8cle \u00bb<\/b> pr\u00e9sente un vaste \u00e9ventail de la multitude d\u2019\u00e9coles musicales fleurissant dans tout le continent d\u2019un monast\u00e8re \u00e0 l\u2019autre, de la naissance de la polyphonie et de l\u2019\u00e9closion des troubadours et des trouv\u00e8res. Ces pi\u00e8ces chant\u00e9es sont ins\u00e9r\u00e9es dans un floril\u00e8ge de morceaux choisis des Lettres, correspondance d\u2019H\u00e9lo\u00efse et Ab\u00e9lard, permettant de retracer l\u2019itin\u00e9raire de leur sublime aventure.<br \/>\n<i>Andr\u00e9 Forner<\/i><\/p>\n<p><b>Programme 2<br \/>\n\u00ab Chemin d\u2019\u00e9toiles, chants de Saint-Jacques de Compostelle au 12\u00e8me si\u00e8cle\u00bb<br \/>\nextraits du codex Calixtinus<\/b><i><\/i><\/p>\n<p>Regem regum Dominum \u2013 Invitatorium<br \/>\nSalve festa dies \u2013 versus du pape Calixte<br \/>\nIn hac die laudes cum gaudio \u2013 Conductum sancti Iacobi a domno Fulberto Karnotensi episcopo editum<br \/>\nAnnua gaudia Iacobi \u2013 conduit Magister Airardus Viziliancensis<br \/>\nAd superni regis decus \u2013 trope du Benedicamus \u2013 Magister Albericus archiepiscopus<br \/>\nGratulantes celebremus festum \u2013 Magister Gosienus episcopus Suessionis<br \/>\nResonet nostra Domino \u2013 Conductum sancti Iacobi a Magestro Roberto cardinali Romano editum<br \/>\nAd honorem regis summi \u2013 Aimericus Picaudi, presbiter de Partiniaco<br \/>\nNostra phalanx plaudat leta \u2013 Conductum Ato episcopus Trecensis<br \/>\nAd sepulcrum beati Iacobi \u2013 Ad vesperas<br \/>\nPortum in ultimo \u2013 Prosa Ato episcopus Trecensis<br \/>\nRegi perhennis glorie \u2013 trope du Benedicamus \u2013 Magister Gauterius de Castello Rainardo<br \/>\nCongaudeant catholici \u2013 trope du Benedicamus \u2013 Magister Albertus Parisiensis<br \/>\nIacobe sancta tuum \u2013 Conductum sancti Iacobi ad antique episcopo Boneventino editum<br \/>\nAlleluia vocavit Ihesus Efonisen \u2013 Alleluia in Greco<br \/>\nAgnus Dei \u2013 Agnus Fulberti episcope Karnotensis<br \/>\nDum pater familias \u2013 Hymne de sancto Iacobo<br \/>\nVox nostra resonet \u2013 Magister Iohannes LegalisLe codex Calixtinus, aussi appel\u00e9 le Liber Sancti Jacobi ou le Livre de Saint-Jacques, est avant tout un manuscrit musical dont la plupart des pi\u00e8ces reprennent des m\u00e9lodies gr\u00e9goriennes en y adaptant un texte \u00e0 la gloire de l\u2019ap\u00f4tre. Conserv\u00e9 \u00e0 Compostelle, il fut r\u00e9dig\u00e9 vers le milieu du 12\u00e8me si\u00e8cle.<br \/>\nC\u2019est pour donner plus de cr\u00e9dit \u00e0 leur ouvrage, le Liber Sancti Jacobi, que ses auteurs composent une fausse lettre dite \u00ab apocryphe \u00bb soi-disant sign\u00e9e sous le nom de Calixte II (alors que ce pape est d\u00e9j\u00e0 mort depuis plusieurs ann\u00e9es) et la place en t\u00eate de ce recueil consacr\u00e9 \u00e0 la gloire de Saint-Jacques. C\u2019est pourquoi celui-ci est parfois d\u00e9sign\u00e9 sous le nom de codex Calixtinus.<br \/>\nMais le grand int\u00e9r\u00eat de ce recueil r\u00e9side dans les pi\u00e8ces polyphoniques (dix-neuf \u00e0 deux voix et une \u00e0 trois voix) qui sont parmi les premi\u00e8res \u00e0 avoir \u00e9t\u00e9 not\u00e9es et t\u00e9moignant d\u2019une grande virtuosit\u00e9 vocale et de la pratique d\u2019un contrepoint subtil.<br \/>\nLa pi\u00e8ce <i>Congaudeant catholici <\/i>est la plus ancienne pi\u00e8ce \u00e0 trois voix qui soit parvenue jusqu\u2019\u00e0 nous.<br \/>\nLa plupart des \u0153uvres musicales du Liber Sancti Jacobi sont attribu\u00e9es \u00e0 des auteurs g\u00e9n\u00e9ralement fran\u00e7ais (ant\u00e9rieurs ou contemporains, de Troyes, Vezelay, Nevers ou Bourges). Le compositeur qui laisse le plus grand nombre d\u2019adaptations polyphoniques est l\u2019\u00e9v\u00eaque Atton de Troyes qui se retira \u00e0 Cluny en 1145, soit \u00e0 l\u2019\u00e9poque m\u00eame de la compilation du Livre de Saint-Jacques.<br \/>\n<b>\u00ab Chemin d\u2019\u00e9toiles, chants de Saint-Jacques de Compostelle au 12\u00e8me si\u00e8cle\u00bb <\/b>pr\u00e9sente un vaste \u00e9ventail de ces premi\u00e8res polyphonies que les p\u00e8lerins entendaient \u00e0 l\u2019\u00e9poque o\u00f9 les hommes b\u00e2tissaient les premi\u00e8res cath\u00e9drales.<br \/>\n<i>Andr\u00e9 Forner<\/i><\/p>\n<p><em><strong>LE COIN PRESSE<\/strong><\/em><\/p>\n<p><img loading=\"lazy\" decoding=\"async\" class=\"aligncenter size-full wp-image-11031\" src=\"http:\/\/www.lespolissonsdelachanson.fr\/outil\/wp-content\/uploads\/2024\/02\/abelard-presse.png\" alt=\"\" width=\"1340\" height=\"920\" srcset=\"http:\/\/www.lespolissonsdelachanson.fr\/outil\/wp-content\/uploads\/2024\/02\/abelard-presse.png 1340w, http:\/\/www.lespolissonsdelachanson.fr\/outil\/wp-content\/uploads\/2024\/02\/abelard-presse-300x206.png 300w, http:\/\/www.lespolissonsdelachanson.fr\/outil\/wp-content\/uploads\/2024\/02\/abelard-presse-1024x703.png 1024w, http:\/\/www.lespolissonsdelachanson.fr\/outil\/wp-content\/uploads\/2024\/02\/abelard-presse-150x103.png 150w, http:\/\/www.lespolissonsdelachanson.fr\/outil\/wp-content\/uploads\/2024\/02\/abelard-presse-768x527.png 768w\" sizes=\"auto, (max-width: 767px) 89vw, (max-width: 1000px) 54vw, (max-width: 1071px) 543px, 580px\" \/><\/p>\n","protected":false},"excerpt":{"rendered":"<p>Programme 1 \u00ab Ab\u00e9lard et H\u00e9lo\u00efse, lettres et chants au 12\u00e8me si\u00e8cle \u00bb Alleluya Veni Sancte Spiritus, chant dominicain Annus novus in gaudio, polyphonie aquitaine Lai des pucelles, Ab\u00e9lard Dehors, lonc pr\u00e9 et bosquet, pastourelle, Moniot d\u2019Arras Quand li rossignol s\u2019\u00e9crie, trouv\u00e8re anonyme Planctus virginem Israel super filia Iepte galadite, Ab\u00e9lard Verbum bonum et suave, &hellip; <\/p>\n<p class=\"link-more\"><a href=\"http:\/\/www.lespolissonsdelachanson.fr\/outil\/?page_id=11029\" class=\"more-link\">Continuer la lecture<span class=\"screen-reader-text\"> de &laquo;&nbsp;2008 : Journ\u00e9es \u00ab\u00a0Ab\u00e9lard et H\u00e9lo\u00efse\u00a0\u00bb&nbsp;&raquo;<\/span><\/a><\/p>\n","protected":false},"author":3,"featured_media":0,"parent":10179,"menu_order":0,"comment_status":"closed","ping_status":"closed","template":"","meta":{"ngg_post_thumbnail":0,"footnotes":""},"class_list":["post-11029","page","type-page","status-publish","hentry"],"_links":{"self":[{"href":"http:\/\/www.lespolissonsdelachanson.fr\/outil\/index.php?rest_route=\/wp\/v2\/pages\/11029","targetHints":{"allow":["GET"]}}],"collection":[{"href":"http:\/\/www.lespolissonsdelachanson.fr\/outil\/index.php?rest_route=\/wp\/v2\/pages"}],"about":[{"href":"http:\/\/www.lespolissonsdelachanson.fr\/outil\/index.php?rest_route=\/wp\/v2\/types\/page"}],"author":[{"embeddable":true,"href":"http:\/\/www.lespolissonsdelachanson.fr\/outil\/index.php?rest_route=\/wp\/v2\/users\/3"}],"replies":[{"embeddable":true,"href":"http:\/\/www.lespolissonsdelachanson.fr\/outil\/index.php?rest_route=%2Fwp%2Fv2%2Fcomments&post=11029"}],"version-history":[{"count":2,"href":"http:\/\/www.lespolissonsdelachanson.fr\/outil\/index.php?rest_route=\/wp\/v2\/pages\/11029\/revisions"}],"predecessor-version":[{"id":11033,"href":"http:\/\/www.lespolissonsdelachanson.fr\/outil\/index.php?rest_route=\/wp\/v2\/pages\/11029\/revisions\/11033"}],"up":[{"embeddable":true,"href":"http:\/\/www.lespolissonsdelachanson.fr\/outil\/index.php?rest_route=\/wp\/v2\/pages\/10179"}],"wp:attachment":[{"href":"http:\/\/www.lespolissonsdelachanson.fr\/outil\/index.php?rest_route=%2Fwp%2Fv2%2Fmedia&parent=11029"}],"curies":[{"name":"wp","href":"https:\/\/api.w.org\/{rel}","templated":true}]}}