{"id":10995,"date":"2024-02-14T22:42:06","date_gmt":"2024-02-14T21:42:06","guid":{"rendered":"http:\/\/www.lespolissonsdelachanson.fr\/outil\/?page_id=10995"},"modified":"2024-02-14T22:55:41","modified_gmt":"2024-02-14T21:55:41","slug":"2006-ya-pas-de-sots-metiers","status":"publish","type":"page","link":"http:\/\/www.lespolissonsdelachanson.fr\/outil\/?page_id=10995","title":{"rendered":"2006 &#8211; Y&rsquo;a pas de sots m\u00e9tiers"},"content":{"rendered":"<p>OCTOBRE 2006 : Le winchester (Sarzeau)<\/p>\n<p><img loading=\"lazy\" decoding=\"async\" class=\"aligncenter size-full wp-image-11004\" src=\"http:\/\/www.lespolissonsdelachanson.fr\/outil\/wp-content\/uploads\/2024\/02\/Capture-decran-2024-02-14-a-22.38.40.png\" alt=\"\" width=\"1164\" height=\"930\" srcset=\"http:\/\/www.lespolissonsdelachanson.fr\/outil\/wp-content\/uploads\/2024\/02\/Capture-decran-2024-02-14-a-22.38.40.png 1164w, http:\/\/www.lespolissonsdelachanson.fr\/outil\/wp-content\/uploads\/2024\/02\/Capture-decran-2024-02-14-a-22.38.40-300x240.png 300w, http:\/\/www.lespolissonsdelachanson.fr\/outil\/wp-content\/uploads\/2024\/02\/Capture-decran-2024-02-14-a-22.38.40-1024x818.png 1024w, http:\/\/www.lespolissonsdelachanson.fr\/outil\/wp-content\/uploads\/2024\/02\/Capture-decran-2024-02-14-a-22.38.40-150x120.png 150w, http:\/\/www.lespolissonsdelachanson.fr\/outil\/wp-content\/uploads\/2024\/02\/Capture-decran-2024-02-14-a-22.38.40-768x614.png 768w\" sizes=\"auto, (max-width: 767px) 89vw, (max-width: 1000px) 54vw, (max-width: 1071px) 543px, 580px\" \/><img loading=\"lazy\" decoding=\"async\" class=\"aligncenter size-full wp-image-10997\" src=\"http:\/\/www.lespolissonsdelachanson.fr\/outil\/wp-content\/uploads\/2024\/02\/Capture-decran-2024-02-14-a-22.39.08.png\" alt=\"\" width=\"1382\" height=\"922\" srcset=\"http:\/\/www.lespolissonsdelachanson.fr\/outil\/wp-content\/uploads\/2024\/02\/Capture-decran-2024-02-14-a-22.39.08.png 1382w, http:\/\/www.lespolissonsdelachanson.fr\/outil\/wp-content\/uploads\/2024\/02\/Capture-decran-2024-02-14-a-22.39.08-300x200.png 300w, http:\/\/www.lespolissonsdelachanson.fr\/outil\/wp-content\/uploads\/2024\/02\/Capture-decran-2024-02-14-a-22.39.08-1024x683.png 1024w, http:\/\/www.lespolissonsdelachanson.fr\/outil\/wp-content\/uploads\/2024\/02\/Capture-decran-2024-02-14-a-22.39.08-150x100.png 150w, http:\/\/www.lespolissonsdelachanson.fr\/outil\/wp-content\/uploads\/2024\/02\/Capture-decran-2024-02-14-a-22.39.08-768x512.png 768w\" sizes=\"auto, (max-width: 767px) 89vw, (max-width: 1000px) 54vw, (max-width: 1071px) 543px, 580px\" \/><\/p>\n<p><img loading=\"lazy\" decoding=\"async\" class=\"aligncenter size-full wp-image-11010\" src=\"http:\/\/www.lespolissonsdelachanson.fr\/outil\/wp-content\/uploads\/2024\/02\/Capture-decran-2024-02-14-a-22.38.32.png\" alt=\"\" width=\"1276\" height=\"854\" srcset=\"http:\/\/www.lespolissonsdelachanson.fr\/outil\/wp-content\/uploads\/2024\/02\/Capture-decran-2024-02-14-a-22.38.32.png 1276w, http:\/\/www.lespolissonsdelachanson.fr\/outil\/wp-content\/uploads\/2024\/02\/Capture-decran-2024-02-14-a-22.38.32-300x201.png 300w, http:\/\/www.lespolissonsdelachanson.fr\/outil\/wp-content\/uploads\/2024\/02\/Capture-decran-2024-02-14-a-22.38.32-1024x685.png 1024w, http:\/\/www.lespolissonsdelachanson.fr\/outil\/wp-content\/uploads\/2024\/02\/Capture-decran-2024-02-14-a-22.38.32-150x100.png 150w, http:\/\/www.lespolissonsdelachanson.fr\/outil\/wp-content\/uploads\/2024\/02\/Capture-decran-2024-02-14-a-22.38.32-768x514.png 768w\" sizes=\"auto, (max-width: 767px) 89vw, (max-width: 1000px) 54vw, (max-width: 1071px) 543px, 580px\" \/><\/p>\n<p><img loading=\"lazy\" decoding=\"async\" class=\"aligncenter size-full wp-image-11009\" src=\"http:\/\/www.lespolissonsdelachanson.fr\/outil\/wp-content\/uploads\/2024\/02\/Capture-decran-2024-02-14-a-22.38.22.png\" alt=\"\" width=\"1272\" height=\"852\" srcset=\"http:\/\/www.lespolissonsdelachanson.fr\/outil\/wp-content\/uploads\/2024\/02\/Capture-decran-2024-02-14-a-22.38.22.png 1272w, http:\/\/www.lespolissonsdelachanson.fr\/outil\/wp-content\/uploads\/2024\/02\/Capture-decran-2024-02-14-a-22.38.22-300x201.png 300w, http:\/\/www.lespolissonsdelachanson.fr\/outil\/wp-content\/uploads\/2024\/02\/Capture-decran-2024-02-14-a-22.38.22-1024x686.png 1024w, http:\/\/www.lespolissonsdelachanson.fr\/outil\/wp-content\/uploads\/2024\/02\/Capture-decran-2024-02-14-a-22.38.22-150x100.png 150w, http:\/\/www.lespolissonsdelachanson.fr\/outil\/wp-content\/uploads\/2024\/02\/Capture-decran-2024-02-14-a-22.38.22-768x514.png 768w\" sizes=\"auto, (max-width: 767px) 89vw, (max-width: 1000px) 54vw, (max-width: 1071px) 543px, 580px\" \/><\/p>\n<p>OCTOBRE 2006 : Salle de Keranguen (Vannes)<\/p>\n<p><img loading=\"lazy\" decoding=\"async\" class=\"aligncenter size-full wp-image-10996\" src=\"http:\/\/www.lespolissonsdelachanson.fr\/outil\/wp-content\/uploads\/2024\/02\/Capture-decran-2024-02-14-a-22.36.17.png\" alt=\"\" width=\"1166\" height=\"1616\" srcset=\"http:\/\/www.lespolissonsdelachanson.fr\/outil\/wp-content\/uploads\/2024\/02\/Capture-decran-2024-02-14-a-22.36.17.png 1166w, http:\/\/www.lespolissonsdelachanson.fr\/outil\/wp-content\/uploads\/2024\/02\/Capture-decran-2024-02-14-a-22.36.17-216x300.png 216w, http:\/\/www.lespolissonsdelachanson.fr\/outil\/wp-content\/uploads\/2024\/02\/Capture-decran-2024-02-14-a-22.36.17-739x1024.png 739w, http:\/\/www.lespolissonsdelachanson.fr\/outil\/wp-content\/uploads\/2024\/02\/Capture-decran-2024-02-14-a-22.36.17-108x150.png 108w, http:\/\/www.lespolissonsdelachanson.fr\/outil\/wp-content\/uploads\/2024\/02\/Capture-decran-2024-02-14-a-22.36.17-768x1064.png 768w, http:\/\/www.lespolissonsdelachanson.fr\/outil\/wp-content\/uploads\/2024\/02\/Capture-decran-2024-02-14-a-22.36.17-1108x1536.png 1108w\" sizes=\"auto, (max-width: 767px) 89vw, (max-width: 1000px) 54vw, (max-width: 1071px) 543px, 580px\" \/><\/p>\n<p>Beaucoup d\u2019humour et de tendresse dans ces chansons de toutes les g\u00e9n\u00e9rations qui trottent dans un coin de nos souvenirs et qui ont marqu\u00e9 leur \u00e9poque tant la ronde des m\u00e9tiers a \u00e9t\u00e9 richement illustr\u00e9e par la chanson dite populaire.<br \/>\nDe \u00ab la biaiseuse \u00bb \u00e0 \u00ab la servante du ch\u00e2teau \u00bb, du \u00ab taxi de nuit \u00bb au \u00ab joyeux bouchers \u00bb, \u00ab du marchand de bonheur \u00bb \u00e0 \u00ab la bonne du cur\u00e9 \u00bb, du \u00ab danseur de charleston \u00bb au \u00ab com\u00e9dien \u00bb, de \u00ab la serveuse automate \u00bb au \u00ab businessman \u00bb, \u00ab travailler \u00bb est-ce vraiment \u00ab la sant\u00e9 \u00bb, n\u2019est-ce pas \u00ab trop dur \u00bb ? Finalement \u00ab Y\u2019a pas d\u2019sots m\u00e9tiers \u00bb.<br \/>\nDes chansons \u00e0 red\u00e9couvrir ou parfois \u2026 \u00e0 d\u00e9couvrir avec cette com\u00e9die construite pour un ensemble de solistes dans laquelle chaque chanteur et chaque chanteuse campe un personnage haut en couleur.<br \/>\n<i>Andr\u00e9 Forner<\/i><\/p>\n<p><em><strong>LE COIN PRESSE<\/strong><\/em><\/p>\n<p><img loading=\"lazy\" decoding=\"async\" class=\"aligncenter size-full wp-image-11006\" src=\"http:\/\/www.lespolissonsdelachanson.fr\/outil\/wp-content\/uploads\/2024\/02\/Capture-decran-2024-02-14-a-22.37.42.png\" alt=\"\" width=\"716\" height=\"920\" srcset=\"http:\/\/www.lespolissonsdelachanson.fr\/outil\/wp-content\/uploads\/2024\/02\/Capture-decran-2024-02-14-a-22.37.42.png 716w, http:\/\/www.lespolissonsdelachanson.fr\/outil\/wp-content\/uploads\/2024\/02\/Capture-decran-2024-02-14-a-22.37.42-233x300.png 233w, http:\/\/www.lespolissonsdelachanson.fr\/outil\/wp-content\/uploads\/2024\/02\/Capture-decran-2024-02-14-a-22.37.42-117x150.png 117w\" sizes=\"auto, (max-width: 716px) 100vw, 716px\" \/><\/p>\n<p>&nbsp;<\/p>\n<p><img loading=\"lazy\" decoding=\"async\" class=\"aligncenter size-full wp-image-11001\" src=\"http:\/\/www.lespolissonsdelachanson.fr\/outil\/wp-content\/uploads\/2024\/02\/Capture-decran-2024-02-14-a-22.39.01.png\" alt=\"\" width=\"494\" height=\"878\" srcset=\"http:\/\/www.lespolissonsdelachanson.fr\/outil\/wp-content\/uploads\/2024\/02\/Capture-decran-2024-02-14-a-22.39.01.png 494w, http:\/\/www.lespolissonsdelachanson.fr\/outil\/wp-content\/uploads\/2024\/02\/Capture-decran-2024-02-14-a-22.39.01-169x300.png 169w, http:\/\/www.lespolissonsdelachanson.fr\/outil\/wp-content\/uploads\/2024\/02\/Capture-decran-2024-02-14-a-22.39.01-84x150.png 84w\" sizes=\"auto, (max-width: 494px) 100vw, 494px\" \/><\/p>\n<p><em><strong>EN COULISSE&nbsp;<\/strong><\/em><\/p>\n<p><img loading=\"lazy\" decoding=\"async\" class=\"aligncenter size-full wp-image-11008\" src=\"http:\/\/www.lespolissonsdelachanson.fr\/outil\/wp-content\/uploads\/2024\/02\/Capture-decran-2024-02-14-a-22.38.13.png\" alt=\"\" width=\"1272\" height=\"850\" srcset=\"http:\/\/www.lespolissonsdelachanson.fr\/outil\/wp-content\/uploads\/2024\/02\/Capture-decran-2024-02-14-a-22.38.13.png 1272w, http:\/\/www.lespolissonsdelachanson.fr\/outil\/wp-content\/uploads\/2024\/02\/Capture-decran-2024-02-14-a-22.38.13-300x200.png 300w, http:\/\/www.lespolissonsdelachanson.fr\/outil\/wp-content\/uploads\/2024\/02\/Capture-decran-2024-02-14-a-22.38.13-1024x684.png 1024w, http:\/\/www.lespolissonsdelachanson.fr\/outil\/wp-content\/uploads\/2024\/02\/Capture-decran-2024-02-14-a-22.38.13-150x100.png 150w, http:\/\/www.lespolissonsdelachanson.fr\/outil\/wp-content\/uploads\/2024\/02\/Capture-decran-2024-02-14-a-22.38.13-768x513.png 768w\" sizes=\"auto, (max-width: 767px) 89vw, (max-width: 1000px) 54vw, (max-width: 1071px) 543px, 580px\" \/><\/p>\n<p><img loading=\"lazy\" decoding=\"async\" class=\"aligncenter size-full wp-image-11007\" src=\"http:\/\/www.lespolissonsdelachanson.fr\/outil\/wp-content\/uploads\/2024\/02\/Capture-decran-2024-02-14-a-22.37.52.png\" alt=\"\" width=\"1276\" height=\"846\" srcset=\"http:\/\/www.lespolissonsdelachanson.fr\/outil\/wp-content\/uploads\/2024\/02\/Capture-decran-2024-02-14-a-22.37.52.png 1276w, http:\/\/www.lespolissonsdelachanson.fr\/outil\/wp-content\/uploads\/2024\/02\/Capture-decran-2024-02-14-a-22.37.52-300x199.png 300w, http:\/\/www.lespolissonsdelachanson.fr\/outil\/wp-content\/uploads\/2024\/02\/Capture-decran-2024-02-14-a-22.37.52-1024x679.png 1024w, http:\/\/www.lespolissonsdelachanson.fr\/outil\/wp-content\/uploads\/2024\/02\/Capture-decran-2024-02-14-a-22.37.52-150x99.png 150w, http:\/\/www.lespolissonsdelachanson.fr\/outil\/wp-content\/uploads\/2024\/02\/Capture-decran-2024-02-14-a-22.37.52-768x509.png 768w\" sizes=\"auto, (max-width: 767px) 89vw, (max-width: 1000px) 54vw, (max-width: 1071px) 543px, 580px\" \/><\/p>\n<p>&nbsp;<\/p>\n","protected":false},"excerpt":{"rendered":"<p>OCTOBRE 2006 : Le winchester (Sarzeau) OCTOBRE 2006 : Salle de Keranguen (Vannes) Beaucoup d\u2019humour et de tendresse dans ces chansons de toutes les g\u00e9n\u00e9rations qui trottent dans un coin de nos souvenirs et qui ont marqu\u00e9 leur \u00e9poque tant la ronde des m\u00e9tiers a \u00e9t\u00e9 richement illustr\u00e9e par la chanson dite populaire. De \u00ab &hellip; <\/p>\n<p class=\"link-more\"><a href=\"http:\/\/www.lespolissonsdelachanson.fr\/outil\/?page_id=10995\" class=\"more-link\">Continuer la lecture<span class=\"screen-reader-text\"> de &laquo;&nbsp;2006 &#8211; Y&rsquo;a pas de sots m\u00e9tiers&nbsp;&raquo;<\/span><\/a><\/p>\n","protected":false},"author":3,"featured_media":0,"parent":9937,"menu_order":0,"comment_status":"closed","ping_status":"closed","template":"","meta":{"ngg_post_thumbnail":0,"footnotes":""},"class_list":["post-10995","page","type-page","status-publish","hentry"],"_links":{"self":[{"href":"http:\/\/www.lespolissonsdelachanson.fr\/outil\/index.php?rest_route=\/wp\/v2\/pages\/10995","targetHints":{"allow":["GET"]}}],"collection":[{"href":"http:\/\/www.lespolissonsdelachanson.fr\/outil\/index.php?rest_route=\/wp\/v2\/pages"}],"about":[{"href":"http:\/\/www.lespolissonsdelachanson.fr\/outil\/index.php?rest_route=\/wp\/v2\/types\/page"}],"author":[{"embeddable":true,"href":"http:\/\/www.lespolissonsdelachanson.fr\/outil\/index.php?rest_route=\/wp\/v2\/users\/3"}],"replies":[{"embeddable":true,"href":"http:\/\/www.lespolissonsdelachanson.fr\/outil\/index.php?rest_route=%2Fwp%2Fv2%2Fcomments&post=10995"}],"version-history":[{"count":6,"href":"http:\/\/www.lespolissonsdelachanson.fr\/outil\/index.php?rest_route=\/wp\/v2\/pages\/10995\/revisions"}],"predecessor-version":[{"id":11011,"href":"http:\/\/www.lespolissonsdelachanson.fr\/outil\/index.php?rest_route=\/wp\/v2\/pages\/10995\/revisions\/11011"}],"up":[{"embeddable":true,"href":"http:\/\/www.lespolissonsdelachanson.fr\/outil\/index.php?rest_route=\/wp\/v2\/pages\/9937"}],"wp:attachment":[{"href":"http:\/\/www.lespolissonsdelachanson.fr\/outil\/index.php?rest_route=%2Fwp%2Fv2%2Fmedia&parent=10995"}],"curies":[{"name":"wp","href":"https:\/\/api.w.org\/{rel}","templated":true}]}}