{"id":10774,"date":"2023-10-14T20:01:05","date_gmt":"2023-10-14T18:01:05","guid":{"rendered":"http:\/\/www.lespolissonsdelachanson.fr\/outil\/?page_id=10774"},"modified":"2024-02-18T21:22:42","modified_gmt":"2024-02-18T20:22:42","slug":"2007-ferrat-un-jour-tu-verras","status":"publish","type":"page","link":"http:\/\/www.lespolissonsdelachanson.fr\/outil\/?page_id=10774","title":{"rendered":"2007 : Ferrat \u00ab\u00a0un jour tu verras\u00a0\u00bb"},"content":{"rendered":"<p><img loading=\"lazy\" decoding=\"async\" class=\"aligncenter size-full wp-image-11085\" src=\"http:\/\/www.lespolissonsdelachanson.fr\/outil\/wp-content\/uploads\/2024\/02\/un-jour-tu-verras.png\" alt=\"\" width=\"1192\" height=\"1654\" srcset=\"http:\/\/www.lespolissonsdelachanson.fr\/outil\/wp-content\/uploads\/2024\/02\/un-jour-tu-verras.png 1192w, http:\/\/www.lespolissonsdelachanson.fr\/outil\/wp-content\/uploads\/2024\/02\/un-jour-tu-verras-216x300.png 216w, http:\/\/www.lespolissonsdelachanson.fr\/outil\/wp-content\/uploads\/2024\/02\/un-jour-tu-verras-738x1024.png 738w, http:\/\/www.lespolissonsdelachanson.fr\/outil\/wp-content\/uploads\/2024\/02\/un-jour-tu-verras-108x150.png 108w, http:\/\/www.lespolissonsdelachanson.fr\/outil\/wp-content\/uploads\/2024\/02\/un-jour-tu-verras-768x1066.png 768w, http:\/\/www.lespolissonsdelachanson.fr\/outil\/wp-content\/uploads\/2024\/02\/un-jour-tu-verras-1107x1536.png 1107w\" sizes=\"auto, (max-width: 767px) 89vw, (max-width: 1000px) 54vw, (max-width: 1071px) 543px, 580px\" \/><\/p>\n<p>Dans un d\u00e9cor du vieux Paris des ann\u00e9es cinquante, une ambiance sc\u00e9nique d\u2019un cabaret, les chanteurs feront revivre en solistes ou en duos l\u2019\u00e2ge d\u2019or de la chanson fran\u00e7aise.<br \/>\nLes cabarets rive gauche de l\u2019\u00e9poque furent au service d\u2019un r\u00e9pertoire richissime en textes et en m\u00e9lodies de qualit\u00e9s devenues les standards de la chanson fran\u00e7aise.<br \/>\nCette d\u00e9cennie, au service d\u2019un r\u00e9pertoire richissime en textes et m\u00e9lodies de qualit\u00e9, fut l\u2019\u00e2ge d\u2019or de l\u2019apparition des grands auteurs compositeurs interpr\u00e8tes que nous interpr\u00e9tons lors de nos com\u00e9dies musicales, mais aussi, une \u00e9poque qui a permis l\u2019\u00e9closion des grands interpr\u00e8tes que furent <b>Mouloudji, Jacqueline Fran\u00e7ois, Patachou, Yves Montant, Germaine Montero, Pia Colombo, Colette Renard, Simone Langlois, Catherine Sauvage, Magali No\u00ebl, Francis Lemarque, Mick Micheyl ou Mich\u00e8le Arnaud.<br \/>\n<\/b><i>Andr\u00e9 Forner<\/i><\/p>\n<p><em>LE COIN PRESSE :<\/em><\/p>\n<p><img loading=\"lazy\" decoding=\"async\" class=\"aligncenter size-full wp-image-10775\" src=\"http:\/\/www.lespolissonsdelachanson.fr\/outil\/wp-content\/uploads\/2023\/10\/Capture-decran-2023-10-14-a-19.12.28.png\" alt=\"\" width=\"1018\" height=\"976\" srcset=\"http:\/\/www.lespolissonsdelachanson.fr\/outil\/wp-content\/uploads\/2023\/10\/Capture-decran-2023-10-14-a-19.12.28.png 1018w, http:\/\/www.lespolissonsdelachanson.fr\/outil\/wp-content\/uploads\/2023\/10\/Capture-decran-2023-10-14-a-19.12.28-300x288.png 300w, http:\/\/www.lespolissonsdelachanson.fr\/outil\/wp-content\/uploads\/2023\/10\/Capture-decran-2023-10-14-a-19.12.28-150x144.png 150w, http:\/\/www.lespolissonsdelachanson.fr\/outil\/wp-content\/uploads\/2023\/10\/Capture-decran-2023-10-14-a-19.12.28-768x736.png 768w\" sizes=\"auto, (max-width: 767px) 89vw, (max-width: 1000px) 54vw, (max-width: 1071px) 543px, 580px\" \/><\/p>\n<p><img loading=\"lazy\" decoding=\"async\" class=\"aligncenter size-full wp-image-11088\" src=\"http:\/\/www.lespolissonsdelachanson.fr\/outil\/wp-content\/uploads\/2024\/02\/un-jour-tu-verras-presse-1.png\" alt=\"\" width=\"1278\" height=\"794\" srcset=\"http:\/\/www.lespolissonsdelachanson.fr\/outil\/wp-content\/uploads\/2024\/02\/un-jour-tu-verras-presse-1.png 1278w, http:\/\/www.lespolissonsdelachanson.fr\/outil\/wp-content\/uploads\/2024\/02\/un-jour-tu-verras-presse-1-300x186.png 300w, http:\/\/www.lespolissonsdelachanson.fr\/outil\/wp-content\/uploads\/2024\/02\/un-jour-tu-verras-presse-1-1024x636.png 1024w, http:\/\/www.lespolissonsdelachanson.fr\/outil\/wp-content\/uploads\/2024\/02\/un-jour-tu-verras-presse-1-150x93.png 150w, http:\/\/www.lespolissonsdelachanson.fr\/outil\/wp-content\/uploads\/2024\/02\/un-jour-tu-verras-presse-1-768x477.png 768w\" sizes=\"auto, (max-width: 767px) 89vw, (max-width: 1000px) 54vw, (max-width: 1071px) 543px, 580px\" \/><\/p>\n<p><img loading=\"lazy\" decoding=\"async\" class=\"aligncenter size-full wp-image-11089\" src=\"http:\/\/www.lespolissonsdelachanson.fr\/outil\/wp-content\/uploads\/2024\/02\/un-jour-tu-verras-presse-2.png\" alt=\"\" width=\"686\" height=\"928\" srcset=\"http:\/\/www.lespolissonsdelachanson.fr\/outil\/wp-content\/uploads\/2024\/02\/un-jour-tu-verras-presse-2.png 686w, http:\/\/www.lespolissonsdelachanson.fr\/outil\/wp-content\/uploads\/2024\/02\/un-jour-tu-verras-presse-2-222x300.png 222w, http:\/\/www.lespolissonsdelachanson.fr\/outil\/wp-content\/uploads\/2024\/02\/un-jour-tu-verras-presse-2-111x150.png 111w\" sizes=\"auto, (max-width: 686px) 100vw, 686px\" \/><\/p>\n<p><img loading=\"lazy\" decoding=\"async\" class=\"aligncenter size-full wp-image-11090\" src=\"http:\/\/www.lespolissonsdelachanson.fr\/outil\/wp-content\/uploads\/2024\/02\/un-jour-tu-verras-presse-3.png\" alt=\"\" width=\"792\" height=\"922\" srcset=\"http:\/\/www.lespolissonsdelachanson.fr\/outil\/wp-content\/uploads\/2024\/02\/un-jour-tu-verras-presse-3.png 792w, http:\/\/www.lespolissonsdelachanson.fr\/outil\/wp-content\/uploads\/2024\/02\/un-jour-tu-verras-presse-3-258x300.png 258w, http:\/\/www.lespolissonsdelachanson.fr\/outil\/wp-content\/uploads\/2024\/02\/un-jour-tu-verras-presse-3-129x150.png 129w, http:\/\/www.lespolissonsdelachanson.fr\/outil\/wp-content\/uploads\/2024\/02\/un-jour-tu-verras-presse-3-768x894.png 768w\" sizes=\"auto, (max-width: 767px) 89vw, (max-width: 1000px) 54vw, (max-width: 1071px) 543px, 580px\" \/><\/p>\n<p>&nbsp;<\/p>\n<p><img loading=\"lazy\" decoding=\"async\" class=\"aligncenter size-full wp-image-11091\" src=\"http:\/\/www.lespolissonsdelachanson.fr\/outil\/wp-content\/uploads\/2024\/02\/un-jour-tu-verras-presse-4.png\" alt=\"\" width=\"1278\" height=\"604\" srcset=\"http:\/\/www.lespolissonsdelachanson.fr\/outil\/wp-content\/uploads\/2024\/02\/un-jour-tu-verras-presse-4.png 1278w, http:\/\/www.lespolissonsdelachanson.fr\/outil\/wp-content\/uploads\/2024\/02\/un-jour-tu-verras-presse-4-300x142.png 300w, http:\/\/www.lespolissonsdelachanson.fr\/outil\/wp-content\/uploads\/2024\/02\/un-jour-tu-verras-presse-4-1024x484.png 1024w, http:\/\/www.lespolissonsdelachanson.fr\/outil\/wp-content\/uploads\/2024\/02\/un-jour-tu-verras-presse-4-150x71.png 150w, http:\/\/www.lespolissonsdelachanson.fr\/outil\/wp-content\/uploads\/2024\/02\/un-jour-tu-verras-presse-4-768x363.png 768w\" sizes=\"auto, (max-width: 767px) 89vw, (max-width: 1000px) 54vw, (max-width: 1071px) 543px, 580px\" \/><\/p>\n<p><img loading=\"lazy\" decoding=\"async\" class=\"aligncenter size-full wp-image-11092\" src=\"http:\/\/www.lespolissonsdelachanson.fr\/outil\/wp-content\/uploads\/2024\/02\/un-jour-tu-verras-presse-5.png\" alt=\"\" width=\"1278\" height=\"846\" srcset=\"http:\/\/www.lespolissonsdelachanson.fr\/outil\/wp-content\/uploads\/2024\/02\/un-jour-tu-verras-presse-5.png 1278w, http:\/\/www.lespolissonsdelachanson.fr\/outil\/wp-content\/uploads\/2024\/02\/un-jour-tu-verras-presse-5-300x199.png 300w, http:\/\/www.lespolissonsdelachanson.fr\/outil\/wp-content\/uploads\/2024\/02\/un-jour-tu-verras-presse-5-1024x678.png 1024w, http:\/\/www.lespolissonsdelachanson.fr\/outil\/wp-content\/uploads\/2024\/02\/un-jour-tu-verras-presse-5-150x99.png 150w, http:\/\/www.lespolissonsdelachanson.fr\/outil\/wp-content\/uploads\/2024\/02\/un-jour-tu-verras-presse-5-768x508.png 768w\" sizes=\"auto, (max-width: 767px) 89vw, (max-width: 1000px) 54vw, (max-width: 1071px) 543px, 580px\" \/> <img loading=\"lazy\" decoding=\"async\" class=\"aligncenter size-full wp-image-11093\" src=\"http:\/\/www.lespolissonsdelachanson.fr\/outil\/wp-content\/uploads\/2024\/02\/un-jour-tu-verras-presse-6.png\" alt=\"\" width=\"440\" height=\"876\" srcset=\"http:\/\/www.lespolissonsdelachanson.fr\/outil\/wp-content\/uploads\/2024\/02\/un-jour-tu-verras-presse-6.png 440w, http:\/\/www.lespolissonsdelachanson.fr\/outil\/wp-content\/uploads\/2024\/02\/un-jour-tu-verras-presse-6-151x300.png 151w, http:\/\/www.lespolissonsdelachanson.fr\/outil\/wp-content\/uploads\/2024\/02\/un-jour-tu-verras-presse-6-75x150.png 75w\" sizes=\"auto, (max-width: 440px) 100vw, 440px\" \/><\/p>\n","protected":false},"excerpt":{"rendered":"<p>Dans un d\u00e9cor du vieux Paris des ann\u00e9es cinquante, une ambiance sc\u00e9nique d\u2019un cabaret, les chanteurs feront revivre en solistes ou en duos l\u2019\u00e2ge d\u2019or de la chanson fran\u00e7aise. Les cabarets rive gauche de l\u2019\u00e9poque furent au service d\u2019un r\u00e9pertoire richissime en textes et en m\u00e9lodies de qualit\u00e9s devenues les standards de la chanson fran\u00e7aise. &hellip; <\/p>\n<p class=\"link-more\"><a href=\"http:\/\/www.lespolissonsdelachanson.fr\/outil\/?page_id=10774\" class=\"more-link\">Continuer la lecture<span class=\"screen-reader-text\"> de &laquo;&nbsp;2007 : Ferrat \u00ab\u00a0un jour tu verras\u00a0\u00bb&nbsp;&raquo;<\/span><\/a><\/p>\n","protected":false},"author":3,"featured_media":0,"parent":9937,"menu_order":0,"comment_status":"closed","ping_status":"closed","template":"","meta":{"ngg_post_thumbnail":0,"footnotes":""},"class_list":["post-10774","page","type-page","status-publish","hentry"],"_links":{"self":[{"href":"http:\/\/www.lespolissonsdelachanson.fr\/outil\/index.php?rest_route=\/wp\/v2\/pages\/10774","targetHints":{"allow":["GET"]}}],"collection":[{"href":"http:\/\/www.lespolissonsdelachanson.fr\/outil\/index.php?rest_route=\/wp\/v2\/pages"}],"about":[{"href":"http:\/\/www.lespolissonsdelachanson.fr\/outil\/index.php?rest_route=\/wp\/v2\/types\/page"}],"author":[{"embeddable":true,"href":"http:\/\/www.lespolissonsdelachanson.fr\/outil\/index.php?rest_route=\/wp\/v2\/users\/3"}],"replies":[{"embeddable":true,"href":"http:\/\/www.lespolissonsdelachanson.fr\/outil\/index.php?rest_route=%2Fwp%2Fv2%2Fcomments&post=10774"}],"version-history":[{"count":4,"href":"http:\/\/www.lespolissonsdelachanson.fr\/outil\/index.php?rest_route=\/wp\/v2\/pages\/10774\/revisions"}],"predecessor-version":[{"id":11094,"href":"http:\/\/www.lespolissonsdelachanson.fr\/outil\/index.php?rest_route=\/wp\/v2\/pages\/10774\/revisions\/11094"}],"up":[{"embeddable":true,"href":"http:\/\/www.lespolissonsdelachanson.fr\/outil\/index.php?rest_route=\/wp\/v2\/pages\/9937"}],"wp:attachment":[{"href":"http:\/\/www.lespolissonsdelachanson.fr\/outil\/index.php?rest_route=%2Fwp%2Fv2%2Fmedia&parent=10774"}],"curies":[{"name":"wp","href":"https:\/\/api.w.org\/{rel}","templated":true}]}}