{"id":10361,"date":"2023-01-30T18:30:33","date_gmt":"2023-01-30T17:30:33","guid":{"rendered":"http:\/\/www.lespolissonsdelachanson.fr\/outil\/?page_id=10361"},"modified":"2023-01-30T20:24:16","modified_gmt":"2023-01-30T19:24:16","slug":"2022-messes-de-noel","status":"publish","type":"page","link":"http:\/\/www.lespolissonsdelachanson.fr\/outil\/?page_id=10361","title":{"rendered":"2022 : Messes de No\u00ebl"},"content":{"rendered":"<header class=\"article__header\">\n<h1><img loading=\"lazy\" decoding=\"async\" class=\"aligncenter wp-image-10364 size-full\" src=\"http:\/\/www.lespolissonsdelachanson.fr\/outil\/wp-content\/uploads\/2023\/01\/Capture-decran-2023-01-30-a-18.31.19.png\" alt=\"\" width=\"632\" height=\"778\" srcset=\"http:\/\/www.lespolissonsdelachanson.fr\/outil\/wp-content\/uploads\/2023\/01\/Capture-decran-2023-01-30-a-18.31.19.png 632w, http:\/\/www.lespolissonsdelachanson.fr\/outil\/wp-content\/uploads\/2023\/01\/Capture-decran-2023-01-30-a-18.31.19-244x300.png 244w, http:\/\/www.lespolissonsdelachanson.fr\/outil\/wp-content\/uploads\/2023\/01\/Capture-decran-2023-01-30-a-18.31.19-122x150.png 122w\" sizes=\"auto, (max-width: 632px) 100vw, 632px\" \/><\/h1>\n<p>Au programme, les messes de No\u00ebl de Dietrich Buxtehude et de Marc-Antoine Charpentier et des No\u00ebls espagnols et anglais interpr\u00e9t\u00e9s par 35 choristes et 14 instrumentistes. Direction : Yves Dupont<\/p>\n<p><em><strong>LE COIN PRESSE<\/strong><\/em><\/p>\n<p>Maville.com&nbsp;<\/p>\n<figure class=\"bloc reseaux-top\"><a class=\"mavillebox2 elmt-photo\" title=\" L\u2019ensemble Meli Voce des Poly\u2019sons de Rhuys proposera un concert de No\u00ebl ce samedi, \u00e0 Saint-Gildas-de-Rhuys. \u00a9 archives \" href=\"https:\/\/maville.com\/photosmvi\/2022\/12\/10\/P31939997D5544286G.jpg\" rel=\"galerie_actu\"><img decoding=\"async\" src=\"https:\/\/maville.com\/photosmvi\/2022\/12\/10\/P31939997D5544286G_crop_640-330_.jpg\" alt=\"photo l\u2019ensemble meli voce des poly\u2019sons de rhuys proposera un concert de no\u00ebl ce samedi, \u00e0 saint-gildas-de-rhuys. \"><\/a><span style=\"font-size: 1rem;\">L\u2019ensemble Meli Voce des Poly\u2019sons de Rhuys proposera un concert de No\u00ebl ce samedi, \u00e0 Saint-Gildas-de-Rhuys. <\/span><span class=\"credit\" style=\"font-size: 1rem;\">\u00a9 archives<\/span><\/figure>\n<section class=\"clearB bloc\">\n<h2 class=\"elmt-text\">Au menu du week-end des 10 et 11 d\u00e9cembre 2022, dans le pays de Vannes (Morbihan), des expositions, un ballet, des concerts, des animations\u2026 mais surtout de nombreux march\u00e9s de No\u00ebl.<\/h2>\n<hr>\n<\/section>\n<h1 class=\"article__header__title\">Des messes de No\u00ebl par l\u2019ensemble Meli Voce \u00e0 l\u2019Abbatiale de Saint-Gildas-de-Rhuys<\/h1>\n<p><span class=\"article__header__date\">Le T\u00e9l\u00e9gramme, Publi\u00e9 le 06 d\u00e9cembre 2022 \u00e0 14h44<\/span><\/p>\n<\/header>\n<p>&nbsp;<\/p>\n<figure class=\"article__main__figure\"><img decoding=\"async\" class=\"article__main__img\" title=\"\" src=\"https:\/\/www.letelegramme.fr\/images\/2022\/12\/06\/l-ensemble-meli-voce-sous-la-direction-de-yves-dupont-en_7097432_676x428p.jpg?v=1\" alt=\"L\u2019ensemble Meli Voce, sous la direction de Yves Dupont, en r\u00e9p\u00e9tition salle Keruzen.\"><figcaption class=\"article__main__figcaption\">L\u2019ensemble Meli Voce, sous la direction de Yves Dupont, en r\u00e9p\u00e9tition salle Keruzen.<\/figcaption><\/figure>\n<div class=\"article__main__wrapper\">\n<div class=\"article__wrapper__content\">\n<div class=\"article__content noscript \">\n<p>Les Poly\u2019sons de Rhuys proposent, le samedi 10 d\u00e9cembre 2022, \u00e0 20&nbsp;h&nbsp;30, \u00e0 l\u2019Abbatiale de Saint-Gildas-de-Rhuys, un concert de No\u00ebl classique et sacr\u00e9 par l\u2019ensemble vocal Meli Voce. Au programme de cette soir\u00e9e&nbsp;: les messes de No\u00ebl de Dietrich Buxtehude, de Marc Antoine Charpentier, ainsi que des No\u00ebls espagnols et anglais interpr\u00e9t\u00e9s par 35 choristes et 14 instrumentistes, sous la direction de Yves Dupont.<\/p>\n<\/div>\n<\/div>\n<\/div>\n<p>&nbsp;<\/p>\n","protected":false},"excerpt":{"rendered":"<p>Au programme, les messes de No\u00ebl de Dietrich Buxtehude et de Marc-Antoine Charpentier et des No\u00ebls espagnols et anglais interpr\u00e9t\u00e9s par 35 choristes et 14 instrumentistes. Direction : Yves Dupont LE COIN PRESSE Maville.com&nbsp; L\u2019ensemble Meli Voce des Poly\u2019sons de Rhuys proposera un concert de No\u00ebl ce samedi, \u00e0 Saint-Gildas-de-Rhuys. \u00a9 archives Au menu du &hellip; <\/p>\n<p class=\"link-more\"><a href=\"http:\/\/www.lespolissonsdelachanson.fr\/outil\/?page_id=10361\" class=\"more-link\">Continuer la lecture<span class=\"screen-reader-text\"> de &laquo;&nbsp;2022 : Messes de No\u00ebl&nbsp;&raquo;<\/span><\/a><\/p>\n","protected":false},"author":3,"featured_media":0,"parent":10047,"menu_order":0,"comment_status":"closed","ping_status":"closed","template":"","meta":{"ngg_post_thumbnail":0,"footnotes":""},"class_list":["post-10361","page","type-page","status-publish","hentry"],"_links":{"self":[{"href":"http:\/\/www.lespolissonsdelachanson.fr\/outil\/index.php?rest_route=\/wp\/v2\/pages\/10361","targetHints":{"allow":["GET"]}}],"collection":[{"href":"http:\/\/www.lespolissonsdelachanson.fr\/outil\/index.php?rest_route=\/wp\/v2\/pages"}],"about":[{"href":"http:\/\/www.lespolissonsdelachanson.fr\/outil\/index.php?rest_route=\/wp\/v2\/types\/page"}],"author":[{"embeddable":true,"href":"http:\/\/www.lespolissonsdelachanson.fr\/outil\/index.php?rest_route=\/wp\/v2\/users\/3"}],"replies":[{"embeddable":true,"href":"http:\/\/www.lespolissonsdelachanson.fr\/outil\/index.php?rest_route=%2Fwp%2Fv2%2Fcomments&post=10361"}],"version-history":[{"count":4,"href":"http:\/\/www.lespolissonsdelachanson.fr\/outil\/index.php?rest_route=\/wp\/v2\/pages\/10361\/revisions"}],"predecessor-version":[{"id":10377,"href":"http:\/\/www.lespolissonsdelachanson.fr\/outil\/index.php?rest_route=\/wp\/v2\/pages\/10361\/revisions\/10377"}],"up":[{"embeddable":true,"href":"http:\/\/www.lespolissonsdelachanson.fr\/outil\/index.php?rest_route=\/wp\/v2\/pages\/10047"}],"wp:attachment":[{"href":"http:\/\/www.lespolissonsdelachanson.fr\/outil\/index.php?rest_route=%2Fwp%2Fv2%2Fmedia&parent=10361"}],"curies":[{"name":"wp","href":"https:\/\/api.w.org\/{rel}","templated":true}]}}