{"id":10335,"date":"2023-01-30T09:26:46","date_gmt":"2023-01-30T08:26:46","guid":{"rendered":"http:\/\/www.lespolissonsdelachanson.fr\/outil\/?page_id=10335"},"modified":"2024-02-18T11:35:42","modified_gmt":"2024-02-18T10:35:42","slug":"2007-leo-ferre","status":"publish","type":"page","link":"http:\/\/www.lespolissonsdelachanson.fr\/outil\/?page_id=10335","title":{"rendered":"2007 L\u00e9o Ferr\u00e9"},"content":{"rendered":"<p>JUIN 2007 : Hermine (Sarzeau)<\/p>\n<p>OCTOBRE 2007 : Palais des Arts (Vannes)<\/p>\n<p><img loading=\"lazy\" decoding=\"async\" class=\"aligncenter size-full wp-image-10984\" src=\"http:\/\/www.lespolissonsdelachanson.fr\/outil\/wp-content\/uploads\/2024\/02\/Capture-decran-2024-02-14-a-22.28.47.png\" alt=\"\" width=\"870\" height=\"1276\" srcset=\"http:\/\/www.lespolissonsdelachanson.fr\/outil\/wp-content\/uploads\/2024\/02\/Capture-decran-2024-02-14-a-22.28.47.png 870w, http:\/\/www.lespolissonsdelachanson.fr\/outil\/wp-content\/uploads\/2024\/02\/Capture-decran-2024-02-14-a-22.28.47-205x300.png 205w, http:\/\/www.lespolissonsdelachanson.fr\/outil\/wp-content\/uploads\/2024\/02\/Capture-decran-2024-02-14-a-22.28.47-698x1024.png 698w, http:\/\/www.lespolissonsdelachanson.fr\/outil\/wp-content\/uploads\/2024\/02\/Capture-decran-2024-02-14-a-22.28.47-102x150.png 102w, http:\/\/www.lespolissonsdelachanson.fr\/outil\/wp-content\/uploads\/2024\/02\/Capture-decran-2024-02-14-a-22.28.47-768x1126.png 768w\" sizes=\"auto, (max-width: 767px) 89vw, (max-width: 1000px) 54vw, (max-width: 1071px) 543px, 580px\" \/><\/p>\n<p><em><strong>LE COIN PRESSE<\/strong><\/em><\/p>\n<header class=\"article__header\">\n<h1 class=\"article__header__title\">La com\u00e9die musicale \u00ab L\u00e9o Ferr\u00e9 \u00bb en escale \u00e0 Vannes<\/h1>\n<p><span class=\"article__header__date\">Le T\u00e9l\u00e9gramme, Publi\u00e9 le 24 septembre 2007 \u00e0 00h00<\/span><\/p>\n<\/header>\n<figure class=\"article__main__figure\"><img decoding=\"async\" class=\"article__main__img\" title=\"\" src=\"https:\/\/www.letelegramme.fr\/images\/2007\/09\/24\/200709241636025_1.jpg\" alt=\"Les Polissons de la chanson ont cr\u00e9\u00e9, en juin 2007, leur spectacle \u00ab L\u00e9o Ferr\u00e9 \u00bb \u00e0 l'Hermine de Sarzeau. (Photo Yves Lamour).\"><figcaption class=\"article__main__figcaption\">Les Polissons de la chanson ont cr\u00e9\u00e9, en juin 2007, leur spectacle \u00ab L\u00e9o Ferr\u00e9 \u00bb \u00e0 l&rsquo;Hermine de Sarzeau. (Photo Yves Lamour).<\/figcaption><\/figure>\n<div class=\"article__main__wrapper\">\n<div class=\"article__wrapper__content\">\n<h2 class=\"article__chapo\">Depuis plusieurs ann\u00e9es, Andr\u00e9 Forner monte des com\u00e9dies musicales autour de la chanson fran\u00e7aise en presqu&rsquo;\u00eele de Rhuys.<\/h2>\n<div class=\"article__content noscript \">\n<p><span class=\"lettrine\">D<\/span>epuis plusieurs ann\u00e9es, Andr\u00e9 Forner monte des com\u00e9dies musicales autour de la chanson fran\u00e7aise en presqu&rsquo;\u00eele de Rhuys. L&rsquo;an dernier, apr\u00e8s un spectacle sur Brassens, la chorale s&rsquo;\u00e9tait trouv\u00e9 un nom &#8211; les Polissons de la chanson &#8211; et avait export\u00e9 son travail sur les planches du D\u00f4me, \u00e0 Saint-Av\u00e9. En 2007, les quelque 40 Polissons se sont frott\u00e9s au r\u00e9pertoire de L\u00e9o Ferr\u00e9 et chanteront pour la premi\u00e8re fois le samedi 27 octobre, \u00e0 21 h, au grand th\u00e9\u00e2tre du Palais des arts.<\/p>\n<p><b>L\u00e9o et la Bretagne <\/b><\/p>\n<p>\u00ab Le spectacle est l&rsquo;occasion de (re) d\u00e9couvrir le r\u00e9pertoire des ann\u00e9es 1950-1960, le plus grand public, du po\u00e8te \u00bb, explique Andr\u00e9 Forner. Et de d\u00e9couvrir les liens de L\u00e9o Ferr\u00e9 avec le secteur de Vannes. Le spectacle s&rsquo;ouvre sur le port de Port-Navalo, tout simplement parce que L\u00e9o Ferr\u00e9 en parle dans sa chanson \u00ab Marin d&rsquo;eau douce \u00bb. La premi\u00e8re partie du spectacle se passe ainsi sur les quais, jusqu&rsquo;\u00e0 ce que les deux personnages principaux, les marginaux du port s&rsquo;endorment. Les spectateurs basculent alors dans leurs r\u00eaves o\u00f9 la Bretagne est aussi pr\u00e9sente. \u00ab Lors d&rsquo;une tourn\u00e9e dans la r\u00e9gion avec Glenmor, le 18 ao\u00fbt 1972, c&rsquo;est \u00e0 Sarzeau que Ferr\u00e9 a chant\u00e9 pour la premi\u00e8re fois \u00ab\u00a0Les \u00e9trangers\u00a0\u00bb. Il avait \u00e9crit cette chanson pour Lochu, son ami, marin vannetais et vieux militant libertaire \u00bb&#8230; Tarifs : 12\/10\/8 \u0080. R\u00e9servations : points de vente et r\u00e9seaux habituels. Renseignements : www.lespolissonsdelachanson<\/p>\n<p><img loading=\"lazy\" decoding=\"async\" class=\"aligncenter size-full wp-image-10992\" src=\"http:\/\/www.lespolissonsdelachanson.fr\/outil\/wp-content\/uploads\/2024\/02\/Capture-decran-2024-02-14-a-22.28.12.png\" alt=\"\" width=\"1274\" height=\"758\" srcset=\"http:\/\/www.lespolissonsdelachanson.fr\/outil\/wp-content\/uploads\/2024\/02\/Capture-decran-2024-02-14-a-22.28.12.png 1274w, http:\/\/www.lespolissonsdelachanson.fr\/outil\/wp-content\/uploads\/2024\/02\/Capture-decran-2024-02-14-a-22.28.12-300x178.png 300w, http:\/\/www.lespolissonsdelachanson.fr\/outil\/wp-content\/uploads\/2024\/02\/Capture-decran-2024-02-14-a-22.28.12-1024x609.png 1024w, http:\/\/www.lespolissonsdelachanson.fr\/outil\/wp-content\/uploads\/2024\/02\/Capture-decran-2024-02-14-a-22.28.12-150x89.png 150w, http:\/\/www.lespolissonsdelachanson.fr\/outil\/wp-content\/uploads\/2024\/02\/Capture-decran-2024-02-14-a-22.28.12-768x457.png 768w\" sizes=\"auto, (max-width: 767px) 89vw, (max-width: 1000px) 54vw, (max-width: 1071px) 543px, 580px\" \/><\/p>\n<p><img loading=\"lazy\" decoding=\"async\" class=\"aligncenter size-full wp-image-10991\" src=\"http:\/\/www.lespolissonsdelachanson.fr\/outil\/wp-content\/uploads\/2024\/02\/Capture-decran-2024-02-14-a-22.28.00.png\" alt=\"\" width=\"1260\" height=\"928\" srcset=\"http:\/\/www.lespolissonsdelachanson.fr\/outil\/wp-content\/uploads\/2024\/02\/Capture-decran-2024-02-14-a-22.28.00.png 1260w, http:\/\/www.lespolissonsdelachanson.fr\/outil\/wp-content\/uploads\/2024\/02\/Capture-decran-2024-02-14-a-22.28.00-300x221.png 300w, http:\/\/www.lespolissonsdelachanson.fr\/outil\/wp-content\/uploads\/2024\/02\/Capture-decran-2024-02-14-a-22.28.00-1024x754.png 1024w, http:\/\/www.lespolissonsdelachanson.fr\/outil\/wp-content\/uploads\/2024\/02\/Capture-decran-2024-02-14-a-22.28.00-150x110.png 150w, http:\/\/www.lespolissonsdelachanson.fr\/outil\/wp-content\/uploads\/2024\/02\/Capture-decran-2024-02-14-a-22.28.00-768x566.png 768w\" sizes=\"auto, (max-width: 767px) 89vw, (max-width: 1000px) 54vw, (max-width: 1071px) 543px, 580px\" \/><\/p>\n<p><img loading=\"lazy\" decoding=\"async\" class=\"aligncenter size-full wp-image-10990\" src=\"http:\/\/www.lespolissonsdelachanson.fr\/outil\/wp-content\/uploads\/2024\/02\/Capture-decran-2024-02-14-a-22.27.50.png\" alt=\"\" width=\"848\" height=\"932\" srcset=\"http:\/\/www.lespolissonsdelachanson.fr\/outil\/wp-content\/uploads\/2024\/02\/Capture-decran-2024-02-14-a-22.27.50.png 848w, http:\/\/www.lespolissonsdelachanson.fr\/outil\/wp-content\/uploads\/2024\/02\/Capture-decran-2024-02-14-a-22.27.50-273x300.png 273w, http:\/\/www.lespolissonsdelachanson.fr\/outil\/wp-content\/uploads\/2024\/02\/Capture-decran-2024-02-14-a-22.27.50-136x150.png 136w, http:\/\/www.lespolissonsdelachanson.fr\/outil\/wp-content\/uploads\/2024\/02\/Capture-decran-2024-02-14-a-22.27.50-768x844.png 768w\" sizes=\"auto, (max-width: 767px) 89vw, (max-width: 1000px) 54vw, (max-width: 1071px) 543px, 580px\" \/><\/p>\n<p><img loading=\"lazy\" decoding=\"async\" class=\"aligncenter size-full wp-image-10988\" src=\"http:\/\/www.lespolissonsdelachanson.fr\/outil\/wp-content\/uploads\/2024\/02\/Capture-decran-2024-02-14-a-22.27.30.png\" alt=\"\" width=\"1244\" height=\"928\" srcset=\"http:\/\/www.lespolissonsdelachanson.fr\/outil\/wp-content\/uploads\/2024\/02\/Capture-decran-2024-02-14-a-22.27.30.png 1244w, http:\/\/www.lespolissonsdelachanson.fr\/outil\/wp-content\/uploads\/2024\/02\/Capture-decran-2024-02-14-a-22.27.30-300x224.png 300w, http:\/\/www.lespolissonsdelachanson.fr\/outil\/wp-content\/uploads\/2024\/02\/Capture-decran-2024-02-14-a-22.27.30-1024x764.png 1024w, http:\/\/www.lespolissonsdelachanson.fr\/outil\/wp-content\/uploads\/2024\/02\/Capture-decran-2024-02-14-a-22.27.30-150x112.png 150w, http:\/\/www.lespolissonsdelachanson.fr\/outil\/wp-content\/uploads\/2024\/02\/Capture-decran-2024-02-14-a-22.27.30-768x573.png 768w\" sizes=\"auto, (max-width: 767px) 89vw, (max-width: 1000px) 54vw, (max-width: 1071px) 543px, 580px\" \/><\/p>\n<p><img loading=\"lazy\" decoding=\"async\" class=\"aligncenter size-full wp-image-10987\" src=\"http:\/\/www.lespolissonsdelachanson.fr\/outil\/wp-content\/uploads\/2024\/02\/Capture-decran-2024-02-14-a-22.27.19.png\" alt=\"\" width=\"1272\" height=\"926\" srcset=\"http:\/\/www.lespolissonsdelachanson.fr\/outil\/wp-content\/uploads\/2024\/02\/Capture-decran-2024-02-14-a-22.27.19.png 1272w, http:\/\/www.lespolissonsdelachanson.fr\/outil\/wp-content\/uploads\/2024\/02\/Capture-decran-2024-02-14-a-22.27.19-300x218.png 300w, http:\/\/www.lespolissonsdelachanson.fr\/outil\/wp-content\/uploads\/2024\/02\/Capture-decran-2024-02-14-a-22.27.19-1024x745.png 1024w, http:\/\/www.lespolissonsdelachanson.fr\/outil\/wp-content\/uploads\/2024\/02\/Capture-decran-2024-02-14-a-22.27.19-150x109.png 150w, http:\/\/www.lespolissonsdelachanson.fr\/outil\/wp-content\/uploads\/2024\/02\/Capture-decran-2024-02-14-a-22.27.19-768x559.png 768w\" sizes=\"auto, (max-width: 767px) 89vw, (max-width: 1000px) 54vw, (max-width: 1071px) 543px, 580px\" \/><\/p>\n<\/div>\n<p>&nbsp;<\/p>\n<\/div>\n<\/div>\n<p>&nbsp;<\/p>\n","protected":false},"excerpt":{"rendered":"<p>JUIN 2007 : Hermine (Sarzeau) OCTOBRE 2007 : Palais des Arts (Vannes) LE COIN PRESSE La com\u00e9die musicale \u00ab L\u00e9o Ferr\u00e9 \u00bb en escale \u00e0 Vannes Le T\u00e9l\u00e9gramme, Publi\u00e9 le 24 septembre 2007 \u00e0 00h00 Les Polissons de la chanson ont cr\u00e9\u00e9, en juin 2007, leur spectacle \u00ab L\u00e9o Ferr\u00e9 \u00bb \u00e0 l&rsquo;Hermine de Sarzeau. &hellip; <\/p>\n<p class=\"link-more\"><a href=\"http:\/\/www.lespolissonsdelachanson.fr\/outil\/?page_id=10335\" class=\"more-link\">Continuer la lecture<span class=\"screen-reader-text\"> de &laquo;&nbsp;2007 L\u00e9o Ferr\u00e9&nbsp;&raquo;<\/span><\/a><\/p>\n","protected":false},"author":3,"featured_media":0,"parent":9802,"menu_order":0,"comment_status":"closed","ping_status":"closed","template":"","meta":{"ngg_post_thumbnail":0,"footnotes":""},"class_list":["post-10335","page","type-page","status-publish","hentry"],"_links":{"self":[{"href":"http:\/\/www.lespolissonsdelachanson.fr\/outil\/index.php?rest_route=\/wp\/v2\/pages\/10335","targetHints":{"allow":["GET"]}}],"collection":[{"href":"http:\/\/www.lespolissonsdelachanson.fr\/outil\/index.php?rest_route=\/wp\/v2\/pages"}],"about":[{"href":"http:\/\/www.lespolissonsdelachanson.fr\/outil\/index.php?rest_route=\/wp\/v2\/types\/page"}],"author":[{"embeddable":true,"href":"http:\/\/www.lespolissonsdelachanson.fr\/outil\/index.php?rest_route=\/wp\/v2\/users\/3"}],"replies":[{"embeddable":true,"href":"http:\/\/www.lespolissonsdelachanson.fr\/outil\/index.php?rest_route=%2Fwp%2Fv2%2Fcomments&post=10335"}],"version-history":[{"count":7,"href":"http:\/\/www.lespolissonsdelachanson.fr\/outil\/index.php?rest_route=\/wp\/v2\/pages\/10335\/revisions"}],"predecessor-version":[{"id":11084,"href":"http:\/\/www.lespolissonsdelachanson.fr\/outil\/index.php?rest_route=\/wp\/v2\/pages\/10335\/revisions\/11084"}],"up":[{"embeddable":true,"href":"http:\/\/www.lespolissonsdelachanson.fr\/outil\/index.php?rest_route=\/wp\/v2\/pages\/9802"}],"wp:attachment":[{"href":"http:\/\/www.lespolissonsdelachanson.fr\/outil\/index.php?rest_route=%2Fwp%2Fv2%2Fmedia&parent=10335"}],"curies":[{"name":"wp","href":"https:\/\/api.w.org\/{rel}","templated":true}]}}