{"id":10313,"date":"2023-01-30T08:45:58","date_gmt":"2023-01-30T07:45:58","guid":{"rendered":"http:\/\/www.lespolissonsdelachanson.fr\/outil\/?page_id=10313"},"modified":"2024-02-19T20:55:47","modified_gmt":"2024-02-19T19:55:47","slug":"2006-brassens","status":"publish","type":"page","link":"http:\/\/www.lespolissonsdelachanson.fr\/outil\/?page_id=10313","title":{"rendered":"2006 : Brassens"},"content":{"rendered":"<p><img loading=\"lazy\" decoding=\"async\" class=\"aligncenter wp-image-446 size-full\" src=\"http:\/\/www.lespolissonsdelachanson.fr\/outil\/wp-content\/uploads\/2009\/05\/affichescan001.jpg\" alt=\"\" width=\"585\" height=\"873\" srcset=\"http:\/\/www.lespolissonsdelachanson.fr\/outil\/wp-content\/uploads\/2009\/05\/affichescan001.jpg 585w, http:\/\/www.lespolissonsdelachanson.fr\/outil\/wp-content\/uploads\/2009\/05\/affichescan001-201x300.jpg 201w\" sizes=\"auto, (max-width: 585px) 100vw, 585px\" \/><\/p>\n<p>Voici 25 ans d\u00e9j\u00e0, le 29 octobre 1981, que Georges Brassens nous a \u00ab cass\u00e9 sa pipe \u00bb avant de s\u2019embarquer sur \u00ab <i>les copains d\u2019abord<\/i> \u00bb aupr\u00e8s de la plage de S\u00e8te.<br \/>\nLa richesse m\u00e9lodique, rythmique et harmonique de ses chansons est inou\u00efe.<br \/>\nBrassens travaillait parfois plusieurs ann\u00e9es une chanson pour atteindre ce haut degr\u00e9 d\u2019exigence et de recherche de la simple \u00e9vidence : \u00ab La chanson, c\u2019est comme une lettre \u00e0 un ami \u00bb disait-il. La pr\u00e9cision dans la recherche du mot juste, de la rime juste, atteint la perfection de nos grands auteurs classiques qu\u2019il aimait tant. Il a v\u00e9ritablement \u00e9lev\u00e9 la chanson \u00e0 la hauteur d\u2019un art.<br \/>\nDe \u00ab <i>la complainte des filles de joie<\/i> \u00bb \u00e0 \u00ab <i>mourir pour des id\u00e9es<\/i> \u00bb, le r\u00e9pertoire de Brassens aborde des th\u00e8mes profonds avec toujours une finesse d\u2019esprit et une pointe d\u2019humour qui sont sa signature. Le \u00ab polisson de la chanson \u00bb, comme il se nomme lui-m\u00eame a dress\u00e9 une galerie de portraits qui nous pr\u00e9sente Hector, P\u00e9n\u00e9lope, Saturne, Martin, Jeanne et les dames du temps jadis, le fossoyeur ou l\u2019Auvergnat.<br \/>\nBrassens est un grand iconoclaste qui \u00ab essaie de faire rire doucement, d\u2019\u00e9mouvoir un petit peu \u00bb, \u00ab pour ne pas d\u00e9ranger les gens \u00bb.<br \/>\nL\u2019histoire commence le jour du mariage d\u2019Hector avec P\u00e9n\u00e9lope\u2026mais chez Brassens tous les mariages ne passent pas toujours comme pr\u00e9vu ; Saturne est l\u00e0 qui s\u2019amuse \u00e0 bousculer les roses ! \u2026<br \/>\n<i>Andr\u00e9 Forner<\/i><\/p>\n<p><img loading=\"lazy\" decoding=\"async\" class=\"aligncenter size-full wp-image-11114\" src=\"http:\/\/www.lespolissonsdelachanson.fr\/outil\/wp-content\/uploads\/2024\/02\/Capture-decran-2024-02-19-a-20.51.40.png\" alt=\"\" width=\"1222\" height=\"914\" srcset=\"http:\/\/www.lespolissonsdelachanson.fr\/outil\/wp-content\/uploads\/2024\/02\/Capture-decran-2024-02-19-a-20.51.40.png 1222w, http:\/\/www.lespolissonsdelachanson.fr\/outil\/wp-content\/uploads\/2024\/02\/Capture-decran-2024-02-19-a-20.51.40-300x224.png 300w, http:\/\/www.lespolissonsdelachanson.fr\/outil\/wp-content\/uploads\/2024\/02\/Capture-decran-2024-02-19-a-20.51.40-1024x766.png 1024w, http:\/\/www.lespolissonsdelachanson.fr\/outil\/wp-content\/uploads\/2024\/02\/Capture-decran-2024-02-19-a-20.51.40-150x112.png 150w, http:\/\/www.lespolissonsdelachanson.fr\/outil\/wp-content\/uploads\/2024\/02\/Capture-decran-2024-02-19-a-20.51.40-768x574.png 768w\" sizes=\"auto, (max-width: 767px) 89vw, (max-width: 1000px) 54vw, (max-width: 1071px) 543px, 580px\" \/><\/p>\n<p><img loading=\"lazy\" decoding=\"async\" class=\"aligncenter size-full wp-image-11115\" src=\"http:\/\/www.lespolissonsdelachanson.fr\/outil\/wp-content\/uploads\/2024\/02\/Capture-decran-2024-02-19-a-20.51.56.png\" alt=\"\" width=\"1228\" height=\"918\" srcset=\"http:\/\/www.lespolissonsdelachanson.fr\/outil\/wp-content\/uploads\/2024\/02\/Capture-decran-2024-02-19-a-20.51.56.png 1228w, http:\/\/www.lespolissonsdelachanson.fr\/outil\/wp-content\/uploads\/2024\/02\/Capture-decran-2024-02-19-a-20.51.56-300x224.png 300w, http:\/\/www.lespolissonsdelachanson.fr\/outil\/wp-content\/uploads\/2024\/02\/Capture-decran-2024-02-19-a-20.51.56-1024x765.png 1024w, http:\/\/www.lespolissonsdelachanson.fr\/outil\/wp-content\/uploads\/2024\/02\/Capture-decran-2024-02-19-a-20.51.56-150x112.png 150w, http:\/\/www.lespolissonsdelachanson.fr\/outil\/wp-content\/uploads\/2024\/02\/Capture-decran-2024-02-19-a-20.51.56-768x574.png 768w\" sizes=\"auto, (max-width: 767px) 89vw, (max-width: 1000px) 54vw, (max-width: 1071px) 543px, 580px\" \/><\/p>\n<p><em><strong>LE COIN PRESSE<\/strong><\/em><\/p>\n<figure id=\"attachment_11017\" aria-describedby=\"caption-attachment-11017\" style=\"width: 1174px\" class=\"wp-caption aligncenter\"><img loading=\"lazy\" decoding=\"async\" class=\"wp-image-11017 size-full\" src=\"http:\/\/www.lespolissonsdelachanson.fr\/outil\/wp-content\/uploads\/2024\/02\/Capture-decran-2024-02-14-a-22.59.52.png\" alt=\"\" width=\"1174\" height=\"926\" srcset=\"http:\/\/www.lespolissonsdelachanson.fr\/outil\/wp-content\/uploads\/2024\/02\/Capture-decran-2024-02-14-a-22.59.52.png 1174w, http:\/\/www.lespolissonsdelachanson.fr\/outil\/wp-content\/uploads\/2024\/02\/Capture-decran-2024-02-14-a-22.59.52-300x237.png 300w, http:\/\/www.lespolissonsdelachanson.fr\/outil\/wp-content\/uploads\/2024\/02\/Capture-decran-2024-02-14-a-22.59.52-1024x808.png 1024w, http:\/\/www.lespolissonsdelachanson.fr\/outil\/wp-content\/uploads\/2024\/02\/Capture-decran-2024-02-14-a-22.59.52-150x118.png 150w, http:\/\/www.lespolissonsdelachanson.fr\/outil\/wp-content\/uploads\/2024\/02\/Capture-decran-2024-02-14-a-22.59.52-768x606.png 768w\" sizes=\"auto, (max-width: 767px) 89vw, (max-width: 1000px) 54vw, (max-width: 1071px) 543px, 580px\" \/><figcaption id=\"caption-attachment-11017\" class=\"wp-caption-text\">le mensuel du golfe<\/figcaption><\/figure>\n<ul>\n<li><img loading=\"lazy\" decoding=\"async\" class=\"aligncenter size-full wp-image-11015\" src=\"http:\/\/www.lespolissonsdelachanson.fr\/outil\/wp-content\/uploads\/2024\/02\/Capture-decran-2024-02-14-a-23.00.07.png\" alt=\"\" width=\"1122\" height=\"930\" srcset=\"http:\/\/www.lespolissonsdelachanson.fr\/outil\/wp-content\/uploads\/2024\/02\/Capture-decran-2024-02-14-a-23.00.07.png 1122w, http:\/\/www.lespolissonsdelachanson.fr\/outil\/wp-content\/uploads\/2024\/02\/Capture-decran-2024-02-14-a-23.00.07-300x249.png 300w, http:\/\/www.lespolissonsdelachanson.fr\/outil\/wp-content\/uploads\/2024\/02\/Capture-decran-2024-02-14-a-23.00.07-1024x849.png 1024w, http:\/\/www.lespolissonsdelachanson.fr\/outil\/wp-content\/uploads\/2024\/02\/Capture-decran-2024-02-14-a-23.00.07-150x124.png 150w, http:\/\/www.lespolissonsdelachanson.fr\/outil\/wp-content\/uploads\/2024\/02\/Capture-decran-2024-02-14-a-23.00.07-768x637.png 768w\" sizes=\"auto, (max-width: 767px) 89vw, (max-width: 1000px) 54vw, (max-width: 1071px) 543px, 580px\" \/><\/li>\n<\/ul>\n<p>Le T\u00e9l\u00e9gramme<\/p>\n<header class=\"article__header\">\n<h1 class=\"article__header__title\">Les Polissons de la chanson en concert \u00e0 Saint-Av\u00e9<\/h1>\n<p><span class=\"article__header__date\">Publi\u00e9 le 19 septembre 2006 \u00e0 00h00<\/span><\/p>\n<\/header>\n<p><span style=\"color: #666666; font-size: 1.25rem;\">Suite au succ\u00e8s remport\u00e9 par les deux repr\u00e9sentations de la com\u00e9die musicale \u00ab Brassens \u00bb \u00e0 l&rsquo;Hermine \u00e0 Sarzeau les 2 et 3 juin dernier, la troupe d&rsquo;Andr\u00e9 Forner, qui vient de se baptiser du nom de \u00ab Les polissons de la chanson \u00bb, en hommage \u00e0<\/span><\/p>\n<div class=\"article__main__wrapper\">\n<div class=\"article__wrapper__content\">\n<div class=\"article__content noscript \"><span class=\"lettrine\">S<\/span>uite au succ\u00e8s remport\u00e9 par les deux repr\u00e9sentations de la com\u00e9die musicale \u00ab Brassens \u00bb \u00e0 l&rsquo;Hermine \u00e0 Sarzeau les 2 et 3 juin dernier, la troupe d&rsquo;Andr\u00e9 Forner, qui vient de se baptiser du nom de \u00ab Les polissons de la chanson \u00bb, en hommage \u00e0 Brassens, va reprendre, au D\u00f4me, \u00e0 Saint-Av\u00e9, le chemin de la sc\u00e8ne pour trois repr\u00e9sentations suppl\u00e9mentaires. Cette troupe est invit\u00e9e par la Compagnie L&rsquo;Arche qui a remport\u00e9 un grand succ\u00e8s au printemps dernier lors de six repr\u00e9sentations combles avec \u00ab Brel, l&rsquo;inaccessible \u00e9toile \u00bb dans une cr\u00e9ation d&rsquo;Andr\u00e9 Forner qui dirige les deux troupes. La troupe a d\u00e9cid\u00e9 de proposer ces trois repr\u00e9sentations suppl\u00e9mentaires au public qui n&rsquo;avait pas eu la chance de trouver une place au mois de juin dernier. Elles auront lieu les vendredis 22 et samedi 23 septembre \u00e0 20 h 30 chaque jour puis le dimanche 24 septembre \u00e0 16 h. Les billets d&rsquo;entr\u00e9e sont en vente dans les quatre points de vente suivants : Espace temps Intermarch\u00e9 S\u00e9n\u00e9, Paroles et musiques Vannes, Maison du Tourisme \u00e0 Saint-Colombier et \u00e0 l&rsquo;office de tourisme de Sarzeau.<\/div>\n<\/div>\n<div class=\"article__wrapper__pub sticky\">\n<div id=\"pub_dfp_droite_haute\">&nbsp;<\/div>\n<\/div>\n<\/div>\n<section class=\"articleSettings\">\n<ul class=\"articleSettings__listing\">\n<li class=\"articleSettings__item\"><img loading=\"lazy\" decoding=\"async\" class=\"aligncenter size-full wp-image-11012\" src=\"http:\/\/www.lespolissonsdelachanson.fr\/outil\/wp-content\/uploads\/2024\/02\/Capture-decran-2024-02-14-a-23.00.19.png\" alt=\"\" width=\"1214\" height=\"902\" srcset=\"http:\/\/www.lespolissonsdelachanson.fr\/outil\/wp-content\/uploads\/2024\/02\/Capture-decran-2024-02-14-a-23.00.19.png 1214w, http:\/\/www.lespolissonsdelachanson.fr\/outil\/wp-content\/uploads\/2024\/02\/Capture-decran-2024-02-14-a-23.00.19-300x223.png 300w, http:\/\/www.lespolissonsdelachanson.fr\/outil\/wp-content\/uploads\/2024\/02\/Capture-decran-2024-02-14-a-23.00.19-1024x761.png 1024w, http:\/\/www.lespolissonsdelachanson.fr\/outil\/wp-content\/uploads\/2024\/02\/Capture-decran-2024-02-14-a-23.00.19-150x111.png 150w, http:\/\/www.lespolissonsdelachanson.fr\/outil\/wp-content\/uploads\/2024\/02\/Capture-decran-2024-02-14-a-23.00.19-768x571.png 768w\" sizes=\"auto, (max-width: 767px) 89vw, (max-width: 1000px) 54vw, (max-width: 1071px) 543px, 580px\" \/><\/li>\n<li><img loading=\"lazy\" decoding=\"async\" class=\"aligncenter size-full wp-image-11019\" src=\"http:\/\/www.lespolissonsdelachanson.fr\/outil\/wp-content\/uploads\/2024\/02\/Capture-decran-2024-02-14-a-22.59.04.png\" alt=\"\" width=\"666\" height=\"930\" srcset=\"http:\/\/www.lespolissonsdelachanson.fr\/outil\/wp-content\/uploads\/2024\/02\/Capture-decran-2024-02-14-a-22.59.04.png 666w, http:\/\/www.lespolissonsdelachanson.fr\/outil\/wp-content\/uploads\/2024\/02\/Capture-decran-2024-02-14-a-22.59.04-215x300.png 215w, http:\/\/www.lespolissonsdelachanson.fr\/outil\/wp-content\/uploads\/2024\/02\/Capture-decran-2024-02-14-a-22.59.04-107x150.png 107w\" sizes=\"auto, (max-width: 666px) 100vw, 666px\" \/><\/li>\n<\/ul>\n<\/section>\n<p><img loading=\"lazy\" decoding=\"async\" class=\"aligncenter size-full wp-image-11021\" src=\"http:\/\/www.lespolissonsdelachanson.fr\/outil\/wp-content\/uploads\/2024\/02\/Capture-decran-2024-02-14-a-22.58.54.png\" alt=\"\" width=\"1278\" height=\"538\" srcset=\"http:\/\/www.lespolissonsdelachanson.fr\/outil\/wp-content\/uploads\/2024\/02\/Capture-decran-2024-02-14-a-22.58.54.png 1278w, http:\/\/www.lespolissonsdelachanson.fr\/outil\/wp-content\/uploads\/2024\/02\/Capture-decran-2024-02-14-a-22.58.54-300x126.png 300w, http:\/\/www.lespolissonsdelachanson.fr\/outil\/wp-content\/uploads\/2024\/02\/Capture-decran-2024-02-14-a-22.58.54-1024x431.png 1024w, http:\/\/www.lespolissonsdelachanson.fr\/outil\/wp-content\/uploads\/2024\/02\/Capture-decran-2024-02-14-a-22.58.54-150x63.png 150w, http:\/\/www.lespolissonsdelachanson.fr\/outil\/wp-content\/uploads\/2024\/02\/Capture-decran-2024-02-14-a-22.58.54-768x323.png 768w\" sizes=\"auto, (max-width: 767px) 89vw, (max-width: 1000px) 54vw, (max-width: 1071px) 543px, 580px\" \/><\/p>\n<p><img loading=\"lazy\" decoding=\"async\" class=\"aligncenter size-full wp-image-11022\" src=\"http:\/\/www.lespolissonsdelachanson.fr\/outil\/wp-content\/uploads\/2024\/02\/Capture-decran-2024-02-14-a-22.58.42.png\" alt=\"\" width=\"1278\" height=\"766\" srcset=\"http:\/\/www.lespolissonsdelachanson.fr\/outil\/wp-content\/uploads\/2024\/02\/Capture-decran-2024-02-14-a-22.58.42.png 1278w, http:\/\/www.lespolissonsdelachanson.fr\/outil\/wp-content\/uploads\/2024\/02\/Capture-decran-2024-02-14-a-22.58.42-300x180.png 300w, http:\/\/www.lespolissonsdelachanson.fr\/outil\/wp-content\/uploads\/2024\/02\/Capture-decran-2024-02-14-a-22.58.42-1024x614.png 1024w, http:\/\/www.lespolissonsdelachanson.fr\/outil\/wp-content\/uploads\/2024\/02\/Capture-decran-2024-02-14-a-22.58.42-150x90.png 150w, http:\/\/www.lespolissonsdelachanson.fr\/outil\/wp-content\/uploads\/2024\/02\/Capture-decran-2024-02-14-a-22.58.42-768x460.png 768w\" sizes=\"auto, (max-width: 767px) 89vw, (max-width: 1000px) 54vw, (max-width: 1071px) 543px, 580px\" \/><\/p>\n<p>&nbsp;<\/p>\n","protected":false},"excerpt":{"rendered":"<p>Voici 25 ans d\u00e9j\u00e0, le 29 octobre 1981, que Georges Brassens nous a \u00ab cass\u00e9 sa pipe \u00bb avant de s\u2019embarquer sur \u00ab les copains d\u2019abord \u00bb aupr\u00e8s de la plage de S\u00e8te. La richesse m\u00e9lodique, rythmique et harmonique de ses chansons est inou\u00efe. Brassens travaillait parfois plusieurs ann\u00e9es une chanson pour atteindre ce haut &hellip; <\/p>\n<p class=\"link-more\"><a href=\"http:\/\/www.lespolissonsdelachanson.fr\/outil\/?page_id=10313\" class=\"more-link\">Continuer la lecture<span class=\"screen-reader-text\"> de &laquo;&nbsp;2006 : Brassens&nbsp;&raquo;<\/span><\/a><\/p>\n","protected":false},"author":3,"featured_media":0,"parent":9802,"menu_order":0,"comment_status":"closed","ping_status":"closed","template":"","meta":{"ngg_post_thumbnail":0,"footnotes":""},"class_list":["post-10313","page","type-page","status-publish","hentry"],"_links":{"self":[{"href":"http:\/\/www.lespolissonsdelachanson.fr\/outil\/index.php?rest_route=\/wp\/v2\/pages\/10313","targetHints":{"allow":["GET"]}}],"collection":[{"href":"http:\/\/www.lespolissonsdelachanson.fr\/outil\/index.php?rest_route=\/wp\/v2\/pages"}],"about":[{"href":"http:\/\/www.lespolissonsdelachanson.fr\/outil\/index.php?rest_route=\/wp\/v2\/types\/page"}],"author":[{"embeddable":true,"href":"http:\/\/www.lespolissonsdelachanson.fr\/outil\/index.php?rest_route=\/wp\/v2\/users\/3"}],"replies":[{"embeddable":true,"href":"http:\/\/www.lespolissonsdelachanson.fr\/outil\/index.php?rest_route=%2Fwp%2Fv2%2Fcomments&post=10313"}],"version-history":[{"count":8,"href":"http:\/\/www.lespolissonsdelachanson.fr\/outil\/index.php?rest_route=\/wp\/v2\/pages\/10313\/revisions"}],"predecessor-version":[{"id":11116,"href":"http:\/\/www.lespolissonsdelachanson.fr\/outil\/index.php?rest_route=\/wp\/v2\/pages\/10313\/revisions\/11116"}],"up":[{"embeddable":true,"href":"http:\/\/www.lespolissonsdelachanson.fr\/outil\/index.php?rest_route=\/wp\/v2\/pages\/9802"}],"wp:attachment":[{"href":"http:\/\/www.lespolissonsdelachanson.fr\/outil\/index.php?rest_route=%2Fwp%2Fv2%2Fmedia&parent=10313"}],"curies":[{"name":"wp","href":"https:\/\/api.w.org\/{rel}","templated":true}]}}